{"id":1802,"date":"2021-01-21T20:39:55","date_gmt":"2021-01-22T01:39:55","guid":{"rendered":"https:\/\/pixcell.co\/recrutement-de-cadres-dans-le-secteur-public-et-parapublic\/"},"modified":"2026-01-27T11:16:20","modified_gmt":"2026-01-27T16:16:20","slug":"public-and-parapublic","status":"publish","type":"page","link":"https:\/\/pixcell.co\/en\/public-and-parapublic\/","title":{"rendered":"Public &#038; Parapublic Industry"},"content":{"rendered":"\n<h1>\n\t\t\tHiring executives in the public and parapublic sectors\t<\/h1>\n<h3>\n\t\t\tLeaders Recruiting Leaders\t<\/h3>\n\t\t\t\t<a href=\"#section_information_technology\"  target=\"_self\" itemprop=\"url\">\n\t\t\t\t<img decoding=\"async\" src=\"https:\/\/pixcell.co\/wp-content\/uploads\/2021\/01\/fleche-vers-le-bas.png\" alt=\"fleche vers le bas\" itemprop=\"image\" height=\"52\" width=\"32\" title=\"fleche vers le bas\" onerror=\"this.style.display='none'\" loading=\"lazy\" \/>\n\t\t\t\t<\/a>\n<h3>\n\t\t\tSEARCHING FOR TALENT?\t<\/h3>\n<h5>\n\t\t\tWE CAN HELP\t<\/h5>\n\t<div class=\"frm_forms  with_frm_style frm_style_formidable-style\" id=\"frm_form_5_container\" >\n<form enctype=\"multipart\/form-data\" method=\"post\" class=\"frm-show-form frm_information-technology frm_js_validate  frm_ajax_submit  frm_pro_form \" id=\"form_informationtechnologydigitaltransofrmation3b7c05cf80\" >\n<div class=\"frm_form_fields \">\n<fieldset>\n<legend class=\"frm_screen_reader\">Industry page form - EN<\/legend>\r\n\r\n<div class=\"frm_fields_container\">\n<input type=\"hidden\" name=\"frm_action\" value=\"create\" \/>\n<input type=\"hidden\" name=\"form_id\" value=\"5\" \/>\n<input type=\"hidden\" name=\"frm_hide_fields_5\" id=\"frm_hide_fields_5\" value=\"\" \/>\n<input type=\"hidden\" name=\"form_key\" value=\"informationtechnologydigitaltransofrmation3b7c05cf80\" \/>\n<input type=\"hidden\" name=\"item_meta[0]\" value=\"\" \/>\n<input type=\"hidden\" id=\"frm_submit_entry_5\" name=\"frm_submit_entry_5\" value=\"66c3c2189f\" \/><input type=\"hidden\" name=\"_wp_http_referer\" value=\"\/en\/wp-json\/wp\/v2\/pages\/1802\" \/><div id=\"frm_field_42_container\" class=\"frm_form_field form-field  frm_required_field frm_top_container frm12\">\r\n    <label for=\"field_u7pr9430971975\" id=\"field_u7pr9430971975_label\" class=\"frm_primary_label\">Name\r\n        <span class=\"frm_required\">*<\/span>\r\n    <\/label>\r\n    <input  type=\"text\" id=\"field_u7pr9430971975\" name=\"item_meta[42]\" value=\"\"  data-reqmsg=\"Name cannot be blank.\" aria-required=\"true\" data-invmsg=\"Text is invalid\" aria-invalid=\"false\"   \/>\r\n    \r\n    \r\n<\/div>\n<div id=\"frm_field_43_container\" class=\"frm_form_field form-field  frm_required_field frm_top_container frm12\">\r\n    <label for=\"field_742aa383fd7f446\" id=\"field_742aa383fd7f446_label\" class=\"frm_primary_label\">Telephone\r\n        <span class=\"frm_required\">*<\/span>\r\n    <\/label>\r\n    <input type=\"tel\" id=\"field_742aa383fd7f446\" name=\"item_meta[43]\" value=\"\"  data-reqmsg=\"Telephone cannot be blank.\" aria-required=\"true\" data-invmsg=\"Phone is invalid\" aria-invalid=\"false\" pattern=\"((\\+\\d{1,3}(-|.| )?\\(?\\d\\)?(-| |.)?\\d{1,5})|(\\(?\\d{2,6}\\)?))(-|.| )?(\\d{3,4})(-|.| )?(\\d{4})(( x| ext)\\d{1,5}){0,1}$\"  \/>\r\n    \r\n    \r\n<\/div>\n<div id=\"frm_field_44_container\" class=\"frm_form_field form-field  frm_required_field frm_top_container frm12\">\r\n    <label for=\"field_3jw770898b4246b\" id=\"field_3jw770898b4246b_label\" class=\"frm_primary_label\">Email\r\n        <span class=\"frm_required\">*<\/span>\r\n    <\/label>\r\n    <input type=\"email\" id=\"field_3jw770898b4246b\" name=\"item_meta[44]\" value=\"\"  data-reqmsg=\"Email cannot be blank.\" aria-required=\"true\" data-invmsg=\"Email is invalid\" aria-invalid=\"false\"  \/>\r\n    \r\n    \r\n<\/div>\n<div id=\"frm_field_45_container\" class=\"frm_form_field form-field  frm_required_field frm_top_container frm12\">\r\n    <label for=\"field_hvgfze43edcec3f\" id=\"field_hvgfze43edcec3f_label\" class=\"frm_primary_label\">Message\r\n        <span class=\"frm_required\">*<\/span>\r\n    <\/label>\r\n    <textarea name=\"item_meta[45]\" id=\"field_hvgfze43edcec3f\" rows=\"2\"  data-reqmsg=\"Message cannot be blank.\" aria-required=\"true\" data-invmsg=\"Message is invalid\" aria-invalid=\"false\"  ><\/textarea>\r\n    \r\n    \r\n<\/div>\n<input type=\"hidden\" name=\"item_meta[46]\" id=\"field_skqn7b5baf26bfc\" value=\"Public &amp; Parapublic Industry\"  data-frmval=\"Public &amp; Parapublic Industry\"   \/>\n<input type=\"hidden\" name=\"item_meta[47]\" id=\"field_3mdtf1c1c9054a8\" value=\"\/en\/wp-json\/wp\/v2\/pages\/1802\"  data-frmval=\"\/en\/wp-json\/wp\/v2\/pages\/1802\"   \/>\n<input type=\"hidden\" name=\"item_meta[48]\" id=\"field_7eshj513cada4f0\" value=\"en\"  data-frmval=\"en\"   \/>\n<div id=\"frm_field_51_container\" class=\"frm_form_field form-field  frm_none_container\">\r\n    <label for=\"h-captcha-response\" id=\"field_jsg8z_label\" class=\"frm_primary_label\">\r\n        <span class=\"frm_required\"><\/span>\r\n    <\/label>\r\n    <div  id=\"field_jsg8z\" class=\"cf-turnstile\" data-sitekey=\"0x4AAAAAAA9VyvgRrtoAruVM\" data-size=\"normal\" data-theme=\"light\"><\/div>\r\n    \r\n    \r\n<\/div>\n<div id=\"frm_field_54_container\" class=\"frm_form_field form-field \">\r\n\t<div class=\"frm_submit\">\r\n\r\n<button class=\"frm_button_submit frm_final_submit\" type=\"submit\"   formnovalidate=\"formnovalidate\">Submit<\/button>\r\n\r\n<\/div>\r\n<\/div>\n\t<input type=\"hidden\" name=\"item_key\" value=\"\" \/>\n\t\t\t<div id=\"frm_field_57_container\">\n\t\t\t<label for=\"field_3gf8y\" >\n\t\t\t\tIf you are human, leave this field blank.\t\t\t<\/label>\n\t\t\t<input  id=\"field_3gf8y\" type=\"text\" class=\"frm_form_field form-field frm_verify\" name=\"item_meta[57]\" value=\"\"  \/>\n\t\t<\/div>\n\t\t<input name=\"frm_state\" type=\"hidden\" value=\"MTvtr\/XptmGFSF+tAuaXAJJc6UlXQ2lfZcTF4nrv4Fxblk8jEIjio9hQmq5bvJ5P\" \/><\/div>\n<\/fieldset>\n<\/div>\n\n<\/form>\n<\/div>\n\n<h2>\n\t\t\tRising to the challenge with a team of agile, visionary managers\t<\/h2>\n\t<p>Organizations in the parapublic sector face challenges in financing their operations and are largely dependent on government decisions and other precarious sources of external funding. Parapublic companies have relatively limited budgets compared to the private sector, which can be a major hindrance to recruiting experienced executives.<\/p>\n<p>Such companies do not exist to maximize their profits, but to serve the public and improve their lives through programs and services that meet their needs.<\/p>\n<p>The other main challenge lies in recruiting and retaining qualified staff, as well as ensuring collaboration between companies and labour groups. Parapublic organizations are often subject to more rules and bureaucracy than private ones, which can complicate managerial decision-making.<\/p>\n\t\t\t\t<img decoding=\"async\" src=\"https:\/\/pixcell.co\/wp-content\/uploads\/2021\/01\/agence-de-recrutement-transformation-numerique-image.png\" alt=\"agence de recrutement transformation numerique image\" itemprop=\"image\" height=\"338\" width=\"290\" title=\"agence de recrutement transformation numerique image\" onerror=\"this.style.display='none'\" loading=\"lazy\" \/>\n<h2>\n\t\t\tPara-public organizations: the specific challenges of executive search in this key industry \t<\/h2>\n\t<p>Looking to hire a manager who can identify risks and opportunities while carrying out your parapublic organization&#8217;s mission? Learn more about the key roles that your company needs to do this with PIXCELL, <a href=\"https:\/\/pixcell.co\/en\/montreal-headhunters\/#Public-&amp;-Quasi-Public\">Montreal&#8217;s top public and quasi-public\u00a0executive search firm<\/a>.<\/p>\n<h2>\n\t\t\tThree executive roles with high potential value to parapublic companies\t<\/h2>\n\t<h3><b>Director of Information Technology on a board of directors<\/b><\/h3>\n<p>&nbsp;<\/p>\n<p>These executives take part in implementing new technologies and innovations, analyzing data, supervising digital project managers and improving service processes to facilitate decision-making and help their organizations achieve their goals.<\/p>\n<p>Among other hurdles, these executives must overcome the technological delay often experienced by parapublic companies with few financial resources. These directors must bridge the gaps between the many parties affected by digital processes-particularly finance, communications and operations-to secure strategies and assess the feasibility of both company-wide and division-specific projects.<\/p>\n\t<h3>Director of Finance for an organization<\/h3>\n<p>&nbsp;<\/p>\n<p>These leaders oversee budgetary planning and control, initiate and assess applications for third-party funding, and orchestrate the growth of para-governmental organizations. These highly accountable executives are also called upon to work with all divisions of their respective organizations.<\/p>\n<p>The most important of this role&#8217;s many responsibilities are to ensure financial sustainability and create value while supporting daily operations.<\/p>\n\t<h3>Chief Communications Officer for a municipal office<\/h3>\n<p>&nbsp;<\/p>\n<p>Access to funding also depends greatly on a parapublic company&#8217;s communication strategy and relationships with external partners.<\/p>\n<p>Communications executives must not only submit and manage robust plans for conveying the values and key messages of parapublic companies, but also help to coordinate all company communications to distinct target audiences, from an organization&#8217;s executive committee to the members of the public who use its services.<\/p>\n<h2>\n\t\t\tRecruit seasoned, experienced executives with PIXCELL, a headhunting and executive search firm\t<\/h2>\n\t<p>Para-governmental companies have social responsibilities and require compassionate, skilled executives and management teams with specific qualifications: broad, clear and inclusive vision, a thirst for challenge, well-honed leadership skills, proactive leadership, a sense of organization, a strong interest in planning and rigorous management of resources, budgets and schedules, good team spirit and more. These executives must also demonstrate proven competencies in firm negotiation and be comfortable in the face of uncertainty, as they will frequently be required to double back, adapt and uproot to live in different areas of Quebec or Canada outside of major urban centres.<\/p>\n<p>Finally, because these leaders must face challenges in the short, medium and long term, it is paramount that they have an intimate knowledge of the industry in which they operate and possess the key managerial skills to successfully carry out the social missions with which they are charged.<\/p>\n<p><strong>By calling upon an executive search firm such as PIXCELL, parapublic organizations can be sure to recruit the best candidates to join their ranks and become strategic assets in their continued operations and growth.<\/strong><\/p>\n<p>&nbsp;<\/p>\n<h2>\n\t\t\tIndustry Expertise\t<\/h2>\n\t\t\t\t<img decoding=\"async\" src=\"https:\/\/pixcell.co\/wp-content\/uploads\/2020\/09\/information-technology.jpg\" alt=\"information-technology\" itemprop=\"image\" height=\"285\" width=\"589\" title=\"information-technology\" onerror=\"this.style.display='none'\" loading=\"lazy\" \/>\n<h3>\n\t\t\tInformation Technology &#038; Digital Transformation\t<\/h3>\n\t\t\t<a href=\"https:\/\/pixcell.co\/en\/the-pixcell-information-techology\/\" target=\"_self\">\n\t\t\t\t\t\t\tLearn More\n\t\t\t\t\t<\/a>\n<h3>\n\t\t\tManufacturing &#038; Enginering\t<\/h3>\n\t\t\t<a href=\"\" target=\"_self\">\n\t\t\t\t\t\t\tLearn More\n\t\t\t\t\t<\/a>\n\t\t\t\t<img decoding=\"async\" src=\"https:\/\/pixcell.co\/wp-content\/uploads\/2020\/09\/manufacturing-enginering.jpg\" alt=\"manufacturing-enginering\" itemprop=\"image\" height=\"285\" width=\"589\" title=\"manufacturing-enginering\" onerror=\"this.style.display='none'\" loading=\"lazy\" \/>\n\t\t\t\t<img decoding=\"async\" src=\"https:\/\/pixcell.co\/wp-content\/uploads\/2020\/09\/retaildistribution.jpg\" alt=\"retail&amp;distribution\" itemprop=\"image\" height=\"285\" width=\"387\" title=\"retail&amp;distribution\" onerror=\"this.style.display='none'\" loading=\"lazy\" \/>\n<h3>\n\t\t\tRetail &#038; Distribution\t<\/h3>\n\t\t\t<a href=\"\" target=\"_self\">\n\t\t\t\t\t\t\tLearn More\n\t\t\t\t\t<\/a>\n<h3>\n\t\t\tReal Estate &#038; Construction\t<\/h3>\n\t\t\t<a href=\"\" target=\"_self\">\n\t\t\t\t\t\t\tLearn More\n\t\t\t\t\t<\/a>\n\t\t\t\t<img decoding=\"async\" src=\"https:\/\/pixcell.co\/wp-content\/uploads\/2020\/09\/real-estate.jpg\" alt=\"real-estate\" itemprop=\"image\" height=\"285\" width=\"387\" title=\"real-estate\" onerror=\"this.style.display='none'\" loading=\"lazy\" \/>\n\t\t\t\t<img decoding=\"async\" src=\"https:\/\/pixcell.co\/wp-content\/uploads\/2020\/09\/finance.jpg\" alt=\"finance\" itemprop=\"image\" height=\"285\" width=\"387\" title=\"finance\" onerror=\"this.style.display='none'\" loading=\"lazy\" \/>\n<h3>\n\t\t\tFinance\t<\/h3>\n\t\t\t<a href=\"\" target=\"_self\">\n\t\t\t\t\t\t\tLearn More\n\t\t\t\t\t<\/a>\n\n","protected":false},"excerpt":{"rendered":"<p>Hiring executives in the public and parapublic sectors Leaders Recruiting Leaders SEARCHING FOR TALENT? WE CAN HELP Rising to the challenge with a team of agile, visionary managers Organizations in the parapublic sector face challenges in financing their operations and are largely dependent on government decisions and other precarious sources of external funding. Parapublic companies have relatively limited budgets compared to the private sector, which can be a major hindranceRead More<\/p>\n","protected":false},"author":1,"featured_media":0,"parent":0,"menu_order":0,"comment_status":"closed","ping_status":"closed","template":"","meta":{"_acf_changed":false,"footnotes":""},"class_list":["post-1802","page","type-page","status-publish","hentry"],"acf":[],"yoast_head":"<!-- This site is optimized with the Yoast SEO plugin v25.8 - https:\/\/yoast.com\/wordpress\/plugins\/seo\/ -->\n<title>Public &amp; Parapublic Sector Headhunters | Executive Search Firm | Pixcell<\/title>\n<meta name=\"description\" content=\"Looking to hire a manager who can identify risks and opportunities while carrying out your parapublic organization\u2019s mission? Learn more about the key roles that your company needs to do this with PIXCELL, Montreal\u2019s top executive search firm.\" \/>\n<meta name=\"robots\" content=\"index, follow, max-snippet:-1, max-image-preview:large, max-video-preview:-1\" \/>\n<link rel=\"canonical\" href=\"https:\/\/pixcell.co\/en\/public-and-parapublic\/\" \/>\n<meta property=\"og:locale\" content=\"en_US\" \/>\n<meta property=\"og:type\" content=\"article\" \/>\n<meta property=\"og:title\" content=\"Public &amp; Parapublic Sector Headhunters | Executive Search Firm | Pixcell\" \/>\n<meta property=\"og:description\" content=\"Looking to hire a manager who can identify risks and opportunities while carrying out your parapublic organization\u2019s mission? Learn more about the key roles that your company needs to do this with PIXCELL, Montreal\u2019s top executive search firm.\" \/>\n<meta property=\"og:url\" content=\"https:\/\/pixcell.co\/en\/public-and-parapublic\/\" \/>\n<meta property=\"og:site_name\" content=\"PIXCELL\" \/>\n<meta property=\"article:modified_time\" content=\"2026-01-27T16:16:20+00:00\" \/>\n<meta property=\"og:image\" content=\"https:\/\/pixcell.co\/wp-content\/uploads\/2021\/01\/fleche-vers-le-bas.png\" \/>\n<meta name=\"twitter:card\" content=\"summary_large_image\" \/>\n<meta name=\"twitter:label1\" content=\"Est. reading time\" \/>\n\t<meta name=\"twitter:data1\" content=\"3 minutes\" \/>\n<!-- \/ Yoast SEO plugin. -->","yoast_head_json":{"title":"Public & Parapublic Sector Headhunters | Executive Search Firm | Pixcell","description":"Looking to hire a manager who can identify risks and opportunities while carrying out your parapublic organization\u2019s mission? Learn more about the key roles that your company needs to do this with PIXCELL, Montreal\u2019s top executive search firm.","robots":{"index":"index","follow":"follow","max-snippet":"max-snippet:-1","max-image-preview":"max-image-preview:large","max-video-preview":"max-video-preview:-1"},"canonical":"https:\/\/pixcell.co\/en\/public-and-parapublic\/","og_locale":"en_US","og_type":"article","og_title":"Public & Parapublic Sector Headhunters | Executive Search Firm | Pixcell","og_description":"Looking to hire a manager who can identify risks and opportunities while carrying out your parapublic organization\u2019s mission? Learn more about the key roles that your company needs to do this with PIXCELL, Montreal\u2019s top executive search firm.","og_url":"https:\/\/pixcell.co\/en\/public-and-parapublic\/","og_site_name":"PIXCELL","article_modified_time":"2026-01-27T16:16:20+00:00","og_image":[{"url":"https:\/\/pixcell.co\/wp-content\/uploads\/2021\/01\/fleche-vers-le-bas.png","type":"","width":"","height":""}],"twitter_card":"summary_large_image","twitter_misc":{"Est. reading time":"3 minutes"},"schema":{"@context":"https:\/\/schema.org","@graph":[{"@type":"WebPage","@id":"https:\/\/pixcell.co\/en\/public-and-parapublic\/","url":"https:\/\/pixcell.co\/en\/public-and-parapublic\/","name":"Public & Parapublic Sector Headhunters | Executive Search Firm | Pixcell","isPartOf":{"@id":"https:\/\/pixcell.co\/#website"},"primaryImageOfPage":{"@id":"https:\/\/pixcell.co\/en\/public-and-parapublic\/#primaryimage"},"image":{"@id":"https:\/\/pixcell.co\/en\/public-and-parapublic\/#primaryimage"},"thumbnailUrl":"https:\/\/pixcell.co\/wp-content\/uploads\/2021\/01\/fleche-vers-le-bas.png","datePublished":"2021-01-22T01:39:55+00:00","dateModified":"2026-01-27T16:16:20+00:00","description":"Looking to hire a manager who can identify risks and opportunities while carrying out your parapublic organization\u2019s mission? Learn more about the key roles that your company needs to do this with PIXCELL, Montreal\u2019s top executive search firm.","breadcrumb":{"@id":"https:\/\/pixcell.co\/en\/public-and-parapublic\/#breadcrumb"},"inLanguage":"en-US","potentialAction":[{"@type":"ReadAction","target":["https:\/\/pixcell.co\/en\/public-and-parapublic\/"]}]},{"@type":"ImageObject","inLanguage":"en-US","@id":"https:\/\/pixcell.co\/en\/public-and-parapublic\/#primaryimage","url":"https:\/\/pixcell.co\/wp-content\/uploads\/2021\/01\/fleche-vers-le-bas.png","contentUrl":"https:\/\/pixcell.co\/wp-content\/uploads\/2021\/01\/fleche-vers-le-bas.png"},{"@type":"BreadcrumbList","@id":"https:\/\/pixcell.co\/en\/public-and-parapublic\/#breadcrumb","itemListElement":[{"@type":"ListItem","position":1,"name":"Accueil","item":"https:\/\/pixcell.co\/en\/"},{"@type":"ListItem","position":2,"name":"Public &#038; Parapublic Industry"}]},{"@type":"WebSite","@id":"https:\/\/pixcell.co\/#website","url":"https:\/\/pixcell.co\/","name":"PIXCELL","description":"Executive Search Recruiting | Pixcell","publisher":{"@id":"https:\/\/pixcell.co\/#organization"},"alternateName":"PIXCELL - Chasseurs de t\u00eates sp\u00e9cialis\u00e9s en recrutement de cadres","potentialAction":[{"@type":"SearchAction","target":{"@type":"EntryPoint","urlTemplate":"https:\/\/pixcell.co\/?s={search_term_string}"},"query-input":{"@type":"PropertyValueSpecification","valueRequired":true,"valueName":"search_term_string"}}],"inLanguage":"en-US"},{"@type":"Organization","@id":"https:\/\/pixcell.co\/#organization","name":"PIXCELL","url":"https:\/\/pixcell.co\/","logo":{"@type":"ImageObject","inLanguage":"en-US","@id":"https:\/\/pixcell.co\/#\/schema\/logo\/image\/","url":"https:\/\/pixcell.co\/wp-content\/uploads\/2020\/09\/header-logo.png","contentUrl":"https:\/\/pixcell.co\/wp-content\/uploads\/2020\/09\/header-logo.png","width":227,"height":58,"caption":"PIXCELL"},"image":{"@id":"https:\/\/pixcell.co\/#\/schema\/logo\/image\/"}}]}},"_links":{"self":[{"href":"https:\/\/pixcell.co\/en\/wp-json\/wp\/v2\/pages\/1802","targetHints":{"allow":["GET"]}}],"collection":[{"href":"https:\/\/pixcell.co\/en\/wp-json\/wp\/v2\/pages"}],"about":[{"href":"https:\/\/pixcell.co\/en\/wp-json\/wp\/v2\/types\/page"}],"author":[{"embeddable":true,"href":"https:\/\/pixcell.co\/en\/wp-json\/wp\/v2\/users\/1"}],"replies":[{"embeddable":true,"href":"https:\/\/pixcell.co\/en\/wp-json\/wp\/v2\/comments?post=1802"}],"version-history":[{"count":17,"href":"https:\/\/pixcell.co\/en\/wp-json\/wp\/v2\/pages\/1802\/revisions"}],"predecessor-version":[{"id":19319,"href":"https:\/\/pixcell.co\/en\/wp-json\/wp\/v2\/pages\/1802\/revisions\/19319"}],"wp:attachment":[{"href":"https:\/\/pixcell.co\/en\/wp-json\/wp\/v2\/media?parent=1802"}],"curies":[{"name":"wp","href":"https:\/\/api.w.org\/{rel}","templated":true}]}}