{"id":3752,"date":"2022-01-26T14:33:36","date_gmt":"2022-01-26T19:33:36","guid":{"rendered":"https:\/\/pixcell.co\/cadres-en-finance-et-comptabilite-pixcell\/"},"modified":"2024-12-03T11:40:41","modified_gmt":"2024-12-03T16:40:41","slug":"finance-and-accounting-executives","status":"publish","type":"page","link":"https:\/\/pixcell.co\/en\/finance-and-accounting-executives\/","title":{"rendered":"Finance and Accounting Executives | PIXCELL"},"content":{"rendered":"\n<h1>\n\t\tRecruit the Right Finance Executive to Support the Financial and Economic Health of Your Company\n\t<\/h1>\n<h3>\n\t\t&#8211; PIXCELL\n\t<\/h3>\n\t\t\t\t<a href=\"#section_information_technology\" target=\"_self\" itemprop=\"url\" rel=\"noopener\">\n\t\t\t\t<img loading=\"lazy\" decoding=\"async\" src=\"https:\/\/pixcell.co\/wp-content\/uploads\/2021\/01\/fleche-vers-le-bas.png\" alt=\"fleche vers le bas\" itemprop=\"image\" height=\"52\" width=\"32\" title=\"fleche vers le bas\" onerror=\"this.style.display='none'\"  \/>\n\t\t\t\t<\/a>\n<h3>\n\t\tSEARCHING FOR TALENT?\n\t<\/h3>\n<h5>\n\t\tWE CAN HELP\n\t<\/h5>\n\t<div class=\"frm_forms  with_frm_style frm_style_formidable-style\" id=\"frm_form_5_container\" >\n<form enctype=\"multipart\/form-data\" method=\"post\" class=\"frm-show-form frm_information-technology frm_js_validate  frm_ajax_submit  frm_pro_form \" id=\"form_informationtechnologydigitaltransofrmation3b7c05cf80\" >\n<div class=\"frm_form_fields \">\n<fieldset>\n<legend class=\"frm_screen_reader\">Industry page form - EN<\/legend>\r\n\r\n<div class=\"frm_fields_container\">\n<input type=\"hidden\" name=\"frm_action\" value=\"create\" \/>\n<input type=\"hidden\" name=\"form_id\" value=\"5\" \/>\n<input type=\"hidden\" name=\"frm_hide_fields_5\" id=\"frm_hide_fields_5\" value=\"\" \/>\n<input type=\"hidden\" name=\"form_key\" value=\"informationtechnologydigitaltransofrmation3b7c05cf80\" \/>\n<input type=\"hidden\" name=\"item_meta[0]\" value=\"\" \/>\n<input type=\"hidden\" id=\"frm_submit_entry_5\" name=\"frm_submit_entry_5\" value=\"66c3c2189f\" \/><input type=\"hidden\" name=\"_wp_http_referer\" value=\"\/en\/wp-json\/wp\/v2\/pages\/3752\" \/><div id=\"frm_field_42_container\" class=\"frm_form_field form-field  frm_required_field frm_top_container frm12\">\r\n    <label for=\"field_u7pr9430971975\" id=\"field_u7pr9430971975_label\" class=\"frm_primary_label\">Name\r\n        <span class=\"frm_required\">*<\/span>\r\n    <\/label>\r\n    <input  type=\"text\" id=\"field_u7pr9430971975\" name=\"item_meta[42]\" value=\"\"  data-reqmsg=\"Name cannot be blank.\" aria-required=\"true\" data-invmsg=\"Text is invalid\" aria-invalid=\"false\"   \/>\r\n    \r\n    \r\n<\/div>\n<div id=\"frm_field_43_container\" class=\"frm_form_field form-field  frm_required_field frm_top_container frm12\">\r\n    <label for=\"field_742aa383fd7f446\" id=\"field_742aa383fd7f446_label\" class=\"frm_primary_label\">Telephone\r\n        <span class=\"frm_required\">*<\/span>\r\n    <\/label>\r\n    <input type=\"tel\" id=\"field_742aa383fd7f446\" name=\"item_meta[43]\" value=\"\"  data-reqmsg=\"Telephone cannot be blank.\" aria-required=\"true\" data-invmsg=\"Phone is invalid\" aria-invalid=\"false\" pattern=\"((\\+\\d{1,3}(-|.| )?\\(?\\d\\)?(-| |.)?\\d{1,5})|(\\(?\\d{2,6}\\)?))(-|.| )?(\\d{3,4})(-|.| )?(\\d{4})(( x| ext)\\d{1,5}){0,1}$\"  \/>\r\n    \r\n    \r\n<\/div>\n<div id=\"frm_field_44_container\" class=\"frm_form_field form-field  frm_required_field frm_top_container frm12\">\r\n    <label for=\"field_3jw770898b4246b\" id=\"field_3jw770898b4246b_label\" class=\"frm_primary_label\">Email\r\n        <span class=\"frm_required\">*<\/span>\r\n    <\/label>\r\n    <input type=\"email\" id=\"field_3jw770898b4246b\" name=\"item_meta[44]\" value=\"\"  data-reqmsg=\"Email cannot be blank.\" aria-required=\"true\" data-invmsg=\"Email is invalid\" aria-invalid=\"false\"  \/>\r\n    \r\n    \r\n<\/div>\n<div id=\"frm_field_45_container\" class=\"frm_form_field form-field  frm_required_field frm_top_container frm12\">\r\n    <label for=\"field_hvgfze43edcec3f\" id=\"field_hvgfze43edcec3f_label\" class=\"frm_primary_label\">Message\r\n        <span class=\"frm_required\">*<\/span>\r\n    <\/label>\r\n    <textarea name=\"item_meta[45]\" id=\"field_hvgfze43edcec3f\" rows=\"2\"  data-reqmsg=\"Message cannot be blank.\" aria-required=\"true\" data-invmsg=\"Message is invalid\" aria-invalid=\"false\"  ><\/textarea>\r\n    \r\n    \r\n<\/div>\n<input type=\"hidden\" name=\"item_meta[46]\" id=\"field_skqn7b5baf26bfc\" value=\"Finance and Accounting Executives | PIXCELL\"  data-frmval=\"Finance and Accounting Executives | PIXCELL\"   \/>\n<input type=\"hidden\" name=\"item_meta[47]\" id=\"field_3mdtf1c1c9054a8\" value=\"\/en\/wp-json\/wp\/v2\/pages\/3752\"  data-frmval=\"\/en\/wp-json\/wp\/v2\/pages\/3752\"   \/>\n<input type=\"hidden\" name=\"item_meta[48]\" id=\"field_7eshj513cada4f0\" value=\"en\"  data-frmval=\"en\"   \/>\n<div id=\"frm_field_51_container\" class=\"frm_form_field form-field  frm_none_container\">\r\n    <label for=\"h-captcha-response\" id=\"field_jsg8z_label\" class=\"frm_primary_label\">\r\n        <span class=\"frm_required\"><\/span>\r\n    <\/label>\r\n    <div  id=\"field_jsg8z\" class=\"cf-turnstile\" data-sitekey=\"0x4AAAAAAA9VyvgRrtoAruVM\" data-size=\"normal\" data-theme=\"light\"><\/div>\r\n    \r\n    \r\n<\/div>\n<div id=\"frm_field_54_container\" class=\"frm_form_field form-field \">\r\n\t<div class=\"frm_submit\">\r\n\r\n<button class=\"frm_button_submit frm_final_submit\" type=\"submit\"   formnovalidate=\"formnovalidate\">Submit<\/button>\r\n\r\n<\/div>\r\n<\/div>\n\t<input type=\"hidden\" name=\"item_key\" value=\"\" \/>\n\t\t\t<div id=\"frm_field_57_container\">\n\t\t\t<label for=\"field_ub95w\" >\n\t\t\t\tIf you are human, leave this field blank.\t\t\t<\/label>\n\t\t\t<input  id=\"field_ub95w\" type=\"text\" class=\"frm_form_field form-field frm_verify\" name=\"item_meta[57]\" value=\"\"  \/>\n\t\t<\/div>\n\t\t<input name=\"frm_state\" type=\"hidden\" value=\"MTvtr\/XptmGFSF+tAuaXAAmV18q0PW8fpoBpYkTy4Upblk8jEIjio9hQmq5bvJ5P\" \/><\/div>\n<\/fieldset>\n<\/div>\n\n<\/form>\n<\/div>\n\n<h2>\n\t\tTaking Charge of Your Company&#8217;s Financial Management\n\t<\/h2>\n\t<p>As a manager, you want your company to grow and thrive, and this means putting its financial health in good hands.<\/p>\n<p>Whether your organization is growing or mature, focused on acquisition or succession, a strong\u00a0Chief\u00a0Financial\u00a0Officer\u00a0(CFO) plays a key role in assessing the profitability of your operations and ensuring balanced economic management and planning. Is your cash flow at risk? Could the exchange rates affect your bottom line? How should you approach your next acquisition? A qualified\u00a0finance\u00a0executive\u00a0will help build an exceptional team to meet all these challenges head-on.<\/p>\n\t\t\t\t<img loading=\"lazy\" decoding=\"async\" src=\"https:\/\/pixcell.co\/wp-content\/uploads\/2022\/02\/campaign-creators-qCi_MzVODoU-unsplash-scaled.jpg\" alt=\"campaign-creators-qCi_MzVODoU-unsplash\" itemprop=\"image\" height=\"1697\" width=\"2560\" title=\"campaign-creators-qCi_MzVODoU-unsplash\" onerror=\"this.style.display='none'\"  \/>\n\t<p>Finance executives play a critical role in your company. They oversee the strategy, execution and overall performance of the financial operations. They must also ensure compliance with fiscal standards and protect company assets. Whether you are seeking a chief financial officer (CFO), corporate controller, director of financial planning and analysis (FP&amp;A) or a director of mergers and acquisitions (M&amp;A), recruiting the right candidate is essential to the balanced management of your company assets.<\/p>\n<p>The finance headhunters at PIXCELL understand that you need to have a proactive, disciplined leader to make the right business and financial decisions and allow your company to grow and thrive. Our rigorous executive search process is based on years of experience in recruiting finance and\/or accounting leaders to solve our clients&#8217; unique business challenges.<\/p>\n<h2>\n\t\tThree Key Roles for Finance and Accounting <strong>Executives <\/strong>\n\t<\/h2>\n<h3>\n\t\tChief Financial Officer (CFO)\n\t<\/h3>\n\t<p>The CFO generally reports to the President and CEO. This executive&#8217;s role is to oversee economic activity and ensure the sound management of the company&#8217;s financial affairs. The CFO is also responsible for managing financial risk.<\/p>\n<p>Depending on the company&#8217;s strategy, the CFO may be tasked with analyzing merger and acquisition opportunities or managing investment and financing projects. This executive plays a key role in the company&#8217;s development and is accountable to the board of directors, shareholders and investors.<\/p>\n<h3>\n\t\tCorporate Controller\n\t<\/h3>\n\t<p>The corporate controller oversees all matters related to financial statements. This means ensuring that all financial reports and all transactions and activities related to the accounting cycle are accurate and complete. This executive is also responsible for statutory and regulatory compliance. The corporate controller, who often has CPA designation, must also ensure that audits and external verifications are carried out properly.<\/p>\n<p>Some specific prerequisites may be required of the candidate for this position, including an in-depth knowledge of the Accounting Standards for Private Enterprises (ASPE), International Finance Reporting Standards (IFRS) and Generally Accepted Accounting Principles (GAAP).<\/p>\n<h3>\n\t\tDirector, Financial Planning and Analysis (FP&#038;A)\n\t<\/h3>\n\t<p>The person in this role is responsible for financial planning and analysis. Typically reporting to the vice president of finance or the chief financial officer, this executive oversees the budget process and defines performance indicators, thereby allowing executives to make sound decisions and ensure good risk management.<\/p>\n<p>As a mid-level or senior executive, the director of financial planning and analysis generally supervises the teams responsible for finance and accounting in the company.<\/p>\n<h2>\n\t\tFinance Executive and CFO Recruitment with PIXCELL: Our Executive Search Firm in Montreal Helps You Recruit the Top Finance Executives\n\t<\/h2>\n\t<p>As financial headhunters, our speciality is filling executive positions in finance, accounting and tax. We understand that the CFO and other finance executives play a crucial role in the success and longevity of your company. You need a reliable leader with an analytical mind and a strong sense of duty and ethics.<\/p>\n<p>Do you need to hire an executive to manage your company&#8217;s finances? You can count on PIXCELL&#8217;s CFO recruiters and<a href=\"https:\/\/pixcell.co\/en\/finance\/\"> finance and accounting headhunters.<\/a><\/p>\n\t\t\t<a href=\"https:\/\/pixcell.co\/en\/contact-us\/\" target=\"_blank\" rel=\"noopener\">\n\t\t\t\t\t\t\tContact Us\n\t\t\t\t\t<\/a>\n\t\t\t\t<img loading=\"lazy\" decoding=\"async\" src=\"https:\/\/pixcell.co\/wp-content\/uploads\/2022\/02\/hunters-race-MYbhN8KaaEc-unsplash-1-scaled.jpg\" alt=\"hunters-race-MYbhN8KaaEc-unsplash\" itemprop=\"image\" height=\"1706\" width=\"2560\" title=\"hunters-race-MYbhN8KaaEc-unsplash\" onerror=\"this.style.display='none'\"  \/>\n<h2>\n\t\tIndustry Expertise\n\t<\/h2>\n\t\t\t\t<img loading=\"lazy\" decoding=\"async\" src=\"https:\/\/pixcell.co\/wp-content\/uploads\/2020\/09\/information-technology.jpg\" alt=\"information-technology\" itemprop=\"image\" height=\"285\" width=\"589\" title=\"information-technology\" onerror=\"this.style.display='none'\"  \/>\n<h3>\n\t\tInformation Technology &#038; Digital Transformation\n\t<\/h3>\n\t\t\t<a href=\"https:\/\/pixcell.co\/en\/the-pixcell-information-techology\/\" target=\"_self\" rel=\"noopener\">\n\t\t\t\t\t\t\tLearn More\n\t\t\t\t\t<\/a>\n<h3>\n\t\tManufacturing &#038; Enginering\n\t<\/h3>\n\t\t\t<a href=\"\" target=\"_self\" rel=\"noopener\">\n\t\t\t\t\t\t\tLearn More\n\t\t\t\t\t<\/a>\n\t\t\t\t<img loading=\"lazy\" decoding=\"async\" src=\"https:\/\/pixcell.co\/wp-content\/uploads\/2020\/09\/manufacturing-enginering.jpg\" alt=\"manufacturing-enginering\" itemprop=\"image\" height=\"285\" width=\"589\" title=\"manufacturing-enginering\" onerror=\"this.style.display='none'\"  \/>\n\t\t\t\t<img loading=\"lazy\" decoding=\"async\" src=\"https:\/\/pixcell.co\/wp-content\/uploads\/2020\/09\/retaildistribution.jpg\" alt=\"retail&amp;distribution\" itemprop=\"image\" height=\"285\" width=\"387\" title=\"retail&amp;distribution\" onerror=\"this.style.display='none'\"  \/>\n<h3>\n\t\tRetail &#038; Distribution\n\t<\/h3>\n\t\t\t<a href=\"\" target=\"_self\" rel=\"noopener\">\n\t\t\t\t\t\t\tLearn More\n\t\t\t\t\t<\/a>\n<h3>\n\t\tReal Estate &#038; Construction\n\t<\/h3>\n\t\t\t<a href=\"\" target=\"_self\" rel=\"noopener\">\n\t\t\t\t\t\t\tLearn More\n\t\t\t\t\t<\/a>\n\t\t\t\t<img loading=\"lazy\" decoding=\"async\" src=\"https:\/\/pixcell.co\/wp-content\/uploads\/2020\/09\/real-estate.jpg\" alt=\"real-estate\" itemprop=\"image\" height=\"285\" width=\"387\" title=\"real-estate\" onerror=\"this.style.display='none'\"  \/>\n\t\t\t\t<img loading=\"lazy\" decoding=\"async\" src=\"https:\/\/pixcell.co\/wp-content\/uploads\/2020\/09\/finance.jpg\" alt=\"finance\" itemprop=\"image\" height=\"285\" width=\"387\" title=\"finance\" onerror=\"this.style.display='none'\"  \/>\n<h3>\n\t\tFinance\n\t<\/h3>\n\t\t\t<a href=\"\" target=\"_self\" rel=\"noopener\">\n\t\t\t\t\t\t\tLearn More\n\t\t\t\t\t<\/a>\n\n","protected":false},"excerpt":{"rendered":"<p>Recruit the Right Finance Executive to Support the Financial and Economic Health of Your Company &#8211; PIXCELL SEARCHING FOR TALENT? WE CAN HELP Taking Charge of Your Company&#8217;s Financial Management As a manager, you want your company to grow and thrive, and this means putting its financial health in good hands. Whether your organization is growing or mature, focused on acquisition or succession, a strong\u00a0Chief\u00a0Financial\u00a0Officer\u00a0(CFO) plays a key role inRead More<\/p>\n","protected":false},"author":7,"featured_media":0,"parent":0,"menu_order":0,"comment_status":"closed","ping_status":"closed","template":"","meta":{"_acf_changed":false,"footnotes":""},"class_list":["post-3752","page","type-page","status-publish","hentry"],"acf":[],"yoast_head":"<!-- This site is optimized with the Yoast SEO plugin v25.8 - https:\/\/yoast.com\/wordpress\/plugins\/seo\/ -->\n<title>Finance and Accounting Executive Search | Pixcell<\/title>\n<meta name=\"description\" content=\"Leverage Pixcell&#039;s expertise in finance and accounting executive search to connect with top industry leaders.\" \/>\n<meta name=\"robots\" content=\"index, follow, max-snippet:-1, max-image-preview:large, max-video-preview:-1\" \/>\n<link rel=\"canonical\" href=\"https:\/\/pixcell.co\/en\/finance-and-accounting-executives\/\" \/>\n<meta property=\"og:locale\" content=\"en_US\" \/>\n<meta property=\"og:type\" content=\"article\" \/>\n<meta property=\"og:title\" content=\"Finance and Accounting Executive Search | Pixcell\" \/>\n<meta property=\"og:description\" content=\"Leverage Pixcell&#039;s expertise in finance and accounting executive search to connect with top industry leaders.\" \/>\n<meta property=\"og:url\" content=\"https:\/\/pixcell.co\/en\/finance-and-accounting-executives\/\" \/>\n<meta property=\"og:site_name\" content=\"PIXCELL\" \/>\n<meta property=\"article:modified_time\" content=\"2024-12-03T16:40:41+00:00\" \/>\n<meta property=\"og:image\" content=\"https:\/\/pixcell.co\/wp-content\/uploads\/2021\/01\/fleche-vers-le-bas.png\" \/>\n<meta name=\"twitter:card\" content=\"summary_large_image\" \/>\n<meta name=\"twitter:label1\" content=\"Est. reading time\" \/>\n\t<meta name=\"twitter:data1\" content=\"3 minutes\" \/>\n<!-- \/ Yoast SEO plugin. -->","yoast_head_json":{"title":"Finance and Accounting Executive Search | Pixcell","description":"Leverage Pixcell's expertise in finance and accounting executive search to connect with top industry leaders.","robots":{"index":"index","follow":"follow","max-snippet":"max-snippet:-1","max-image-preview":"max-image-preview:large","max-video-preview":"max-video-preview:-1"},"canonical":"https:\/\/pixcell.co\/en\/finance-and-accounting-executives\/","og_locale":"en_US","og_type":"article","og_title":"Finance and Accounting Executive Search | Pixcell","og_description":"Leverage Pixcell's expertise in finance and accounting executive search to connect with top industry leaders.","og_url":"https:\/\/pixcell.co\/en\/finance-and-accounting-executives\/","og_site_name":"PIXCELL","article_modified_time":"2024-12-03T16:40:41+00:00","og_image":[{"url":"https:\/\/pixcell.co\/wp-content\/uploads\/2021\/01\/fleche-vers-le-bas.png","type":"","width":"","height":""}],"twitter_card":"summary_large_image","twitter_misc":{"Est. reading time":"3 minutes"},"schema":{"@context":"https:\/\/schema.org","@graph":[{"@type":"WebPage","@id":"https:\/\/pixcell.co\/en\/finance-and-accounting-executives\/","url":"https:\/\/pixcell.co\/en\/finance-and-accounting-executives\/","name":"Finance and Accounting Executive Search | Pixcell","isPartOf":{"@id":"https:\/\/pixcell.co\/#website"},"primaryImageOfPage":{"@id":"https:\/\/pixcell.co\/en\/finance-and-accounting-executives\/#primaryimage"},"image":{"@id":"https:\/\/pixcell.co\/en\/finance-and-accounting-executives\/#primaryimage"},"thumbnailUrl":"https:\/\/pixcell.co\/wp-content\/uploads\/2021\/01\/fleche-vers-le-bas.png","datePublished":"2022-01-26T19:33:36+00:00","dateModified":"2024-12-03T16:40:41+00:00","description":"Leverage Pixcell's expertise in finance and accounting executive search to connect with top industry leaders.","breadcrumb":{"@id":"https:\/\/pixcell.co\/en\/finance-and-accounting-executives\/#breadcrumb"},"inLanguage":"en-US","potentialAction":[{"@type":"ReadAction","target":["https:\/\/pixcell.co\/en\/finance-and-accounting-executives\/"]}]},{"@type":"ImageObject","inLanguage":"en-US","@id":"https:\/\/pixcell.co\/en\/finance-and-accounting-executives\/#primaryimage","url":"https:\/\/pixcell.co\/wp-content\/uploads\/2021\/01\/fleche-vers-le-bas.png","contentUrl":"https:\/\/pixcell.co\/wp-content\/uploads\/2021\/01\/fleche-vers-le-bas.png"},{"@type":"BreadcrumbList","@id":"https:\/\/pixcell.co\/en\/finance-and-accounting-executives\/#breadcrumb","itemListElement":[{"@type":"ListItem","position":1,"name":"Accueil","item":"https:\/\/pixcell.co\/en\/"},{"@type":"ListItem","position":2,"name":"Finance and Accounting Executives | PIXCELL"}]},{"@type":"WebSite","@id":"https:\/\/pixcell.co\/#website","url":"https:\/\/pixcell.co\/","name":"PIXCELL","description":"Executive Search Recruiting | Pixcell","publisher":{"@id":"https:\/\/pixcell.co\/#organization"},"alternateName":"PIXCELL - Chasseurs de t\u00eates sp\u00e9cialis\u00e9s en recrutement de cadres","potentialAction":[{"@type":"SearchAction","target":{"@type":"EntryPoint","urlTemplate":"https:\/\/pixcell.co\/?s={search_term_string}"},"query-input":{"@type":"PropertyValueSpecification","valueRequired":true,"valueName":"search_term_string"}}],"inLanguage":"en-US"},{"@type":"Organization","@id":"https:\/\/pixcell.co\/#organization","name":"PIXCELL","url":"https:\/\/pixcell.co\/","logo":{"@type":"ImageObject","inLanguage":"en-US","@id":"https:\/\/pixcell.co\/#\/schema\/logo\/image\/","url":"https:\/\/pixcell.co\/wp-content\/uploads\/2020\/09\/header-logo.png","contentUrl":"https:\/\/pixcell.co\/wp-content\/uploads\/2020\/09\/header-logo.png","width":227,"height":58,"caption":"PIXCELL"},"image":{"@id":"https:\/\/pixcell.co\/#\/schema\/logo\/image\/"}}]}},"_links":{"self":[{"href":"https:\/\/pixcell.co\/en\/wp-json\/wp\/v2\/pages\/3752","targetHints":{"allow":["GET"]}}],"collection":[{"href":"https:\/\/pixcell.co\/en\/wp-json\/wp\/v2\/pages"}],"about":[{"href":"https:\/\/pixcell.co\/en\/wp-json\/wp\/v2\/types\/page"}],"author":[{"embeddable":true,"href":"https:\/\/pixcell.co\/en\/wp-json\/wp\/v2\/users\/7"}],"replies":[{"embeddable":true,"href":"https:\/\/pixcell.co\/en\/wp-json\/wp\/v2\/comments?post=3752"}],"version-history":[{"count":11,"href":"https:\/\/pixcell.co\/en\/wp-json\/wp\/v2\/pages\/3752\/revisions"}],"predecessor-version":[{"id":16052,"href":"https:\/\/pixcell.co\/en\/wp-json\/wp\/v2\/pages\/3752\/revisions\/16052"}],"wp:attachment":[{"href":"https:\/\/pixcell.co\/en\/wp-json\/wp\/v2\/media?parent=3752"}],"curies":[{"name":"wp","href":"https:\/\/api.w.org\/{rel}","templated":true}]}}