{"id":3759,"date":"2022-01-26T14:59:11","date_gmt":"2022-01-26T19:59:11","guid":{"rendered":"https:\/\/pixcell.co\/conseil-dadministration-pixcell\/"},"modified":"2024-12-03T11:39:59","modified_gmt":"2024-12-03T16:39:59","slug":"board-of-directors","status":"publish","type":"page","link":"https:\/\/pixcell.co\/en\/board-of-directors\/","title":{"rendered":"Board of directors | PIXCELL"},"content":{"rendered":"\n<h1>\n\t\tSelect the Right Director to Guide Your Organization \n\t<\/h1>\n<h3>\n\t\t &#8211; PIXCELL\n\t<\/h3>\n\t\t\t\t<a href=\"#section_information_technology\" target=\"_self\" itemprop=\"url\" rel=\"noopener\">\n\t\t\t\t<img loading=\"lazy\" decoding=\"async\" src=\"https:\/\/pixcell.co\/wp-content\/uploads\/2021\/01\/fleche-vers-le-bas.png\" alt=\"fleche vers le bas\" itemprop=\"image\" height=\"52\" width=\"32\" title=\"fleche vers le bas\" onerror=\"this.style.display='none'\"  \/>\n\t\t\t\t<\/a>\n<h3>\n\t\tSEARCHING FOR TALENT?\n\t<\/h3>\n<h5>\n\t\tWE CAN HELP\n\t<\/h5>\n\t<div class=\"frm_forms  with_frm_style frm_style_formidable-style\" id=\"frm_form_5_container\" >\n<form enctype=\"multipart\/form-data\" method=\"post\" class=\"frm-show-form frm_information-technology frm_js_validate  frm_ajax_submit  frm_pro_form \" id=\"form_informationtechnologydigitaltransofrmation3b7c05cf80\" >\n<div class=\"frm_form_fields \">\n<fieldset>\n<legend class=\"frm_screen_reader\">Industry page form - EN<\/legend>\r\n\r\n<div class=\"frm_fields_container\">\n<input type=\"hidden\" name=\"frm_action\" value=\"create\" \/>\n<input type=\"hidden\" name=\"form_id\" value=\"5\" \/>\n<input type=\"hidden\" name=\"frm_hide_fields_5\" id=\"frm_hide_fields_5\" value=\"\" \/>\n<input type=\"hidden\" name=\"form_key\" value=\"informationtechnologydigitaltransofrmation3b7c05cf80\" \/>\n<input type=\"hidden\" name=\"item_meta[0]\" value=\"\" \/>\n<input type=\"hidden\" id=\"frm_submit_entry_5\" name=\"frm_submit_entry_5\" value=\"1c229dbb22\" \/><input type=\"hidden\" name=\"_wp_http_referer\" value=\"\/en\/wp-json\/wp\/v2\/pages\/3759\" \/><div id=\"frm_field_42_container\" class=\"frm_form_field form-field  frm_required_field frm_top_container frm12\">\r\n    <label for=\"field_u7pr9430971975\" id=\"field_u7pr9430971975_label\" class=\"frm_primary_label\">Name\r\n        <span class=\"frm_required\">*<\/span>\r\n    <\/label>\r\n    <input  type=\"text\" id=\"field_u7pr9430971975\" name=\"item_meta[42]\" value=\"\"  data-reqmsg=\"Name cannot be blank.\" aria-required=\"true\" data-invmsg=\"Text is invalid\" aria-invalid=\"false\"   \/>\r\n    \r\n    \r\n<\/div>\n<div id=\"frm_field_43_container\" class=\"frm_form_field form-field  frm_required_field frm_top_container frm12\">\r\n    <label for=\"field_742aa383fd7f446\" id=\"field_742aa383fd7f446_label\" class=\"frm_primary_label\">Telephone\r\n        <span class=\"frm_required\">*<\/span>\r\n    <\/label>\r\n    <input type=\"tel\" id=\"field_742aa383fd7f446\" name=\"item_meta[43]\" value=\"\"  data-reqmsg=\"Telephone cannot be blank.\" aria-required=\"true\" data-invmsg=\"Phone is invalid\" aria-invalid=\"false\" pattern=\"((\\+\\d{1,3}(-|.| )?\\(?\\d\\)?(-| |.)?\\d{1,5})|(\\(?\\d{2,6}\\)?))(-|.| )?(\\d{3,4})(-|.| )?(\\d{4})(( x| ext)\\d{1,5}){0,1}$\"  \/>\r\n    \r\n    \r\n<\/div>\n<div id=\"frm_field_44_container\" class=\"frm_form_field form-field  frm_required_field frm_top_container frm12\">\r\n    <label for=\"field_3jw770898b4246b\" id=\"field_3jw770898b4246b_label\" class=\"frm_primary_label\">Email\r\n        <span class=\"frm_required\">*<\/span>\r\n    <\/label>\r\n    <input type=\"email\" id=\"field_3jw770898b4246b\" name=\"item_meta[44]\" value=\"\"  data-reqmsg=\"Email cannot be blank.\" aria-required=\"true\" data-invmsg=\"Email is invalid\" aria-invalid=\"false\"  \/>\r\n    \r\n    \r\n<\/div>\n<div id=\"frm_field_45_container\" class=\"frm_form_field form-field  frm_required_field frm_top_container frm12\">\r\n    <label for=\"field_hvgfze43edcec3f\" id=\"field_hvgfze43edcec3f_label\" class=\"frm_primary_label\">Message\r\n        <span class=\"frm_required\">*<\/span>\r\n    <\/label>\r\n    <textarea name=\"item_meta[45]\" id=\"field_hvgfze43edcec3f\" rows=\"2\"  data-reqmsg=\"Message cannot be blank.\" aria-required=\"true\" data-invmsg=\"Message is invalid\" aria-invalid=\"false\"  ><\/textarea>\r\n    \r\n    \r\n<\/div>\n<input type=\"hidden\" name=\"item_meta[46]\" id=\"field_skqn7b5baf26bfc\" value=\"Board of directors | PIXCELL\"  data-frmval=\"Board of directors | PIXCELL\"   \/>\n<input type=\"hidden\" name=\"item_meta[47]\" id=\"field_3mdtf1c1c9054a8\" value=\"\/en\/wp-json\/wp\/v2\/pages\/3759\"  data-frmval=\"\/en\/wp-json\/wp\/v2\/pages\/3759\"   \/>\n<input type=\"hidden\" name=\"item_meta[48]\" id=\"field_7eshj513cada4f0\" value=\"en\"  data-frmval=\"en\"   \/>\n<div id=\"frm_field_51_container\" class=\"frm_form_field form-field  frm_none_container\">\r\n    <label for=\"h-captcha-response\" id=\"field_jsg8z_label\" class=\"frm_primary_label\">\r\n        <span class=\"frm_required\"><\/span>\r\n    <\/label>\r\n    <div  id=\"field_jsg8z\" class=\"cf-turnstile\" data-sitekey=\"0x4AAAAAAA9VyvgRrtoAruVM\" data-size=\"normal\" data-theme=\"light\"><\/div>\r\n    \r\n    \r\n<\/div>\n<div id=\"frm_field_54_container\" class=\"frm_form_field form-field \">\r\n\t<div class=\"frm_submit\">\r\n\r\n<button class=\"frm_button_submit frm_final_submit\" type=\"submit\"   formnovalidate=\"formnovalidate\">Submit<\/button>\r\n\r\n<\/div>\r\n<\/div>\n\t<input type=\"hidden\" name=\"item_key\" value=\"\" \/>\n\t\t\t<div id=\"frm_field_57_container\">\n\t\t\t<label for=\"field_bzqaw\" >\n\t\t\t\tIf you are human, leave this field blank.\t\t\t<\/label>\n\t\t\t<input  id=\"field_bzqaw\" type=\"text\" class=\"frm_form_field form-field frm_verify\" name=\"item_meta[57]\" value=\"\"  \/>\n\t\t<\/div>\n\t\t<input name=\"frm_state\" type=\"hidden\" value=\"MTvtr\/XptmGFSF+tAuaXAGV\/6C3niKOMkGA96fqTY3Rblk8jEIjio9hQmq5bvJ5P\" \/><\/div>\n<\/fieldset>\n<\/div>\n\n<\/form>\n<\/div>\n\n<h2>\n\t\tA Variety of Profiles for a Strong Board of Directors\n\t<\/h2>\n\t<p>Many organizations have a governance system based on a board of directors. While the executive committee manages the organization&#8217;s day-to-day operations, the directors are situated directly above them in the organizational hierarchy and manage long-term value creation. Directors are elected by and accountable to shareholders, members or the government, depending on the nature of the organization. In short, the role of the board of directors is to ensure that the decisions made by management are in the best interests of stakeholders and support the longevity of the organization. Board member recruitment is crucial to the success of organizations with this structure.<\/p>\n\t<p>To provide the greatest benefit to the organization, a board of directors must include people from different backgrounds with diverse skill sets. Unlike management positions on the executive committee, board of director positions do not necessarily require candidates with extensive experience (from their point of view, this position is an excellent professional springboard). Instead, board members are appointed because their specific areas of expertise are relevant to the organization&#8217;s challenges. In very large organizations, the board of directors will comprise sub-committees, which may be focused on HR, business risk, IT, security or other issues, depending on the nature of the organization and industry.<\/p>\n<p>Whether you are at the head of a non-profit organization, a public company or a private company, the board recruiters at PIXCELL can help you recruit the right person to complete your board of directors.<\/p>\n\t\t\t\t<img loading=\"lazy\" decoding=\"async\" src=\"https:\/\/pixcell.co\/wp-content\/uploads\/2022\/02\/shutterstock_145003522-scaled.jpg\" alt=\"Group,Of,Business,People,Standing,By,Stairway\" itemprop=\"image\" height=\"1707\" width=\"2560\" title=\"Group,Of,Business,People,Standing,By,Stairway\" onerror=\"this.style.display='none'\"  \/>\n<h2>\n\t\tThree Common Roles on Boards of Directors\n\t<\/h2>\n\t<p>All board members are directors who have been elected for a set period of time, usually between three and five years. Some board members are assigned specific roles to ensure good governance.<\/p>\n<h3>\n\t\tChair and Vice Chair of the Board of Directors\n\t<\/h3>\n\t<p>The chair heads the board of directors and manages its activities. This executive presides over all meetings and general assemblies and may be called upon to sign contracts on behalf of the organization. The vice chair stands in for the chair when needed and may sit on committees as a representative of the board of directors.<\/p>\n<h3>\n\t\tTreasurer of the Board of Directors\n\t<\/h3>\n\t<p>As a director, the treasurer participates in the board&#8217;s meetings and in decision-making. However, the treasurer has the further responsibility of managing financial assets. This executive must ensure that the organization&#8217;s financial status is properly reported. This involves, for example, reviewing the annual financial statements prepared by the accountant before they are externally audited. In addition, fellow directors may turn to the treasurer for advice when assessing how a given decision will impact the organization&#8217;s finances.<\/p>\n<h3>\n\t\tSecretary of the Board of Directors\n\t<\/h3>\n\t<p>As with the treasurer and the other directors, the secretary attends board meetings and participates in votes on decisions. The secretary has the further roles of scheduling board meetings and keeping records. This executive is responsible for preparing the agenda, sending out notices for meetings and taking minutes during meetings.<\/p>\n<h4>\n\t\tOther Directors\n\t<\/h4>\n\t<p>Depending on your organization&#8217;s activities, size and unique challenges, you may need to appoint directors with other backgrounds, such as experienced managers in human resources, IT, security or business risk and former members of government.<\/p>\n<h2>\n\t\tBoard of Director Recruitment: Count on the Expertise of the Executive Search Firm PIXCELL\n\t<\/h2>\n\t<p>Directors typically join boards to support a cause they care about, develop certain skillsets or share their expertise. It is critical to have competent directors who can take on your organization&#8217;s current and future challenges alike. As a board member recruitment firm, PIXCELL understands this, and we help our clients clarify the profiles they are looking for based on their organization&#8217;s unique challenges. We look beyond the CV to recruit the most effective director. Our board recruiters aim to bring together people who share the same values and have a common vision.<\/p>\n<p>Whatever the mission of your foundation, public or parapublic organization, SME or large company, PIXCELL&#8217;s headhunters will work with you to target your needs and recruit a reliable director who will join your team for the right reasons.<\/p>\n\t\t\t<a href=\"https:\/\/pixcell.co\/en\/contact-us\/\" target=\"_blank\" rel=\"noopener\">\n\t\t\t\t\t\t\tContact Us\n\t\t\t\t\t<\/a>\n\t\t\t\t<img loading=\"lazy\" decoding=\"async\" src=\"https:\/\/pixcell.co\/wp-content\/uploads\/2022\/02\/nastuh-abootalebi-eHD8Y1Znfpk-unsplash.jpg\" alt=\"nastuh-abootalebi-eHD8Y1Znfpk-unsplash\" itemprop=\"image\" height=\"1536\" width=\"2301\" title=\"nastuh-abootalebi-eHD8Y1Znfpk-unsplash\" onerror=\"this.style.display='none'\"  \/>\n<h2>\n\t\tIndustry Expertise\n\t<\/h2>\n\t\t\t\t<img loading=\"lazy\" decoding=\"async\" src=\"https:\/\/pixcell.co\/wp-content\/uploads\/2020\/09\/information-technology.jpg\" alt=\"information-technology\" itemprop=\"image\" height=\"285\" width=\"589\" title=\"information-technology\" onerror=\"this.style.display='none'\"  \/>\n<h3>\n\t\tInformation Technology &#038; Digital Transformation\n\t<\/h3>\n\t\t\t<a href=\"https:\/\/pixcell.co\/en\/the-pixcell-information-techology\/\" target=\"_self\" rel=\"noopener\">\n\t\t\t\t\t\t\tLearn More\n\t\t\t\t\t<\/a>\n<h3>\n\t\tManufacturing &#038; Enginering\n\t<\/h3>\n\t\t\t<a href=\"\" target=\"_self\" rel=\"noopener\">\n\t\t\t\t\t\t\tLearn More\n\t\t\t\t\t<\/a>\n\t\t\t\t<img loading=\"lazy\" decoding=\"async\" src=\"https:\/\/pixcell.co\/wp-content\/uploads\/2020\/09\/manufacturing-enginering.jpg\" alt=\"manufacturing-enginering\" itemprop=\"image\" height=\"285\" width=\"589\" title=\"manufacturing-enginering\" onerror=\"this.style.display='none'\"  \/>\n\t\t\t\t<img loading=\"lazy\" decoding=\"async\" src=\"https:\/\/pixcell.co\/wp-content\/uploads\/2020\/09\/retaildistribution.jpg\" alt=\"retail&amp;distribution\" itemprop=\"image\" height=\"285\" width=\"387\" title=\"retail&amp;distribution\" onerror=\"this.style.display='none'\"  \/>\n<h3>\n\t\tRetail &#038; Distribution\n\t<\/h3>\n\t\t\t<a href=\"\" target=\"_self\" rel=\"noopener\">\n\t\t\t\t\t\t\tLearn More\n\t\t\t\t\t<\/a>\n<h3>\n\t\tReal Estate &#038; Construction\n\t<\/h3>\n\t\t\t<a href=\"\" target=\"_self\" rel=\"noopener\">\n\t\t\t\t\t\t\tLearn More\n\t\t\t\t\t<\/a>\n\t\t\t\t<img loading=\"lazy\" decoding=\"async\" src=\"https:\/\/pixcell.co\/wp-content\/uploads\/2020\/09\/real-estate.jpg\" alt=\"real-estate\" itemprop=\"image\" height=\"285\" width=\"387\" title=\"real-estate\" onerror=\"this.style.display='none'\"  \/>\n\t\t\t\t<img loading=\"lazy\" decoding=\"async\" src=\"https:\/\/pixcell.co\/wp-content\/uploads\/2020\/09\/finance.jpg\" alt=\"finance\" itemprop=\"image\" height=\"285\" width=\"387\" title=\"finance\" onerror=\"this.style.display='none'\"  \/>\n<h3>\n\t\tFinance\n\t<\/h3>\n\t\t\t<a href=\"\" target=\"_self\" rel=\"noopener\">\n\t\t\t\t\t\t\tLearn More\n\t\t\t\t\t<\/a>\n\n","protected":false},"excerpt":{"rendered":"<p>Select the Right Director to Guide Your Organization &#8211; PIXCELL SEARCHING FOR TALENT? WE CAN HELP A Variety of Profiles for a Strong Board of Directors Many organizations have a governance system based on a board of directors. While the executive committee manages the organization&#8217;s day-to-day operations, the directors are situated directly above them in the organizational hierarchy and manage long-term value creation. Directors are elected by and accountable toRead More<\/p>\n","protected":false},"author":7,"featured_media":0,"parent":0,"menu_order":0,"comment_status":"closed","ping_status":"closed","template":"","meta":{"_acf_changed":false,"footnotes":""},"class_list":["post-3759","page","type-page","status-publish","hentry"],"acf":[],"yoast_head":"<!-- This site is optimized with the Yoast SEO plugin v25.8 - https:\/\/yoast.com\/wordpress\/plugins\/seo\/ -->\n<title>Expert Board of Directors Recruitment Services | PIXCELL<\/title>\n<meta name=\"description\" content=\"Discover PIXCELL&#039;s specialized services in recruiting skilled and diverse board members for your organization.\" \/>\n<meta name=\"robots\" content=\"index, follow, max-snippet:-1, max-image-preview:large, max-video-preview:-1\" \/>\n<link rel=\"canonical\" href=\"https:\/\/pixcell.co\/en\/board-of-directors\/\" \/>\n<meta property=\"og:locale\" content=\"en_US\" \/>\n<meta property=\"og:type\" content=\"article\" \/>\n<meta property=\"og:title\" content=\"Expert Board of Directors Recruitment Services | PIXCELL\" \/>\n<meta property=\"og:description\" content=\"Discover PIXCELL&#039;s specialized services in recruiting skilled and diverse board members for your organization.\" \/>\n<meta property=\"og:url\" content=\"https:\/\/pixcell.co\/en\/board-of-directors\/\" \/>\n<meta property=\"og:site_name\" content=\"PIXCELL\" \/>\n<meta property=\"article:modified_time\" content=\"2024-12-03T16:39:59+00:00\" \/>\n<meta property=\"og:image\" content=\"https:\/\/pixcell.co\/wp-content\/uploads\/2021\/01\/fleche-vers-le-bas.png\" \/>\n<meta name=\"twitter:card\" content=\"summary_large_image\" \/>\n<meta name=\"twitter:label1\" content=\"Est. reading time\" \/>\n\t<meta name=\"twitter:data1\" content=\"4 minutes\" \/>\n<!-- \/ Yoast SEO plugin. -->","yoast_head_json":{"title":"Expert Board of Directors Recruitment Services | PIXCELL","description":"Discover PIXCELL's specialized services in recruiting skilled and diverse board members for your organization.","robots":{"index":"index","follow":"follow","max-snippet":"max-snippet:-1","max-image-preview":"max-image-preview:large","max-video-preview":"max-video-preview:-1"},"canonical":"https:\/\/pixcell.co\/en\/board-of-directors\/","og_locale":"en_US","og_type":"article","og_title":"Expert Board of Directors Recruitment Services | PIXCELL","og_description":"Discover PIXCELL's specialized services in recruiting skilled and diverse board members for your organization.","og_url":"https:\/\/pixcell.co\/en\/board-of-directors\/","og_site_name":"PIXCELL","article_modified_time":"2024-12-03T16:39:59+00:00","og_image":[{"url":"https:\/\/pixcell.co\/wp-content\/uploads\/2021\/01\/fleche-vers-le-bas.png","type":"","width":"","height":""}],"twitter_card":"summary_large_image","twitter_misc":{"Est. reading time":"4 minutes"},"schema":{"@context":"https:\/\/schema.org","@graph":[{"@type":"WebPage","@id":"https:\/\/pixcell.co\/en\/board-of-directors\/","url":"https:\/\/pixcell.co\/en\/board-of-directors\/","name":"Expert Board of Directors Recruitment Services | PIXCELL","isPartOf":{"@id":"https:\/\/pixcell.co\/#website"},"primaryImageOfPage":{"@id":"https:\/\/pixcell.co\/en\/board-of-directors\/#primaryimage"},"image":{"@id":"https:\/\/pixcell.co\/en\/board-of-directors\/#primaryimage"},"thumbnailUrl":"https:\/\/pixcell.co\/wp-content\/uploads\/2021\/01\/fleche-vers-le-bas.png","datePublished":"2022-01-26T19:59:11+00:00","dateModified":"2024-12-03T16:39:59+00:00","description":"Discover PIXCELL's specialized services in recruiting skilled and diverse board members for your organization.","breadcrumb":{"@id":"https:\/\/pixcell.co\/en\/board-of-directors\/#breadcrumb"},"inLanguage":"en-US","potentialAction":[{"@type":"ReadAction","target":["https:\/\/pixcell.co\/en\/board-of-directors\/"]}]},{"@type":"ImageObject","inLanguage":"en-US","@id":"https:\/\/pixcell.co\/en\/board-of-directors\/#primaryimage","url":"https:\/\/pixcell.co\/wp-content\/uploads\/2021\/01\/fleche-vers-le-bas.png","contentUrl":"https:\/\/pixcell.co\/wp-content\/uploads\/2021\/01\/fleche-vers-le-bas.png"},{"@type":"BreadcrumbList","@id":"https:\/\/pixcell.co\/en\/board-of-directors\/#breadcrumb","itemListElement":[{"@type":"ListItem","position":1,"name":"Accueil","item":"https:\/\/pixcell.co\/en\/"},{"@type":"ListItem","position":2,"name":"Board of directors | PIXCELL"}]},{"@type":"WebSite","@id":"https:\/\/pixcell.co\/#website","url":"https:\/\/pixcell.co\/","name":"PIXCELL","description":"Executive Search Recruiting | Pixcell","publisher":{"@id":"https:\/\/pixcell.co\/#organization"},"alternateName":"PIXCELL - Chasseurs de t\u00eates sp\u00e9cialis\u00e9s en recrutement de cadres","potentialAction":[{"@type":"SearchAction","target":{"@type":"EntryPoint","urlTemplate":"https:\/\/pixcell.co\/?s={search_term_string}"},"query-input":{"@type":"PropertyValueSpecification","valueRequired":true,"valueName":"search_term_string"}}],"inLanguage":"en-US"},{"@type":"Organization","@id":"https:\/\/pixcell.co\/#organization","name":"PIXCELL","url":"https:\/\/pixcell.co\/","logo":{"@type":"ImageObject","inLanguage":"en-US","@id":"https:\/\/pixcell.co\/#\/schema\/logo\/image\/","url":"https:\/\/pixcell.co\/wp-content\/uploads\/2020\/09\/header-logo.png","contentUrl":"https:\/\/pixcell.co\/wp-content\/uploads\/2020\/09\/header-logo.png","width":227,"height":58,"caption":"PIXCELL"},"image":{"@id":"https:\/\/pixcell.co\/#\/schema\/logo\/image\/"}}]}},"_links":{"self":[{"href":"https:\/\/pixcell.co\/en\/wp-json\/wp\/v2\/pages\/3759","targetHints":{"allow":["GET"]}}],"collection":[{"href":"https:\/\/pixcell.co\/en\/wp-json\/wp\/v2\/pages"}],"about":[{"href":"https:\/\/pixcell.co\/en\/wp-json\/wp\/v2\/types\/page"}],"author":[{"embeddable":true,"href":"https:\/\/pixcell.co\/en\/wp-json\/wp\/v2\/users\/7"}],"replies":[{"embeddable":true,"href":"https:\/\/pixcell.co\/en\/wp-json\/wp\/v2\/comments?post=3759"}],"version-history":[{"count":11,"href":"https:\/\/pixcell.co\/en\/wp-json\/wp\/v2\/pages\/3759\/revisions"}],"predecessor-version":[{"id":16050,"href":"https:\/\/pixcell.co\/en\/wp-json\/wp\/v2\/pages\/3759\/revisions\/16050"}],"wp:attachment":[{"href":"https:\/\/pixcell.co\/en\/wp-json\/wp\/v2\/media?parent=3759"}],"curies":[{"name":"wp","href":"https:\/\/api.w.org\/{rel}","templated":true}]}}