{"id":3766,"date":"2022-01-26T15:32:09","date_gmt":"2022-01-26T20:32:09","guid":{"rendered":"https:\/\/pixcell.co\/cadres-en-affaires-juridiques-pixcell\/"},"modified":"2024-12-03T11:43:17","modified_gmt":"2024-12-03T16:43:17","slug":"legal-executives","status":"publish","type":"page","link":"https:\/\/pixcell.co\/en\/legal-executives\/","title":{"rendered":"Legal Executives | PIXCELL"},"content":{"rendered":"\n<h1>\n\t\tHire the Right General Counsel to Represent and Protect Your Interests\n\t<\/h1>\n<h3>\n\t\t&#8211; PIXCELL\n\t<\/h3>\n\t\t\t\t<a href=\"#section_information_technology\" target=\"_self\" itemprop=\"url\" rel=\"noopener\">\n\t\t\t\t<img loading=\"lazy\" decoding=\"async\" src=\"https:\/\/pixcell.co\/wp-content\/uploads\/2021\/01\/fleche-vers-le-bas.png\" alt=\"fleche vers le bas\" itemprop=\"image\" height=\"52\" width=\"32\" title=\"fleche vers le bas\" onerror=\"this.style.display='none'\"  \/>\n\t\t\t\t<\/a>\n<h3>\n\t\tSEARCHING FOR TALENT?\n\t<\/h3>\n<h5>\n\t\tWE CAN HELP\n\t<\/h5>\n\t<div class=\"frm_forms  with_frm_style frm_style_formidable-style\" id=\"frm_form_5_container\" >\n<form enctype=\"multipart\/form-data\" method=\"post\" class=\"frm-show-form frm_information-technology frm_js_validate  frm_ajax_submit  frm_pro_form \" id=\"form_informationtechnologydigitaltransofrmation3b7c05cf80\" >\n<div class=\"frm_form_fields \">\n<fieldset>\n<legend class=\"frm_screen_reader\">Industry page form - EN<\/legend>\r\n\r\n<div class=\"frm_fields_container\">\n<input type=\"hidden\" name=\"frm_action\" value=\"create\" \/>\n<input type=\"hidden\" name=\"form_id\" value=\"5\" \/>\n<input type=\"hidden\" name=\"frm_hide_fields_5\" id=\"frm_hide_fields_5\" value=\"\" \/>\n<input type=\"hidden\" name=\"form_key\" value=\"informationtechnologydigitaltransofrmation3b7c05cf80\" \/>\n<input type=\"hidden\" name=\"item_meta[0]\" value=\"\" \/>\n<input type=\"hidden\" id=\"frm_submit_entry_5\" name=\"frm_submit_entry_5\" value=\"1c229dbb22\" \/><input type=\"hidden\" name=\"_wp_http_referer\" value=\"\/en\/wp-json\/wp\/v2\/pages\/3766\" \/><div id=\"frm_field_42_container\" class=\"frm_form_field form-field  frm_required_field frm_top_container frm12\">\r\n    <label for=\"field_u7pr9430971975\" id=\"field_u7pr9430971975_label\" class=\"frm_primary_label\">Name\r\n        <span class=\"frm_required\">*<\/span>\r\n    <\/label>\r\n    <input  type=\"text\" id=\"field_u7pr9430971975\" name=\"item_meta[42]\" value=\"\"  data-reqmsg=\"Name cannot be blank.\" aria-required=\"true\" data-invmsg=\"Text is invalid\" aria-invalid=\"false\"   \/>\r\n    \r\n    \r\n<\/div>\n<div id=\"frm_field_43_container\" class=\"frm_form_field form-field  frm_required_field frm_top_container frm12\">\r\n    <label for=\"field_742aa383fd7f446\" id=\"field_742aa383fd7f446_label\" class=\"frm_primary_label\">Telephone\r\n        <span class=\"frm_required\">*<\/span>\r\n    <\/label>\r\n    <input type=\"tel\" id=\"field_742aa383fd7f446\" name=\"item_meta[43]\" value=\"\"  data-reqmsg=\"Telephone cannot be blank.\" aria-required=\"true\" data-invmsg=\"Phone is invalid\" aria-invalid=\"false\" pattern=\"((\\+\\d{1,3}(-|.| )?\\(?\\d\\)?(-| |.)?\\d{1,5})|(\\(?\\d{2,6}\\)?))(-|.| )?(\\d{3,4})(-|.| )?(\\d{4})(( x| ext)\\d{1,5}){0,1}$\"  \/>\r\n    \r\n    \r\n<\/div>\n<div id=\"frm_field_44_container\" class=\"frm_form_field form-field  frm_required_field frm_top_container frm12\">\r\n    <label for=\"field_3jw770898b4246b\" id=\"field_3jw770898b4246b_label\" class=\"frm_primary_label\">Email\r\n        <span class=\"frm_required\">*<\/span>\r\n    <\/label>\r\n    <input type=\"email\" id=\"field_3jw770898b4246b\" name=\"item_meta[44]\" value=\"\"  data-reqmsg=\"Email cannot be blank.\" aria-required=\"true\" data-invmsg=\"Email is invalid\" aria-invalid=\"false\"  \/>\r\n    \r\n    \r\n<\/div>\n<div id=\"frm_field_45_container\" class=\"frm_form_field form-field  frm_required_field frm_top_container frm12\">\r\n    <label for=\"field_hvgfze43edcec3f\" id=\"field_hvgfze43edcec3f_label\" class=\"frm_primary_label\">Message\r\n        <span class=\"frm_required\">*<\/span>\r\n    <\/label>\r\n    <textarea name=\"item_meta[45]\" id=\"field_hvgfze43edcec3f\" rows=\"2\"  data-reqmsg=\"Message cannot be blank.\" aria-required=\"true\" data-invmsg=\"Message is invalid\" aria-invalid=\"false\"  ><\/textarea>\r\n    \r\n    \r\n<\/div>\n<input type=\"hidden\" name=\"item_meta[46]\" id=\"field_skqn7b5baf26bfc\" value=\"Legal Executives | PIXCELL\"  data-frmval=\"Legal Executives | PIXCELL\"   \/>\n<input type=\"hidden\" name=\"item_meta[47]\" id=\"field_3mdtf1c1c9054a8\" value=\"\/en\/wp-json\/wp\/v2\/pages\/3766\"  data-frmval=\"\/en\/wp-json\/wp\/v2\/pages\/3766\"   \/>\n<input type=\"hidden\" name=\"item_meta[48]\" id=\"field_7eshj513cada4f0\" value=\"en\"  data-frmval=\"en\"   \/>\n<div id=\"frm_field_51_container\" class=\"frm_form_field form-field  frm_none_container\">\r\n    <label for=\"h-captcha-response\" id=\"field_jsg8z_label\" class=\"frm_primary_label\">\r\n        <span class=\"frm_required\"><\/span>\r\n    <\/label>\r\n    <div  id=\"field_jsg8z\" class=\"cf-turnstile\" data-sitekey=\"0x4AAAAAAA9VyvgRrtoAruVM\" data-size=\"normal\" data-theme=\"light\"><\/div>\r\n    \r\n    \r\n<\/div>\n<div id=\"frm_field_54_container\" class=\"frm_form_field form-field \">\r\n\t<div class=\"frm_submit\">\r\n\r\n<button class=\"frm_button_submit frm_final_submit\" type=\"submit\"   formnovalidate=\"formnovalidate\">Submit<\/button>\r\n\r\n<\/div>\r\n<\/div>\n\t<input type=\"hidden\" name=\"item_key\" value=\"\" \/>\n\t\t\t<div id=\"frm_field_57_container\">\n\t\t\t<label for=\"field_cidqr\" >\n\t\t\t\tIf you are human, leave this field blank.\t\t\t<\/label>\n\t\t\t<input  id=\"field_cidqr\" type=\"text\" class=\"frm_form_field form-field frm_verify\" name=\"item_meta[57]\" value=\"\"  \/>\n\t\t<\/div>\n\t\t<input name=\"frm_state\" type=\"hidden\" value=\"MTvtr\/XptmGFSF+tAuaXAFzQi16bi8cNP7QhJjLNuQhblk8jEIjio9hQmq5bvJ5P\" \/><\/div>\n<\/fieldset>\n<\/div>\n\n<\/form>\n<\/div>\n\n<h2>\n\t\tFirst-Rate Support in Commercial Law and Legal Practices\n\t<\/h2>\n\t<p>To achieve your business objectives, you need to protect your assets, and the legal security of your company is key in this regard. Every company, regardless of its structure or industry, has good reason to protect itself against threats by establishing a legal, regulatory and legislative framework that is well adapted to its operations.<\/p>\n\t\t\t\t<img loading=\"lazy\" decoding=\"async\" src=\"https:\/\/pixcell.co\/wp-content\/uploads\/2022\/02\/christina-wocintechchat-com-jzonFmreWok-unsplash-scaled.jpg\" alt=\"christina-wocintechchat-com-jzonFmreWok-unsplash\" itemprop=\"image\" height=\"1707\" width=\"2560\" title=\"christina-wocintechchat-com-jzonFmreWok-unsplash\" onerror=\"this.style.display='none'\"  \/>\n\t<p>Legal, regulatory, ethical and compliance issues are complex and call for solid risk management and prevention. The laws and regulations governing your industry or jurisdiction are always changing. To establish a robust legal structure and to manage thorny business and labour law issues, business leaders rely on sound advice from their legal department.<\/p>\n<p>If you are looking to hire an executive to oversee the legal aspects of your operations, PIXCELL&#8217;s in-house legal recruiters can help you hire your next dependable leader. Carrying out a legal executive search in this area requires a keen understanding of both your unique business challenges and the legal field.<\/p>\n<h2>\n\t\tThe Role of the General Counsel or Vice President, Legal\n\t<\/h2>\n\t\t\t\t<img loading=\"lazy\" decoding=\"async\" src=\"https:\/\/pixcell.co\/wp-content\/uploads\/2022\/02\/shutterstock_130099706-scaled.jpg\" alt=\"Business,People,Shaking,Hands,,Finishing,Up,A,Meeting\" itemprop=\"image\" height=\"1604\" width=\"2560\" title=\"Business,People,Shaking,Hands,,Finishing,Up,A,Meeting\" onerror=\"this.style.display='none'\"  \/>\n\t<p>As head of the legal department, the general counsel oversees all legal and regulatory activities. As a lawyer and member of the Quebec Bar, this executive focuses on the legal aspects of strategic and operational developments. On the commercial side, the general counsel ensures that contracts, agreements and all other legal documents will protect the company in the event of litigation and do not expose the company to risks. On the corporate side, the general counsel is the main legal advisor. In this capacity, this executive addresses the legal aspects of internal policies and regulations and deals with matters such as labour relations issues.<\/p>\n<p>It is common to see the title of general counsel or vice president of legal combined with that of corporate secretary. As the head of the company&#8217;s corporate secretariat, this executive must ensure that everything runs smoothly with the board of directors and that best practices are followed at the level of governance. This executive oversees the deliverables of the corporate secretariat, such as the maintenance of corporate records, audits and annual and statutory reports.<\/p>\n<p>In short, the general counsel must make sure the company&#8217;s legal department functions well, in particular by ensuring quality, encouraging continuous improvement and staying abreast of legal and jurisprudential developments.<\/p>\n<h2>\n\t\tRecruit Your Next General Counsel with Our Talented Legal Executive Search Firm\n\t<\/h2>\n\t<p>PIXCELL understands that you are looking for someone who will propose legal solutions in line with your strategic planning. To apply best practices in the legal and legislative fields, you need a strategic, diligent and inspiring leader.<\/p>\n<p>Are you looking for the right executive to lead the legal and regulatory side of your company? You can count on the legal headhunting and executive recruitment professionals at PIXCELL.<\/p>\n\t\t\t<a href=\"https:\/\/pixcell.co\/en\/contact-us\/\" target=\"_blank\" rel=\"noopener\">\n\t\t\t\t\t\t\tContact Us\n\t\t\t\t\t<\/a>\n\t\t\t\t<img loading=\"lazy\" decoding=\"async\" src=\"https:\/\/pixcell.co\/wp-content\/uploads\/2022\/02\/headway-5QgIuuBxKwM-unsplash-scaled.jpg\" alt=\"headway-5QgIuuBxKwM-unsplash\" itemprop=\"image\" height=\"1707\" width=\"2560\" title=\"headway-5QgIuuBxKwM-unsplash\" onerror=\"this.style.display='none'\"  \/>\n<h2>\n\t\tIndustry Expertise\n\t<\/h2>\n\t\t\t\t<img loading=\"lazy\" decoding=\"async\" src=\"https:\/\/pixcell.co\/wp-content\/uploads\/2020\/09\/information-technology.jpg\" alt=\"information-technology\" itemprop=\"image\" height=\"285\" width=\"589\" title=\"information-technology\" onerror=\"this.style.display='none'\"  \/>\n<h3>\n\t\tInformation Technology &#038; Digital Transformation\n\t<\/h3>\n\t\t\t<a href=\"https:\/\/pixcell.co\/en\/the-pixcell-information-techology\/\" target=\"_self\" rel=\"noopener\">\n\t\t\t\t\t\t\tLearn More\n\t\t\t\t\t<\/a>\n<h3>\n\t\tManufacturing &#038; Enginering\n\t<\/h3>\n\t\t\t<a href=\"\" target=\"_self\" rel=\"noopener\">\n\t\t\t\t\t\t\tLearn More\n\t\t\t\t\t<\/a>\n\t\t\t\t<img loading=\"lazy\" decoding=\"async\" src=\"https:\/\/pixcell.co\/wp-content\/uploads\/2020\/09\/manufacturing-enginering.jpg\" alt=\"manufacturing-enginering\" itemprop=\"image\" height=\"285\" width=\"589\" title=\"manufacturing-enginering\" onerror=\"this.style.display='none'\"  \/>\n\t\t\t\t<img loading=\"lazy\" decoding=\"async\" src=\"https:\/\/pixcell.co\/wp-content\/uploads\/2020\/09\/retaildistribution.jpg\" alt=\"retail&amp;distribution\" itemprop=\"image\" height=\"285\" width=\"387\" title=\"retail&amp;distribution\" onerror=\"this.style.display='none'\"  \/>\n<h3>\n\t\tRetail &#038; Distribution\n\t<\/h3>\n\t\t\t<a href=\"\" target=\"_self\" rel=\"noopener\">\n\t\t\t\t\t\t\tLearn More\n\t\t\t\t\t<\/a>\n<h3>\n\t\tReal Estate &#038; Construction\n\t<\/h3>\n\t\t\t<a href=\"\" target=\"_self\" rel=\"noopener\">\n\t\t\t\t\t\t\tLearn More\n\t\t\t\t\t<\/a>\n\t\t\t\t<img loading=\"lazy\" decoding=\"async\" src=\"https:\/\/pixcell.co\/wp-content\/uploads\/2020\/09\/real-estate.jpg\" alt=\"real-estate\" itemprop=\"image\" height=\"285\" width=\"387\" title=\"real-estate\" onerror=\"this.style.display='none'\"  \/>\n\t\t\t\t<img loading=\"lazy\" decoding=\"async\" src=\"https:\/\/pixcell.co\/wp-content\/uploads\/2020\/09\/finance.jpg\" alt=\"finance\" itemprop=\"image\" height=\"285\" width=\"387\" title=\"finance\" onerror=\"this.style.display='none'\"  \/>\n<h3>\n\t\tFinance\n\t<\/h3>\n\t\t\t<a href=\"\" target=\"_self\" rel=\"noopener\">\n\t\t\t\t\t\t\tLearn More\n\t\t\t\t\t<\/a>\n\n","protected":false},"excerpt":{"rendered":"<p>Hire the Right General Counsel to Represent and Protect Your Interests &#8211; PIXCELL SEARCHING FOR TALENT? WE CAN HELP First-Rate Support in Commercial Law and Legal Practices To achieve your business objectives, you need to protect your assets, and the legal security of your company is key in this regard. Every company, regardless of its structure or industry, has good reason to protect itself against threats by establishing a legal,Read More<\/p>\n","protected":false},"author":7,"featured_media":0,"parent":0,"menu_order":0,"comment_status":"closed","ping_status":"closed","template":"","meta":{"_acf_changed":false,"footnotes":""},"class_list":["post-3766","page","type-page","status-publish","hentry"],"acf":[],"yoast_head":"<!-- This site is optimized with the Yoast SEO plugin v25.8 - https:\/\/yoast.com\/wordpress\/plugins\/seo\/ -->\n<title>Legal Executives | PIXCELL - PIXCELL<\/title>\n<meta name=\"description\" content=\"Vous devez embaucher un gestionnaire pour superviser les aspects l\u00e9gaux de vos op\u00e9rations\u2009? Faites confiance aux chasseurs de t\u00eates de PIXCELL.\" \/>\n<meta name=\"robots\" content=\"index, follow, max-snippet:-1, max-image-preview:large, max-video-preview:-1\" \/>\n<link rel=\"canonical\" href=\"https:\/\/pixcell.co\/en\/legal-executives\/\" \/>\n<meta property=\"og:locale\" content=\"en_US\" \/>\n<meta property=\"og:type\" content=\"article\" \/>\n<meta property=\"og:title\" content=\"Legal Executives | PIXCELL - PIXCELL\" \/>\n<meta property=\"og:description\" content=\"Vous devez embaucher un gestionnaire pour superviser les aspects l\u00e9gaux de vos op\u00e9rations\u2009? Faites confiance aux chasseurs de t\u00eates de PIXCELL.\" \/>\n<meta property=\"og:url\" content=\"https:\/\/pixcell.co\/en\/legal-executives\/\" \/>\n<meta property=\"og:site_name\" content=\"PIXCELL\" \/>\n<meta property=\"article:modified_time\" content=\"2024-12-03T16:43:17+00:00\" \/>\n<meta property=\"og:image\" content=\"https:\/\/pixcell.co\/wp-content\/uploads\/2021\/01\/fleche-vers-le-bas.png\" \/>\n<meta name=\"twitter:card\" content=\"summary_large_image\" \/>\n<meta name=\"twitter:label1\" content=\"Est. reading time\" \/>\n\t<meta name=\"twitter:data1\" content=\"3 minutes\" \/>\n<!-- \/ Yoast SEO plugin. -->","yoast_head_json":{"title":"Legal Executives | PIXCELL - PIXCELL","description":"Vous devez embaucher un gestionnaire pour superviser les aspects l\u00e9gaux de vos op\u00e9rations\u2009? Faites confiance aux chasseurs de t\u00eates de PIXCELL.","robots":{"index":"index","follow":"follow","max-snippet":"max-snippet:-1","max-image-preview":"max-image-preview:large","max-video-preview":"max-video-preview:-1"},"canonical":"https:\/\/pixcell.co\/en\/legal-executives\/","og_locale":"en_US","og_type":"article","og_title":"Legal Executives | PIXCELL - PIXCELL","og_description":"Vous devez embaucher un gestionnaire pour superviser les aspects l\u00e9gaux de vos op\u00e9rations\u2009? Faites confiance aux chasseurs de t\u00eates de PIXCELL.","og_url":"https:\/\/pixcell.co\/en\/legal-executives\/","og_site_name":"PIXCELL","article_modified_time":"2024-12-03T16:43:17+00:00","og_image":[{"url":"https:\/\/pixcell.co\/wp-content\/uploads\/2021\/01\/fleche-vers-le-bas.png","type":"","width":"","height":""}],"twitter_card":"summary_large_image","twitter_misc":{"Est. reading time":"3 minutes"},"schema":{"@context":"https:\/\/schema.org","@graph":[{"@type":"WebPage","@id":"https:\/\/pixcell.co\/en\/legal-executives\/","url":"https:\/\/pixcell.co\/en\/legal-executives\/","name":"Legal Executives | PIXCELL - PIXCELL","isPartOf":{"@id":"https:\/\/pixcell.co\/#website"},"primaryImageOfPage":{"@id":"https:\/\/pixcell.co\/en\/legal-executives\/#primaryimage"},"image":{"@id":"https:\/\/pixcell.co\/en\/legal-executives\/#primaryimage"},"thumbnailUrl":"https:\/\/pixcell.co\/wp-content\/uploads\/2021\/01\/fleche-vers-le-bas.png","datePublished":"2022-01-26T20:32:09+00:00","dateModified":"2024-12-03T16:43:17+00:00","description":"Vous devez embaucher un gestionnaire pour superviser les aspects l\u00e9gaux de vos op\u00e9rations\u2009? Faites confiance aux chasseurs de t\u00eates de PIXCELL.","breadcrumb":{"@id":"https:\/\/pixcell.co\/en\/legal-executives\/#breadcrumb"},"inLanguage":"en-US","potentialAction":[{"@type":"ReadAction","target":["https:\/\/pixcell.co\/en\/legal-executives\/"]}]},{"@type":"ImageObject","inLanguage":"en-US","@id":"https:\/\/pixcell.co\/en\/legal-executives\/#primaryimage","url":"https:\/\/pixcell.co\/wp-content\/uploads\/2021\/01\/fleche-vers-le-bas.png","contentUrl":"https:\/\/pixcell.co\/wp-content\/uploads\/2021\/01\/fleche-vers-le-bas.png"},{"@type":"BreadcrumbList","@id":"https:\/\/pixcell.co\/en\/legal-executives\/#breadcrumb","itemListElement":[{"@type":"ListItem","position":1,"name":"Accueil","item":"https:\/\/pixcell.co\/en\/"},{"@type":"ListItem","position":2,"name":"Legal Executives | PIXCELL"}]},{"@type":"WebSite","@id":"https:\/\/pixcell.co\/#website","url":"https:\/\/pixcell.co\/","name":"PIXCELL","description":"Executive Search Recruiting | Pixcell","publisher":{"@id":"https:\/\/pixcell.co\/#organization"},"alternateName":"PIXCELL - Chasseurs de t\u00eates sp\u00e9cialis\u00e9s en recrutement de cadres","potentialAction":[{"@type":"SearchAction","target":{"@type":"EntryPoint","urlTemplate":"https:\/\/pixcell.co\/?s={search_term_string}"},"query-input":{"@type":"PropertyValueSpecification","valueRequired":true,"valueName":"search_term_string"}}],"inLanguage":"en-US"},{"@type":"Organization","@id":"https:\/\/pixcell.co\/#organization","name":"PIXCELL","url":"https:\/\/pixcell.co\/","logo":{"@type":"ImageObject","inLanguage":"en-US","@id":"https:\/\/pixcell.co\/#\/schema\/logo\/image\/","url":"https:\/\/pixcell.co\/wp-content\/uploads\/2020\/09\/header-logo.png","contentUrl":"https:\/\/pixcell.co\/wp-content\/uploads\/2020\/09\/header-logo.png","width":227,"height":58,"caption":"PIXCELL"},"image":{"@id":"https:\/\/pixcell.co\/#\/schema\/logo\/image\/"}}]}},"_links":{"self":[{"href":"https:\/\/pixcell.co\/en\/wp-json\/wp\/v2\/pages\/3766","targetHints":{"allow":["GET"]}}],"collection":[{"href":"https:\/\/pixcell.co\/en\/wp-json\/wp\/v2\/pages"}],"about":[{"href":"https:\/\/pixcell.co\/en\/wp-json\/wp\/v2\/types\/page"}],"author":[{"embeddable":true,"href":"https:\/\/pixcell.co\/en\/wp-json\/wp\/v2\/users\/7"}],"replies":[{"embeddable":true,"href":"https:\/\/pixcell.co\/en\/wp-json\/wp\/v2\/comments?post=3766"}],"version-history":[{"count":12,"href":"https:\/\/pixcell.co\/en\/wp-json\/wp\/v2\/pages\/3766\/revisions"}],"predecessor-version":[{"id":16059,"href":"https:\/\/pixcell.co\/en\/wp-json\/wp\/v2\/pages\/3766\/revisions\/16059"}],"wp:attachment":[{"href":"https:\/\/pixcell.co\/en\/wp-json\/wp\/v2\/media?parent=3766"}],"curies":[{"name":"wp","href":"https:\/\/api.w.org\/{rel}","templated":true}]}}