{"id":3773,"date":"2022-01-26T16:09:15","date_gmt":"2022-01-26T21:09:15","guid":{"rendered":"https:\/\/pixcell.co\/cadres-en-marketing-pixcell\/"},"modified":"2024-12-03T11:41:02","modified_gmt":"2024-12-03T16:41:02","slug":"marketing-executives","status":"publish","type":"page","link":"https:\/\/pixcell.co\/en\/marketing-executives\/","title":{"rendered":"Marketing Executives | PIXCELL"},"content":{"rendered":"\n<h1>\n\t\tHire the Right Marketing Executive for Your Brand Strategy\n\t<\/h1>\n<h3>\n\t\t&#8211; PIXCELL\n\t<\/h3>\n\t\t\t\t<a href=\"#section_information_technology\" target=\"_self\" itemprop=\"url\" rel=\"noopener\">\n\t\t\t\t<img loading=\"lazy\" decoding=\"async\" src=\"https:\/\/pixcell.co\/wp-content\/uploads\/2021\/01\/fleche-vers-le-bas.png\" alt=\"fleche vers le bas\" itemprop=\"image\" height=\"52\" width=\"32\" title=\"fleche vers le bas\" onerror=\"this.style.display='none'\"  \/>\n\t\t\t\t<\/a>\n<h3>\n\t\tSEARCHING FOR TALENT?\n\t<\/h3>\n<h5>\n\t\tWE CAN HELP\n\t<\/h5>\n\t<div class=\"frm_forms  with_frm_style frm_style_formidable-style\" id=\"frm_form_5_container\" >\n<form enctype=\"multipart\/form-data\" method=\"post\" class=\"frm-show-form frm_information-technology frm_js_validate  frm_ajax_submit  frm_pro_form \" id=\"form_informationtechnologydigitaltransofrmation3b7c05cf80\" >\n<div class=\"frm_form_fields \">\n<fieldset>\n<legend class=\"frm_screen_reader\">Industry page form - EN<\/legend>\r\n\r\n<div class=\"frm_fields_container\">\n<input type=\"hidden\" name=\"frm_action\" value=\"create\" \/>\n<input type=\"hidden\" name=\"form_id\" value=\"5\" \/>\n<input type=\"hidden\" name=\"frm_hide_fields_5\" id=\"frm_hide_fields_5\" value=\"\" \/>\n<input type=\"hidden\" name=\"form_key\" value=\"informationtechnologydigitaltransofrmation3b7c05cf80\" \/>\n<input type=\"hidden\" name=\"item_meta[0]\" value=\"\" \/>\n<input type=\"hidden\" id=\"frm_submit_entry_5\" name=\"frm_submit_entry_5\" value=\"fa88a38782\" \/><input type=\"hidden\" name=\"_wp_http_referer\" value=\"\/en\/wp-json\/wp\/v2\/pages\/3773\" \/><div id=\"frm_field_42_container\" class=\"frm_form_field form-field  frm_required_field frm_top_container frm12\">\r\n    <label for=\"field_u7pr9430971975\" id=\"field_u7pr9430971975_label\" class=\"frm_primary_label\">Name\r\n        <span class=\"frm_required\">*<\/span>\r\n    <\/label>\r\n    <input  type=\"text\" id=\"field_u7pr9430971975\" name=\"item_meta[42]\" value=\"\"  data-reqmsg=\"Name cannot be blank.\" aria-required=\"true\" data-invmsg=\"Text is invalid\" aria-invalid=\"false\"   \/>\r\n    \r\n    \r\n<\/div>\n<div id=\"frm_field_43_container\" class=\"frm_form_field form-field  frm_required_field frm_top_container frm12\">\r\n    <label for=\"field_742aa383fd7f446\" id=\"field_742aa383fd7f446_label\" class=\"frm_primary_label\">Telephone\r\n        <span class=\"frm_required\">*<\/span>\r\n    <\/label>\r\n    <input type=\"tel\" id=\"field_742aa383fd7f446\" name=\"item_meta[43]\" value=\"\"  data-reqmsg=\"Telephone cannot be blank.\" aria-required=\"true\" data-invmsg=\"Phone is invalid\" aria-invalid=\"false\" pattern=\"((\\+\\d{1,3}(-|.| )?\\(?\\d\\)?(-| |.)?\\d{1,5})|(\\(?\\d{2,6}\\)?))(-|.| )?(\\d{3,4})(-|.| )?(\\d{4})(( x| ext)\\d{1,5}){0,1}$\"  \/>\r\n    \r\n    \r\n<\/div>\n<div id=\"frm_field_44_container\" class=\"frm_form_field form-field  frm_required_field frm_top_container frm12\">\r\n    <label for=\"field_3jw770898b4246b\" id=\"field_3jw770898b4246b_label\" class=\"frm_primary_label\">Email\r\n        <span class=\"frm_required\">*<\/span>\r\n    <\/label>\r\n    <input type=\"email\" id=\"field_3jw770898b4246b\" name=\"item_meta[44]\" value=\"\"  data-reqmsg=\"Email cannot be blank.\" aria-required=\"true\" data-invmsg=\"Email is invalid\" aria-invalid=\"false\"  \/>\r\n    \r\n    \r\n<\/div>\n<div id=\"frm_field_45_container\" class=\"frm_form_field form-field  frm_required_field frm_top_container frm12\">\r\n    <label for=\"field_hvgfze43edcec3f\" id=\"field_hvgfze43edcec3f_label\" class=\"frm_primary_label\">Message\r\n        <span class=\"frm_required\">*<\/span>\r\n    <\/label>\r\n    <textarea name=\"item_meta[45]\" id=\"field_hvgfze43edcec3f\" rows=\"2\"  data-reqmsg=\"Message cannot be blank.\" aria-required=\"true\" data-invmsg=\"Message is invalid\" aria-invalid=\"false\"  ><\/textarea>\r\n    \r\n    \r\n<\/div>\n<input type=\"hidden\" name=\"item_meta[46]\" id=\"field_skqn7b5baf26bfc\" value=\"Marketing Executives | PIXCELL\"  data-frmval=\"Marketing Executives | PIXCELL\"   \/>\n<input type=\"hidden\" name=\"item_meta[47]\" id=\"field_3mdtf1c1c9054a8\" value=\"\/en\/wp-json\/wp\/v2\/pages\/3773\"  data-frmval=\"\/en\/wp-json\/wp\/v2\/pages\/3773\"   \/>\n<input type=\"hidden\" name=\"item_meta[48]\" id=\"field_7eshj513cada4f0\" value=\"en\"  data-frmval=\"en\"   \/>\n<div id=\"frm_field_51_container\" class=\"frm_form_field form-field  frm_none_container\">\r\n    <label for=\"h-captcha-response\" id=\"field_jsg8z_label\" class=\"frm_primary_label\">\r\n        <span class=\"frm_required\"><\/span>\r\n    <\/label>\r\n    <div  id=\"field_jsg8z\" class=\"cf-turnstile\" data-sitekey=\"0x4AAAAAAA9VyvgRrtoAruVM\" data-size=\"normal\" data-theme=\"light\"><\/div>\r\n    \r\n    \r\n<\/div>\n<div id=\"frm_field_54_container\" class=\"frm_form_field form-field \">\r\n\t<div class=\"frm_submit\">\r\n\r\n<button class=\"frm_button_submit frm_final_submit\" type=\"submit\"   formnovalidate=\"formnovalidate\">Submit<\/button>\r\n\r\n<\/div>\r\n<\/div>\n\t<input type=\"hidden\" name=\"item_key\" value=\"\" \/>\n\t\t\t<div id=\"frm_field_57_container\">\n\t\t\t<label for=\"field_9361v\" >\n\t\t\t\tIf you are human, leave this field blank.\t\t\t<\/label>\n\t\t\t<input  id=\"field_9361v\" type=\"text\" class=\"frm_form_field form-field frm_verify\" name=\"item_meta[57]\" value=\"\"  \/>\n\t\t<\/div>\n\t\t<input name=\"frm_state\" type=\"hidden\" value=\"MTvtr\/XptmGFSF+tAuaXAMXWDg4XoGl4kCIH0J3OGutblk8jEIjio9hQmq5bvJ5P\" \/><\/div>\n<\/fieldset>\n<\/div>\n\n<\/form>\n<\/div>\n\n<h2>\n\t\tBuild or Boost Your Company&#8217;s Reputation with the Right Marketing Executive\n\t<\/h2>\n\t<p>The aim of every marketing decision is to enhance the public&#8217;s perception of a product, company or brand. Every project, whether it is advertising, digital marketing, a promotional activity, communications or public relations, must be aligned with a marketing strategy, and its impact must be measurable.<\/p>\n\t\t\t\t<img loading=\"lazy\" decoding=\"async\" src=\"https:\/\/pixcell.co\/wp-content\/uploads\/2022\/02\/nastuh-abootalebi-eHD8Y1Znfpk-unsplash.jpg\" alt=\"nastuh-abootalebi-eHD8Y1Znfpk-unsplash\" itemprop=\"image\" height=\"1536\" width=\"2301\" title=\"nastuh-abootalebi-eHD8Y1Znfpk-unsplash\" onerror=\"this.style.display='none'\"  \/>\n\t<p>Additionally, in industries such as food and beverage, marketing and merchandising of certain products requires a detailed knowledge of sales, the market, trends and challenges. This is particularly true in industries such as food and beverage. Carrying out a marketing executive search requires not only a solid understanding of the latest marketing trends but also a detailed analysis of your business environment.<\/p>\n<p>Count on PIXCELL to fill your executive marketing position. Our marketing headhunters understand that you are looking for a candidate to provide strategic leadership and analyze the market with a keen eye-in short, someone who can lead your company toward its target.<\/p>\n<h2>\n\t\tThree Common Executive<strong> Marketing Positions<\/strong>\n\t<\/h2>\n<h3>\n\t\tVice President, Marketing\n\t<\/h3>\n\t<p>This marketing executive is responsible for developing the brand and product marketing strategy so that it is aligned with the company&#8217;s business objectives. This executive must have a long-term vision of how to position the product offering on the market.<\/p>\n<p>In addition, the vice president of marketing supervises marketing teams and outside partners such as advertising, marketing and content creation agencies. This executive must also manage advertising and marketing research budgets and optimize the performance of marketing communications activities. This performance can be quantifiable, as with sales volume, or intangible, as with brand awareness. The duties of the vice president of marketing may also include acting as the company&#8217;s spokesperson for media relations.<\/p>\n<h3>\n\t\tChief Marketing Officer (CMO)\n\t<\/h3>\n\t<p>This role is currently being redefined because of the transformations digital marketing is undergoing. The chief marketing officer ensures that the company&#8217;s distribution channels continue to evolve. The distribution strategy can be multi-channel (multiple independent sales points), cross-channel (multiple sales points that share data) or omni-channel (where the buying experience is uniform, regardless of the channel the customer chooses).<\/p>\n<h3>\n\t\tVice President, Product or Director, Product\n\t<\/h3>\n\t<p>The role of the vice president of product or director of product is to formulate a strategic approach to product innovation based on the company&#8217;s vision. This involves assessing which products to commercialize to maximize company sales and profitability. The vice president of product must also develop the product profile, used to market the product to all levels of the company, from the CEO to the production manager. This executive&#8217;s aims must always be in line with the company&#8217;s manufacturing capacity.<\/p>\n<h2>\n\t\tRecruit and Retain Your Next <strong> Marketing Executive <\/strong> with Our Experienced Recruiters\n\t<\/h2>\n\t<p>At PIXCELL, we know that, in the global economy, having a strong brand and a solid marketing strategy is more than just a bonus-it is imperative to a company&#8217;s survival. While new technologies provide companies with valuable opportunities to differentiate themselves, their vision in marketing needs to be defined by a competent, innovative marketing executive. We know from experience that every marketing executive search in this field is unique.<\/p>\n<p>Count on the marketing and advertising headhunters at PIXCELL to find the marketing executive who will know how to position you favourably in your market and contribute to the longevity of your company.<\/p>\n\t\t\t<a href=\"https:\/\/pixcell.co\/en\/contact-us\/\" target=\"_blank\" rel=\"noopener\">\n\t\t\t\t\t\t\tContact Us\n\t\t\t\t\t<\/a>\n\t\t\t\t<img loading=\"lazy\" decoding=\"async\" src=\"https:\/\/pixcell.co\/wp-content\/uploads\/2022\/02\/shutterstock_1928186753-scaled.jpg\" alt=\"Business,People,Discussing,Documents,And,Ideas,At,Meeting\" itemprop=\"image\" height=\"1707\" width=\"2560\" title=\"Business,People,Discussing,Documents,And,Ideas,At,Meeting\" onerror=\"this.style.display='none'\"  \/>\n<h2>\n\t\tIndustry Expertise\n\t<\/h2>\n\t\t\t\t<img loading=\"lazy\" decoding=\"async\" src=\"https:\/\/pixcell.co\/wp-content\/uploads\/2020\/09\/information-technology.jpg\" alt=\"information-technology\" itemprop=\"image\" height=\"285\" width=\"589\" title=\"information-technology\" onerror=\"this.style.display='none'\"  \/>\n<h3>\n\t\tInformation Technology &#038; Digital Transformation\n\t<\/h3>\n\t\t\t<a href=\"https:\/\/pixcell.co\/en\/the-pixcell-information-techology\/\" target=\"_self\" rel=\"noopener\">\n\t\t\t\t\t\t\tLearn More\n\t\t\t\t\t<\/a>\n<h3>\n\t\tManufacturing &#038; Enginering\n\t<\/h3>\n\t\t\t<a href=\"\" target=\"_self\" rel=\"noopener\">\n\t\t\t\t\t\t\tLearn More\n\t\t\t\t\t<\/a>\n\t\t\t\t<img loading=\"lazy\" decoding=\"async\" src=\"https:\/\/pixcell.co\/wp-content\/uploads\/2020\/09\/manufacturing-enginering.jpg\" alt=\"manufacturing-enginering\" itemprop=\"image\" height=\"285\" width=\"589\" title=\"manufacturing-enginering\" onerror=\"this.style.display='none'\"  \/>\n\t\t\t\t<img loading=\"lazy\" decoding=\"async\" src=\"https:\/\/pixcell.co\/wp-content\/uploads\/2020\/09\/retaildistribution.jpg\" alt=\"retail&amp;distribution\" itemprop=\"image\" height=\"285\" width=\"387\" title=\"retail&amp;distribution\" onerror=\"this.style.display='none'\"  \/>\n<h3>\n\t\tRetail &#038; Distribution\n\t<\/h3>\n\t\t\t<a href=\"\" target=\"_self\" rel=\"noopener\">\n\t\t\t\t\t\t\tLearn More\n\t\t\t\t\t<\/a>\n<h3>\n\t\tReal Estate &#038; Construction\n\t<\/h3>\n\t\t\t<a href=\"\" target=\"_self\" rel=\"noopener\">\n\t\t\t\t\t\t\tLearn More\n\t\t\t\t\t<\/a>\n\t\t\t\t<img loading=\"lazy\" decoding=\"async\" src=\"https:\/\/pixcell.co\/wp-content\/uploads\/2020\/09\/real-estate.jpg\" alt=\"real-estate\" itemprop=\"image\" height=\"285\" width=\"387\" title=\"real-estate\" onerror=\"this.style.display='none'\"  \/>\n\t\t\t\t<img loading=\"lazy\" decoding=\"async\" src=\"https:\/\/pixcell.co\/wp-content\/uploads\/2020\/09\/finance.jpg\" alt=\"finance\" itemprop=\"image\" height=\"285\" width=\"387\" title=\"finance\" onerror=\"this.style.display='none'\"  \/>\n<h3>\n\t\tFinance\n\t<\/h3>\n\t\t\t<a href=\"\" target=\"_self\" rel=\"noopener\">\n\t\t\t\t\t\t\tLearn More\n\t\t\t\t\t<\/a>\n\n","protected":false},"excerpt":{"rendered":"<p>Hire the Right Marketing Executive for Your Brand Strategy &#8211; PIXCELL SEARCHING FOR TALENT? WE CAN HELP Build or Boost Your Company&#8217;s Reputation with the Right Marketing Executive The aim of every marketing decision is to enhance the public&#8217;s perception of a product, company or brand. Every project, whether it is advertising, digital marketing, a promotional activity, communications or public relations, must be aligned with a marketing strategy, and itsRead More<\/p>\n","protected":false},"author":7,"featured_media":0,"parent":0,"menu_order":0,"comment_status":"closed","ping_status":"closed","template":"","meta":{"_acf_changed":false,"footnotes":""},"class_list":["post-3773","page","type-page","status-publish","hentry"],"acf":[],"yoast_head":"<!-- This site is optimized with the Yoast SEO plugin v25.8 - https:\/\/yoast.com\/wordpress\/plugins\/seo\/ -->\n<title>Marketing Executives | PIXCELL - PIXCELL<\/title>\n<meta name=\"description\" content=\"Count on our marketing headhunters to find a marketing executive who can position your company in your market.\" \/>\n<meta name=\"robots\" content=\"index, follow, max-snippet:-1, max-image-preview:large, max-video-preview:-1\" \/>\n<link rel=\"canonical\" href=\"https:\/\/pixcell.co\/en\/marketing-executives\/\" \/>\n<meta property=\"og:locale\" content=\"en_US\" \/>\n<meta property=\"og:type\" content=\"article\" \/>\n<meta property=\"og:title\" content=\"Marketing Executives | PIXCELL - PIXCELL\" \/>\n<meta property=\"og:description\" content=\"Count on our marketing headhunters to find a marketing executive who can position your company in your market.\" \/>\n<meta property=\"og:url\" content=\"https:\/\/pixcell.co\/en\/marketing-executives\/\" \/>\n<meta property=\"og:site_name\" content=\"PIXCELL\" \/>\n<meta property=\"article:modified_time\" content=\"2024-12-03T16:41:02+00:00\" \/>\n<meta property=\"og:image\" content=\"https:\/\/pixcell.co\/wp-content\/uploads\/2021\/01\/fleche-vers-le-bas.png\" \/>\n<meta name=\"twitter:card\" content=\"summary_large_image\" \/>\n<meta name=\"twitter:label1\" content=\"Est. reading time\" \/>\n\t<meta name=\"twitter:data1\" content=\"3 minutes\" \/>\n<!-- \/ Yoast SEO plugin. -->","yoast_head_json":{"title":"Marketing Executives | PIXCELL - PIXCELL","description":"Count on our marketing headhunters to find a marketing executive who can position your company in your market.","robots":{"index":"index","follow":"follow","max-snippet":"max-snippet:-1","max-image-preview":"max-image-preview:large","max-video-preview":"max-video-preview:-1"},"canonical":"https:\/\/pixcell.co\/en\/marketing-executives\/","og_locale":"en_US","og_type":"article","og_title":"Marketing Executives | PIXCELL - PIXCELL","og_description":"Count on our marketing headhunters to find a marketing executive who can position your company in your market.","og_url":"https:\/\/pixcell.co\/en\/marketing-executives\/","og_site_name":"PIXCELL","article_modified_time":"2024-12-03T16:41:02+00:00","og_image":[{"url":"https:\/\/pixcell.co\/wp-content\/uploads\/2021\/01\/fleche-vers-le-bas.png","type":"","width":"","height":""}],"twitter_card":"summary_large_image","twitter_misc":{"Est. reading time":"3 minutes"},"schema":{"@context":"https:\/\/schema.org","@graph":[{"@type":"WebPage","@id":"https:\/\/pixcell.co\/en\/marketing-executives\/","url":"https:\/\/pixcell.co\/en\/marketing-executives\/","name":"Marketing Executives | PIXCELL - PIXCELL","isPartOf":{"@id":"https:\/\/pixcell.co\/#website"},"primaryImageOfPage":{"@id":"https:\/\/pixcell.co\/en\/marketing-executives\/#primaryimage"},"image":{"@id":"https:\/\/pixcell.co\/en\/marketing-executives\/#primaryimage"},"thumbnailUrl":"https:\/\/pixcell.co\/wp-content\/uploads\/2021\/01\/fleche-vers-le-bas.png","datePublished":"2022-01-26T21:09:15+00:00","dateModified":"2024-12-03T16:41:02+00:00","description":"Count on our marketing headhunters to find a marketing executive who can position your company in your market.","breadcrumb":{"@id":"https:\/\/pixcell.co\/en\/marketing-executives\/#breadcrumb"},"inLanguage":"en-US","potentialAction":[{"@type":"ReadAction","target":["https:\/\/pixcell.co\/en\/marketing-executives\/"]}]},{"@type":"ImageObject","inLanguage":"en-US","@id":"https:\/\/pixcell.co\/en\/marketing-executives\/#primaryimage","url":"https:\/\/pixcell.co\/wp-content\/uploads\/2021\/01\/fleche-vers-le-bas.png","contentUrl":"https:\/\/pixcell.co\/wp-content\/uploads\/2021\/01\/fleche-vers-le-bas.png"},{"@type":"BreadcrumbList","@id":"https:\/\/pixcell.co\/en\/marketing-executives\/#breadcrumb","itemListElement":[{"@type":"ListItem","position":1,"name":"Accueil","item":"https:\/\/pixcell.co\/en\/"},{"@type":"ListItem","position":2,"name":"Marketing Executives | PIXCELL"}]},{"@type":"WebSite","@id":"https:\/\/pixcell.co\/#website","url":"https:\/\/pixcell.co\/","name":"PIXCELL","description":"Executive Search Recruiting | Pixcell","publisher":{"@id":"https:\/\/pixcell.co\/#organization"},"alternateName":"PIXCELL - Chasseurs de t\u00eates sp\u00e9cialis\u00e9s en recrutement de cadres","potentialAction":[{"@type":"SearchAction","target":{"@type":"EntryPoint","urlTemplate":"https:\/\/pixcell.co\/?s={search_term_string}"},"query-input":{"@type":"PropertyValueSpecification","valueRequired":true,"valueName":"search_term_string"}}],"inLanguage":"en-US"},{"@type":"Organization","@id":"https:\/\/pixcell.co\/#organization","name":"PIXCELL","url":"https:\/\/pixcell.co\/","logo":{"@type":"ImageObject","inLanguage":"en-US","@id":"https:\/\/pixcell.co\/#\/schema\/logo\/image\/","url":"https:\/\/pixcell.co\/wp-content\/uploads\/2020\/09\/header-logo.png","contentUrl":"https:\/\/pixcell.co\/wp-content\/uploads\/2020\/09\/header-logo.png","width":227,"height":58,"caption":"PIXCELL"},"image":{"@id":"https:\/\/pixcell.co\/#\/schema\/logo\/image\/"}}]}},"_links":{"self":[{"href":"https:\/\/pixcell.co\/en\/wp-json\/wp\/v2\/pages\/3773","targetHints":{"allow":["GET"]}}],"collection":[{"href":"https:\/\/pixcell.co\/en\/wp-json\/wp\/v2\/pages"}],"about":[{"href":"https:\/\/pixcell.co\/en\/wp-json\/wp\/v2\/types\/page"}],"author":[{"embeddable":true,"href":"https:\/\/pixcell.co\/en\/wp-json\/wp\/v2\/users\/7"}],"replies":[{"embeddable":true,"href":"https:\/\/pixcell.co\/en\/wp-json\/wp\/v2\/comments?post=3773"}],"version-history":[{"count":9,"href":"https:\/\/pixcell.co\/en\/wp-json\/wp\/v2\/pages\/3773\/revisions"}],"predecessor-version":[{"id":16053,"href":"https:\/\/pixcell.co\/en\/wp-json\/wp\/v2\/pages\/3773\/revisions\/16053"}],"wp:attachment":[{"href":"https:\/\/pixcell.co\/en\/wp-json\/wp\/v2\/media?parent=3773"}],"curies":[{"name":"wp","href":"https:\/\/api.w.org\/{rel}","templated":true}]}}