{"id":3797,"date":"2022-01-27T11:46:54","date_gmt":"2022-01-27T16:46:54","guid":{"rendered":"https:\/\/pixcell.co\/gestionnaires-des-ressources-humaines-pixcell\/"},"modified":"2024-12-03T11:42:32","modified_gmt":"2024-12-03T16:42:32","slug":"human-resources-executives","status":"publish","type":"page","link":"https:\/\/pixcell.co\/en\/human-resources-executives\/","title":{"rendered":"Human Resources Executives | PIXCELL"},"content":{"rendered":"\n<h1>\n\t\tRecruit the Top Executive to Manage your Talent \n\t<\/h1>\n<h3>\n\t\t &#8211; PIXCELL\n\t<\/h3>\n\t\t\t\t<a href=\"#section_information_technology\" target=\"_self\" itemprop=\"url\" rel=\"noopener\">\n\t\t\t\t<img loading=\"lazy\" decoding=\"async\" src=\"https:\/\/pixcell.co\/wp-content\/uploads\/2021\/01\/fleche-vers-le-bas.png\" alt=\"fleche vers le bas\" itemprop=\"image\" height=\"52\" width=\"32\" title=\"fleche vers le bas\" onerror=\"this.style.display='none'\"  \/>\n\t\t\t\t<\/a>\n<h3>\n\t\tSEARCHING FOR TALENT?\n\t<\/h3>\n<h5>\n\t\tWE CAN HELP\n\t<\/h5>\n\t<div class=\"frm_forms  with_frm_style frm_style_formidable-style\" id=\"frm_form_5_container\" >\n<form enctype=\"multipart\/form-data\" method=\"post\" class=\"frm-show-form frm_information-technology frm_js_validate  frm_ajax_submit  frm_pro_form \" id=\"form_informationtechnologydigitaltransofrmation3b7c05cf80\" >\n<div class=\"frm_form_fields \">\n<fieldset>\n<legend class=\"frm_screen_reader\">Industry page form - EN<\/legend>\r\n\r\n<div class=\"frm_fields_container\">\n<input type=\"hidden\" name=\"frm_action\" value=\"create\" \/>\n<input type=\"hidden\" name=\"form_id\" value=\"5\" \/>\n<input type=\"hidden\" name=\"frm_hide_fields_5\" id=\"frm_hide_fields_5\" value=\"\" \/>\n<input type=\"hidden\" name=\"form_key\" value=\"informationtechnologydigitaltransofrmation3b7c05cf80\" \/>\n<input type=\"hidden\" name=\"item_meta[0]\" value=\"\" \/>\n<input type=\"hidden\" id=\"frm_submit_entry_5\" name=\"frm_submit_entry_5\" value=\"fa88a38782\" \/><input type=\"hidden\" name=\"_wp_http_referer\" value=\"\/en\/wp-json\/wp\/v2\/pages\/3797\" \/><div id=\"frm_field_42_container\" class=\"frm_form_field form-field  frm_required_field frm_top_container frm12\">\r\n    <label for=\"field_u7pr9430971975\" id=\"field_u7pr9430971975_label\" class=\"frm_primary_label\">Name\r\n        <span class=\"frm_required\">*<\/span>\r\n    <\/label>\r\n    <input  type=\"text\" id=\"field_u7pr9430971975\" name=\"item_meta[42]\" value=\"\"  data-reqmsg=\"Name cannot be blank.\" aria-required=\"true\" data-invmsg=\"Text is invalid\" aria-invalid=\"false\"   \/>\r\n    \r\n    \r\n<\/div>\n<div id=\"frm_field_43_container\" class=\"frm_form_field form-field  frm_required_field frm_top_container frm12\">\r\n    <label for=\"field_742aa383fd7f446\" id=\"field_742aa383fd7f446_label\" class=\"frm_primary_label\">Telephone\r\n        <span class=\"frm_required\">*<\/span>\r\n    <\/label>\r\n    <input type=\"tel\" id=\"field_742aa383fd7f446\" name=\"item_meta[43]\" value=\"\"  data-reqmsg=\"Telephone cannot be blank.\" aria-required=\"true\" data-invmsg=\"Phone is invalid\" aria-invalid=\"false\" pattern=\"((\\+\\d{1,3}(-|.| )?\\(?\\d\\)?(-| |.)?\\d{1,5})|(\\(?\\d{2,6}\\)?))(-|.| )?(\\d{3,4})(-|.| )?(\\d{4})(( x| ext)\\d{1,5}){0,1}$\"  \/>\r\n    \r\n    \r\n<\/div>\n<div id=\"frm_field_44_container\" class=\"frm_form_field form-field  frm_required_field frm_top_container frm12\">\r\n    <label for=\"field_3jw770898b4246b\" id=\"field_3jw770898b4246b_label\" class=\"frm_primary_label\">Email\r\n        <span class=\"frm_required\">*<\/span>\r\n    <\/label>\r\n    <input type=\"email\" id=\"field_3jw770898b4246b\" name=\"item_meta[44]\" value=\"\"  data-reqmsg=\"Email cannot be blank.\" aria-required=\"true\" data-invmsg=\"Email is invalid\" aria-invalid=\"false\"  \/>\r\n    \r\n    \r\n<\/div>\n<div id=\"frm_field_45_container\" class=\"frm_form_field form-field  frm_required_field frm_top_container frm12\">\r\n    <label for=\"field_hvgfze43edcec3f\" id=\"field_hvgfze43edcec3f_label\" class=\"frm_primary_label\">Message\r\n        <span class=\"frm_required\">*<\/span>\r\n    <\/label>\r\n    <textarea name=\"item_meta[45]\" id=\"field_hvgfze43edcec3f\" rows=\"2\"  data-reqmsg=\"Message cannot be blank.\" aria-required=\"true\" data-invmsg=\"Message is invalid\" aria-invalid=\"false\"  ><\/textarea>\r\n    \r\n    \r\n<\/div>\n<input type=\"hidden\" name=\"item_meta[46]\" id=\"field_skqn7b5baf26bfc\" value=\"Human Resources Executives | PIXCELL\"  data-frmval=\"Human Resources Executives | PIXCELL\"   \/>\n<input type=\"hidden\" name=\"item_meta[47]\" id=\"field_3mdtf1c1c9054a8\" value=\"\/en\/wp-json\/wp\/v2\/pages\/3797\"  data-frmval=\"\/en\/wp-json\/wp\/v2\/pages\/3797\"   \/>\n<input type=\"hidden\" name=\"item_meta[48]\" id=\"field_7eshj513cada4f0\" value=\"en\"  data-frmval=\"en\"   \/>\n<div id=\"frm_field_51_container\" class=\"frm_form_field form-field  frm_none_container\">\r\n    <label for=\"h-captcha-response\" id=\"field_jsg8z_label\" class=\"frm_primary_label\">\r\n        <span class=\"frm_required\"><\/span>\r\n    <\/label>\r\n    <div  id=\"field_jsg8z\" class=\"cf-turnstile\" data-sitekey=\"0x4AAAAAAA9VyvgRrtoAruVM\" data-size=\"normal\" data-theme=\"light\"><\/div>\r\n    \r\n    \r\n<\/div>\n<div id=\"frm_field_54_container\" class=\"frm_form_field form-field \">\r\n\t<div class=\"frm_submit\">\r\n\r\n<button class=\"frm_button_submit frm_final_submit\" type=\"submit\"   formnovalidate=\"formnovalidate\">Submit<\/button>\r\n\r\n<\/div>\r\n<\/div>\n\t<input type=\"hidden\" name=\"item_key\" value=\"\" \/>\n\t\t\t<div id=\"frm_field_57_container\">\n\t\t\t<label for=\"field_df497\" >\n\t\t\t\tIf you are human, leave this field blank.\t\t\t<\/label>\n\t\t\t<input  id=\"field_df497\" type=\"text\" class=\"frm_form_field form-field frm_verify\" name=\"item_meta[57]\" value=\"\"  \/>\n\t\t<\/div>\n\t\t<input name=\"frm_state\" type=\"hidden\" value=\"MTvtr\/XptmGFSF+tAuaXAGG3wI+AoKhynoMonCRqUC1blk8jEIjio9hQmq5bvJ5P\" \/><\/div>\n<\/fieldset>\n<\/div>\n\n<\/form>\n<\/div>\n\n<h2>\n\t\tHire, Motivate and Retain Your Employees with a Strong Corporate Culture\n\t<\/h2>\n\t<p>As the head of a company, you want to have well supported, highly motivated human resources who can achieve your business objectives. With the current labour shortage, which is affecting many positions and most industries, you need to do everything in your power to stand out when recruiting and retaining top talent and encouraging your employees to rise in the ranks.<\/p>\n\t<p>Your human resources (HR) executive is an invaluable advisor, no matter the challenges your company is facing. In times of growth, this person oversees employment and recruitment and ensures effective internal change management. Conversely, if you need to reduce staff or close down offices, you can count on your HR executive to advise you on the best strategy. When it comes to promoting diversity, equity and inclusion and preventing harassment in the workplace, your HR executive must propose new ways of doing things to maximize the well-being of employees while considering the interests of the company.<\/p>\n<p>The HR headhunters at PIXCELL are well-versed in the specific challenges of this field. We know that every HR executive must have a solid work ethic and strong communication skills. Our rigorous executive search process includes a detailed analysis of your current company culture.<\/p>\n\t\t\t\t<img loading=\"lazy\" decoding=\"async\" src=\"https:\/\/pixcell.co\/wp-content\/uploads\/2022\/02\/campaign-creators-e6n7uoEnYbA-unsplash-scaled.jpg\" alt=\"campaign-creators-e6n7uoEnYbA-unsplash\" itemprop=\"image\" height=\"1707\" width=\"2560\" title=\"campaign-creators-e6n7uoEnYbA-unsplash\" onerror=\"this.style.display='none'\"  \/>\n<h2>\n\t\tThree Executive Roles in  <strong>Human Resources<\/strong>\n\t<\/h2>\n<h3>\n\t\tChief Human Resources Officer (CHRO) or Vice President, Human Resources\n\t<\/h3>\n\t<p>The CHRO must develop strategies to manage the company&#8217;s workforce in an efficient and considerate manner. This starts with identifying HR issues in the company&#8217;s market, such as a shortage of qualified workers, high turnover or a lack of succession. The CHRO is responsible for responding to these issues and the challenges they pose.<\/p>\n<p>The CHRO also oversees the company culture, including strategies and initiatives in internal communication, change management and employer brand aimed at increasing employees&#8217; sense of belonging.<\/p>\n<p>In short, the CHRO or vice president of human resources ensures that best HR practices are applied throughout the company, particularly with respect to compensation, labour standards and employee health and safety. To this end, this executive plays a central role in shaping all programs and initiatives related to human resources.<\/p>\n<h3>\n\t\tVice President, Talent and Culture\n\t<\/h3>\n\t<p>The role of vice president of talent and culture is to drive performance and engagement among employees by promoting a strong, meaningful company culture. This executive deploys various strategies to ensure that employees have a set of common values and are focused on achieving company objectives.<\/p>\n<p>This position is most common in industries where companies need to differentiate themselves to hire or retain top talent. To help the company stand out as a recruiter or an employer, the vice president of talent and culture implements a recruitment, compensation and bonus strategy that is both attractive and aligned with the company&#8217;s business priorities. This executive has a hand in everything related to staff, total compensation and internal communications.<\/p>\n<h3>\n\t\tDirector, Human Resources\n\t<\/h3>\n\t<p>Reporting to the vice president of human resources, the director of human resources is responsible for executing the HR strategy through action plans. This executive supervises all HR department employees, including organizational development advisors, trainers and staffing technicians.<\/p>\n<p>The director of human resources helps to build and analyze HR performance indicators. Executives in this role ensure that the processes and tools for which their team is responsible are constantly improving. Larger companies may also have human resources executives who specialize in a specific area, for example:<\/p>\n<ul>\n<li>Director, Compensation<\/li>\n<li>Director, Labour Relations<\/li>\n<li>Director, Health and Safety<\/li>\n<\/ul>\n<h2>\n\t\t <strong>Recruit <\/strong> Your Future Talent Management Leader with Our Human Resources Headhunters\n\t<\/h2>\n\t<p>No matter what role you need to fill to lead your workforce, you want a trustworthy executive with an excellent work ethic. If you are looking outside your ranks to hire your next HR leader, a rigorous executive search process is critical to the long-term success of your company.<\/p>\n<p>Count on PIXCELL to recruit your next HR executive. Our HR talent recruiters will find the leader who can implement the right strategies for attracting, retaining and engaging human capital.<\/p>\n\t\t\t<a href=\"https:\/\/pixcell.co\/en\/contact-us\/\" target=\"_self\" rel=\"noopener\">\n\t\t\t\t\t\t\tContact Us \n\t\t\t\t\t<\/a>\n\t\t\t\t<img loading=\"lazy\" decoding=\"async\" src=\"https:\/\/pixcell.co\/wp-content\/uploads\/2022\/02\/hunters-race-MYbhN8KaaEc-unsplash-1-scaled.jpg\" alt=\"hunters-race-MYbhN8KaaEc-unsplash\" itemprop=\"image\" height=\"1706\" width=\"2560\" title=\"hunters-race-MYbhN8KaaEc-unsplash\" onerror=\"this.style.display='none'\"  \/>\n<h2>\n\t\tIndustry Expertise\n\t<\/h2>\n\t\t\t\t<img loading=\"lazy\" decoding=\"async\" src=\"https:\/\/pixcell.co\/wp-content\/uploads\/2020\/09\/information-technology.jpg\" alt=\"information-technology\" itemprop=\"image\" height=\"285\" width=\"589\" title=\"information-technology\" onerror=\"this.style.display='none'\"  \/>\n<h3>\n\t\tInformation Technology &#038; Digital Transformation\n\t<\/h3>\n\t\t\t<a href=\"https:\/\/pixcell.co\/en\/the-pixcell-information-techology\/\" target=\"_self\" rel=\"noopener\">\n\t\t\t\t\t\t\tLearn More\n\t\t\t\t\t<\/a>\n<h3>\n\t\tManufacturing &#038; Enginering\n\t<\/h3>\n\t\t\t<a href=\"\" target=\"_self\" rel=\"noopener\">\n\t\t\t\t\t\t\tLearn More\n\t\t\t\t\t<\/a>\n\t\t\t\t<img loading=\"lazy\" decoding=\"async\" src=\"https:\/\/pixcell.co\/wp-content\/uploads\/2020\/09\/manufacturing-enginering.jpg\" alt=\"manufacturing-enginering\" itemprop=\"image\" height=\"285\" width=\"589\" title=\"manufacturing-enginering\" onerror=\"this.style.display='none'\"  \/>\n\t\t\t\t<img loading=\"lazy\" decoding=\"async\" src=\"https:\/\/pixcell.co\/wp-content\/uploads\/2020\/09\/retaildistribution.jpg\" alt=\"retail&amp;distribution\" itemprop=\"image\" height=\"285\" width=\"387\" title=\"retail&amp;distribution\" onerror=\"this.style.display='none'\"  \/>\n<h3>\n\t\tRetail &#038; Distribution\n\t<\/h3>\n\t\t\t<a href=\"\" target=\"_self\" rel=\"noopener\">\n\t\t\t\t\t\t\tLearn More\n\t\t\t\t\t<\/a>\n<h3>\n\t\tReal Estate &#038; Construction\n\t<\/h3>\n\t\t\t<a href=\"\" target=\"_self\" rel=\"noopener\">\n\t\t\t\t\t\t\tLearn More\n\t\t\t\t\t<\/a>\n\t\t\t\t<img loading=\"lazy\" decoding=\"async\" src=\"https:\/\/pixcell.co\/wp-content\/uploads\/2020\/09\/real-estate.jpg\" alt=\"real-estate\" itemprop=\"image\" height=\"285\" width=\"387\" title=\"real-estate\" onerror=\"this.style.display='none'\"  \/>\n\t\t\t\t<img loading=\"lazy\" decoding=\"async\" src=\"https:\/\/pixcell.co\/wp-content\/uploads\/2020\/09\/finance.jpg\" alt=\"finance\" itemprop=\"image\" height=\"285\" width=\"387\" title=\"finance\" onerror=\"this.style.display='none'\"  \/>\n<h3>\n\t\tFinance\n\t<\/h3>\n\t\t\t<a href=\"\" target=\"_self\" rel=\"noopener\">\n\t\t\t\t\t\t\tLearn More\n\t\t\t\t\t<\/a>\n\n","protected":false},"excerpt":{"rendered":"<p>Recruit the Top Executive to Manage your Talent &#8211; PIXCELL SEARCHING FOR TALENT? WE CAN HELP Hire, Motivate and Retain Your Employees with a Strong Corporate Culture As the head of a company, you want to have well supported, highly motivated human resources who can achieve your business objectives. With the current labour shortage, which is affecting many positions and most industries, you need to do everything in your powerRead More<\/p>\n","protected":false},"author":1,"featured_media":0,"parent":0,"menu_order":0,"comment_status":"closed","ping_status":"closed","template":"","meta":{"_acf_changed":false,"footnotes":""},"class_list":["post-3797","page","type-page","status-publish","hentry"],"acf":[],"yoast_head":"<!-- This site is optimized with the Yoast SEO plugin v25.8 - https:\/\/yoast.com\/wordpress\/plugins\/seo\/ -->\n<title>Human Resources Executives | PIXCELL - PIXCELL<\/title>\n<meta name=\"description\" content=\"Hire, motivate and retain your employees efficiently by recruiting the right vice president of human resources with PIXCELL.\" \/>\n<meta name=\"robots\" content=\"index, follow, max-snippet:-1, max-image-preview:large, max-video-preview:-1\" \/>\n<link rel=\"canonical\" href=\"https:\/\/pixcell.co\/en\/human-resources-executives\/\" \/>\n<meta property=\"og:locale\" content=\"en_US\" \/>\n<meta property=\"og:type\" content=\"article\" \/>\n<meta property=\"og:title\" content=\"Human Resources Executives | PIXCELL - PIXCELL\" \/>\n<meta property=\"og:description\" content=\"Hire, motivate and retain your employees efficiently by recruiting the right vice president of human resources with PIXCELL.\" \/>\n<meta property=\"og:url\" content=\"https:\/\/pixcell.co\/en\/human-resources-executives\/\" \/>\n<meta property=\"og:site_name\" content=\"PIXCELL\" \/>\n<meta property=\"article:modified_time\" content=\"2024-12-03T16:42:32+00:00\" \/>\n<meta property=\"og:image\" content=\"https:\/\/pixcell.co\/wp-content\/uploads\/2021\/01\/fleche-vers-le-bas.png\" \/>\n<meta name=\"twitter:card\" content=\"summary_large_image\" \/>\n<meta name=\"twitter:label1\" content=\"Est. reading time\" \/>\n\t<meta name=\"twitter:data1\" content=\"4 minutes\" \/>\n<!-- \/ Yoast SEO plugin. -->","yoast_head_json":{"title":"Human Resources Executives | PIXCELL - PIXCELL","description":"Hire, motivate and retain your employees efficiently by recruiting the right vice president of human resources with PIXCELL.","robots":{"index":"index","follow":"follow","max-snippet":"max-snippet:-1","max-image-preview":"max-image-preview:large","max-video-preview":"max-video-preview:-1"},"canonical":"https:\/\/pixcell.co\/en\/human-resources-executives\/","og_locale":"en_US","og_type":"article","og_title":"Human Resources Executives | PIXCELL - PIXCELL","og_description":"Hire, motivate and retain your employees efficiently by recruiting the right vice president of human resources with PIXCELL.","og_url":"https:\/\/pixcell.co\/en\/human-resources-executives\/","og_site_name":"PIXCELL","article_modified_time":"2024-12-03T16:42:32+00:00","og_image":[{"url":"https:\/\/pixcell.co\/wp-content\/uploads\/2021\/01\/fleche-vers-le-bas.png","type":"","width":"","height":""}],"twitter_card":"summary_large_image","twitter_misc":{"Est. reading time":"4 minutes"},"schema":{"@context":"https:\/\/schema.org","@graph":[{"@type":"WebPage","@id":"https:\/\/pixcell.co\/en\/human-resources-executives\/","url":"https:\/\/pixcell.co\/en\/human-resources-executives\/","name":"Human Resources Executives | PIXCELL - PIXCELL","isPartOf":{"@id":"https:\/\/pixcell.co\/#website"},"primaryImageOfPage":{"@id":"https:\/\/pixcell.co\/en\/human-resources-executives\/#primaryimage"},"image":{"@id":"https:\/\/pixcell.co\/en\/human-resources-executives\/#primaryimage"},"thumbnailUrl":"https:\/\/pixcell.co\/wp-content\/uploads\/2021\/01\/fleche-vers-le-bas.png","datePublished":"2022-01-27T16:46:54+00:00","dateModified":"2024-12-03T16:42:32+00:00","description":"Hire, motivate and retain your employees efficiently by recruiting the right vice president of human resources with PIXCELL.","breadcrumb":{"@id":"https:\/\/pixcell.co\/en\/human-resources-executives\/#breadcrumb"},"inLanguage":"en-US","potentialAction":[{"@type":"ReadAction","target":["https:\/\/pixcell.co\/en\/human-resources-executives\/"]}]},{"@type":"ImageObject","inLanguage":"en-US","@id":"https:\/\/pixcell.co\/en\/human-resources-executives\/#primaryimage","url":"https:\/\/pixcell.co\/wp-content\/uploads\/2021\/01\/fleche-vers-le-bas.png","contentUrl":"https:\/\/pixcell.co\/wp-content\/uploads\/2021\/01\/fleche-vers-le-bas.png"},{"@type":"BreadcrumbList","@id":"https:\/\/pixcell.co\/en\/human-resources-executives\/#breadcrumb","itemListElement":[{"@type":"ListItem","position":1,"name":"Accueil","item":"https:\/\/pixcell.co\/en\/"},{"@type":"ListItem","position":2,"name":"Human Resources Executives | PIXCELL"}]},{"@type":"WebSite","@id":"https:\/\/pixcell.co\/#website","url":"https:\/\/pixcell.co\/","name":"PIXCELL","description":"Executive Search Recruiting | Pixcell","publisher":{"@id":"https:\/\/pixcell.co\/#organization"},"alternateName":"PIXCELL - Chasseurs de t\u00eates sp\u00e9cialis\u00e9s en recrutement de cadres","potentialAction":[{"@type":"SearchAction","target":{"@type":"EntryPoint","urlTemplate":"https:\/\/pixcell.co\/?s={search_term_string}"},"query-input":{"@type":"PropertyValueSpecification","valueRequired":true,"valueName":"search_term_string"}}],"inLanguage":"en-US"},{"@type":"Organization","@id":"https:\/\/pixcell.co\/#organization","name":"PIXCELL","url":"https:\/\/pixcell.co\/","logo":{"@type":"ImageObject","inLanguage":"en-US","@id":"https:\/\/pixcell.co\/#\/schema\/logo\/image\/","url":"https:\/\/pixcell.co\/wp-content\/uploads\/2020\/09\/header-logo.png","contentUrl":"https:\/\/pixcell.co\/wp-content\/uploads\/2020\/09\/header-logo.png","width":227,"height":58,"caption":"PIXCELL"},"image":{"@id":"https:\/\/pixcell.co\/#\/schema\/logo\/image\/"}}]}},"_links":{"self":[{"href":"https:\/\/pixcell.co\/en\/wp-json\/wp\/v2\/pages\/3797","targetHints":{"allow":["GET"]}}],"collection":[{"href":"https:\/\/pixcell.co\/en\/wp-json\/wp\/v2\/pages"}],"about":[{"href":"https:\/\/pixcell.co\/en\/wp-json\/wp\/v2\/types\/page"}],"author":[{"embeddable":true,"href":"https:\/\/pixcell.co\/en\/wp-json\/wp\/v2\/users\/1"}],"replies":[{"embeddable":true,"href":"https:\/\/pixcell.co\/en\/wp-json\/wp\/v2\/comments?post=3797"}],"version-history":[{"count":10,"href":"https:\/\/pixcell.co\/en\/wp-json\/wp\/v2\/pages\/3797\/revisions"}],"predecessor-version":[{"id":16057,"href":"https:\/\/pixcell.co\/en\/wp-json\/wp\/v2\/pages\/3797\/revisions\/16057"}],"wp:attachment":[{"href":"https:\/\/pixcell.co\/en\/wp-json\/wp\/v2\/media?parent=3797"}],"curies":[{"name":"wp","href":"https:\/\/api.w.org\/{rel}","templated":true}]}}