{"id":3815,"date":"2022-01-27T18:45:19","date_gmt":"2022-01-27T23:45:19","guid":{"rendered":"https:\/\/pixcell.co\/cadres-en-transformation-numerique-pixcell\/"},"modified":"2024-12-03T11:42:11","modified_gmt":"2024-12-03T16:42:11","slug":"digital-transformation-executives","status":"publish","type":"page","link":"https:\/\/pixcell.co\/en\/digital-transformation-executives\/","title":{"rendered":"Digital Transformation Executives | PIXCELL"},"content":{"rendered":"\n<h1>\n\t\tOptimize Your Digital Performance by Hiring the Right Executive \n\t<\/h1>\n<h3>\n\t\t&#8211; PIXCELL\n\t<\/h3>\n\t\t\t\t<a href=\"#section_information_technology\" target=\"_self\" itemprop=\"url\" rel=\"noopener\">\n\t\t\t\t<img loading=\"lazy\" decoding=\"async\" src=\"https:\/\/pixcell.co\/wp-content\/uploads\/2021\/01\/fleche-vers-le-bas.png\" alt=\"fleche vers le bas\" itemprop=\"image\" height=\"52\" width=\"32\" title=\"fleche vers le bas\" onerror=\"this.style.display='none'\"  \/>\n\t\t\t\t<\/a>\n<h3>\n\t\tSEARCHING FOR TALENT?\n\t<\/h3>\n<h5>\n\t\tWE CAN HELP\n\t<\/h5>\n\t<div class=\"frm_forms  with_frm_style frm_style_formidable-style\" id=\"frm_form_5_container\" >\n<form enctype=\"multipart\/form-data\" method=\"post\" class=\"frm-show-form frm_information-technology frm_js_validate  frm_ajax_submit  frm_pro_form \" id=\"form_informationtechnologydigitaltransofrmation3b7c05cf80\" >\n<div class=\"frm_form_fields \">\n<fieldset>\n<legend class=\"frm_screen_reader\">Industry page form - EN<\/legend>\r\n\r\n<div class=\"frm_fields_container\">\n<input type=\"hidden\" name=\"frm_action\" value=\"create\" \/>\n<input type=\"hidden\" name=\"form_id\" value=\"5\" \/>\n<input type=\"hidden\" name=\"frm_hide_fields_5\" id=\"frm_hide_fields_5\" value=\"\" \/>\n<input type=\"hidden\" name=\"form_key\" value=\"informationtechnologydigitaltransofrmation3b7c05cf80\" \/>\n<input type=\"hidden\" name=\"item_meta[0]\" value=\"\" \/>\n<input type=\"hidden\" id=\"frm_submit_entry_5\" name=\"frm_submit_entry_5\" value=\"fa88a38782\" \/><input type=\"hidden\" name=\"_wp_http_referer\" value=\"\/en\/wp-json\/wp\/v2\/pages\/3815\" \/><div id=\"frm_field_42_container\" class=\"frm_form_field form-field  frm_required_field frm_top_container frm12\">\r\n    <label for=\"field_u7pr9430971975\" id=\"field_u7pr9430971975_label\" class=\"frm_primary_label\">Name\r\n        <span class=\"frm_required\">*<\/span>\r\n    <\/label>\r\n    <input  type=\"text\" id=\"field_u7pr9430971975\" name=\"item_meta[42]\" value=\"\"  data-reqmsg=\"Name cannot be blank.\" aria-required=\"true\" data-invmsg=\"Text is invalid\" aria-invalid=\"false\"   \/>\r\n    \r\n    \r\n<\/div>\n<div id=\"frm_field_43_container\" class=\"frm_form_field form-field  frm_required_field frm_top_container frm12\">\r\n    <label for=\"field_742aa383fd7f446\" id=\"field_742aa383fd7f446_label\" class=\"frm_primary_label\">Telephone\r\n        <span class=\"frm_required\">*<\/span>\r\n    <\/label>\r\n    <input type=\"tel\" id=\"field_742aa383fd7f446\" name=\"item_meta[43]\" value=\"\"  data-reqmsg=\"Telephone cannot be blank.\" aria-required=\"true\" data-invmsg=\"Phone is invalid\" aria-invalid=\"false\" pattern=\"((\\+\\d{1,3}(-|.| )?\\(?\\d\\)?(-| |.)?\\d{1,5})|(\\(?\\d{2,6}\\)?))(-|.| )?(\\d{3,4})(-|.| )?(\\d{4})(( x| ext)\\d{1,5}){0,1}$\"  \/>\r\n    \r\n    \r\n<\/div>\n<div id=\"frm_field_44_container\" class=\"frm_form_field form-field  frm_required_field frm_top_container frm12\">\r\n    <label for=\"field_3jw770898b4246b\" id=\"field_3jw770898b4246b_label\" class=\"frm_primary_label\">Email\r\n        <span class=\"frm_required\">*<\/span>\r\n    <\/label>\r\n    <input type=\"email\" id=\"field_3jw770898b4246b\" name=\"item_meta[44]\" value=\"\"  data-reqmsg=\"Email cannot be blank.\" aria-required=\"true\" data-invmsg=\"Email is invalid\" aria-invalid=\"false\"  \/>\r\n    \r\n    \r\n<\/div>\n<div id=\"frm_field_45_container\" class=\"frm_form_field form-field  frm_required_field frm_top_container frm12\">\r\n    <label for=\"field_hvgfze43edcec3f\" id=\"field_hvgfze43edcec3f_label\" class=\"frm_primary_label\">Message\r\n        <span class=\"frm_required\">*<\/span>\r\n    <\/label>\r\n    <textarea name=\"item_meta[45]\" id=\"field_hvgfze43edcec3f\" rows=\"2\"  data-reqmsg=\"Message cannot be blank.\" aria-required=\"true\" data-invmsg=\"Message is invalid\" aria-invalid=\"false\"  ><\/textarea>\r\n    \r\n    \r\n<\/div>\n<input type=\"hidden\" name=\"item_meta[46]\" id=\"field_skqn7b5baf26bfc\" value=\"Digital Transformation Executives | PIXCELL\"  data-frmval=\"Digital Transformation Executives | PIXCELL\"   \/>\n<input type=\"hidden\" name=\"item_meta[47]\" id=\"field_3mdtf1c1c9054a8\" value=\"\/en\/wp-json\/wp\/v2\/pages\/3815\"  data-frmval=\"\/en\/wp-json\/wp\/v2\/pages\/3815\"   \/>\n<input type=\"hidden\" name=\"item_meta[48]\" id=\"field_7eshj513cada4f0\" value=\"en\"  data-frmval=\"en\"   \/>\n<div id=\"frm_field_51_container\" class=\"frm_form_field form-field  frm_none_container\">\r\n    <label for=\"h-captcha-response\" id=\"field_jsg8z_label\" class=\"frm_primary_label\">\r\n        <span class=\"frm_required\"><\/span>\r\n    <\/label>\r\n    <div  id=\"field_jsg8z\" class=\"cf-turnstile\" data-sitekey=\"0x4AAAAAAA9VyvgRrtoAruVM\" data-size=\"normal\" data-theme=\"light\"><\/div>\r\n    \r\n    \r\n<\/div>\n<div id=\"frm_field_54_container\" class=\"frm_form_field form-field \">\r\n\t<div class=\"frm_submit\">\r\n\r\n<button class=\"frm_button_submit frm_final_submit\" type=\"submit\"   formnovalidate=\"formnovalidate\">Submit<\/button>\r\n\r\n<\/div>\r\n<\/div>\n\t<input type=\"hidden\" name=\"item_key\" value=\"\" \/>\n\t\t\t<div id=\"frm_field_57_container\">\n\t\t\t<label for=\"field_s3ot3\" >\n\t\t\t\tIf you are human, leave this field blank.\t\t\t<\/label>\n\t\t\t<input  id=\"field_s3ot3\" type=\"text\" class=\"frm_form_field form-field frm_verify\" name=\"item_meta[57]\" value=\"\"  \/>\n\t\t<\/div>\n\t\t<input name=\"frm_state\" type=\"hidden\" value=\"MTvtr\/XptmGFSF+tAuaXAHHkfnOU1\/7YP5fIzoVWjd5blk8jEIjio9hQmq5bvJ5P\" \/><\/div>\n<\/fieldset>\n<\/div>\n\n<\/form>\n<\/div>\n\n<h2>\n\t\tDevelop or Improve Your Business Model by Transforming Your Digital Presence \n\t<\/h2>\n\t<p>As the business world undergoes a major shift toward digitalization, companies need managers who can lead complex digital transformation and optimization projects. Today, many companies are taking steps toward digital transformation in their operations, whether it is a question of e-commerce, connected services or data security.<\/p>\n<h2>\n\t\t<strong> Digital Transformation: <\/strong>Entering a New Era\n\t<\/h2>\n\t\t\t\t<img loading=\"lazy\" decoding=\"async\" src=\"https:\/\/pixcell.co\/wp-content\/uploads\/2022\/02\/shutterstock_627780872-scaled.jpg\" alt=\"Canoeing,Team,In,Amsterdam\" itemprop=\"image\" height=\"1710\" width=\"2560\" title=\"Canoeing,Team,In,Amsterdam\" onerror=\"this.style.display='none'\"  \/>\n\t<p>Companies often want to add new cash flows to their business model to leverage the endless possibilities of new technologies. From deploying a transactional site to adding a digital component to a service offering, the financial levers made possible by technology are as numerous as they are complex. Ambitious projects such as these must be entrusted to and spearheaded by a digital transformation executive who understands your business challenges; someone who, in addition to putting the right strategies and technologies in place, deftly manages the shift in organizational culture that a successful transformation entails. An executive search in this field involves an in-depth analysis of your business challenges and a rigorous evaluation of candidates. This process is crucial to ensuring that the selected person has what it takes to lead a smooth digital transformation.<\/p>\n<h2>\n\t\t<strong>Digital Optimization:<\/strong>  Solving Business Challenges with Technology\n\t<\/h2>\n\t<p>Deploying systems to automate or digitize processes is fundamental to addressing a host of business challenges: uneven production quality, increased complaints, cumbersome management, poor information flow, etc.<\/p>\n<p>Digital optimization is essential to limiting the risks associated with current processes and maximizing performance through new technologies. Customer relationship management (CRM) and enterprise resource planning (ERP) tools are generally the first processes to be optimized because of their critical role in operations.<\/p>\n<p>Is your organization planning a major digital transformation or optimization project? To get the targeted results you seek, be sure to hire the right IT leader.<\/p>\n\t\t\t\t<img loading=\"lazy\" decoding=\"async\" src=\"https:\/\/pixcell.co\/wp-content\/uploads\/2022\/02\/mateus-campos-felipe-Fsgzm8N0hIY-unsplash-scaled.jpg\" alt=\"mateus-campos-felipe-Fsgzm8N0hIY-unsplash\" itemprop=\"image\" height=\"1568\" width=\"2560\" title=\"mateus-campos-felipe-Fsgzm8N0hIY-unsplash\" onerror=\"this.style.display='none'\"  \/>\n<h2>\n\t\t<strong> A Tailored Role  <\/strong> for the Vice President, Digital Transformation, Chief Transformation Officer (CTO) or Chief Digital Officer (CDO)\n\t<\/h2>\n\t\t\t\t<img loading=\"lazy\" decoding=\"async\" src=\"https:\/\/pixcell.co\/wp-content\/uploads\/2022\/02\/campaign-creators-qCi_MzVODoU-unsplash-scaled.jpg\" alt=\"campaign-creators-qCi_MzVODoU-unsplash\" itemprop=\"image\" height=\"1697\" width=\"2560\" title=\"campaign-creators-qCi_MzVODoU-unsplash\" onerror=\"this.style.display='none'\"  \/>\n\t<p>This executive oversees every step of complex digital transformation projects, from developing a digital strategy to reviewing the operational activities that support its deployment. This person also oversees every phase of major IT projects and manages the teams responsible for their implementation. The executive committee relies on this executive to ensure that everything is taken into consideration, from inventory management to user experience.<\/p>\n<p>Often, as part of a digital transformation, certain flawed or outdated internal processes need to be reviewed to establish a more solid foundation. To this end, the CTO needs to identify critical processes, spot their weaknesses and add these processes to the action plan and timeline, with a view to optimizing them.<\/p>\n<p>The vice president of digital transformation may also be responsible for digital optimization, for example updating the telecommunications network, consolidating data centres or redesigning the IT data management system.<\/p>\n<p>No matter the project, the vice president of digital transformation ensures proper change management by supporting employees and customers throughout the transition so that a true digital culture can be established at the company.<\/p>\n<h2>\n\t\t<strong>  Stand Out <\/strong>to Top Candidates with Our IT Executive Search Firm\n\t<\/h2>\n\t<p>Before beginning major projects in digital transformation or optimization, contact our IT executive search professionals and digital transformation headhunters to establish a position profile adapted to your reality and to recruit the executive you need, at the right time. Count on our experienced <a href=\"https:\/\/pixcell.co\/en\/information-technology-digital-transformation\/\">information technology headhunters in Montreal<\/a> to complete your executive committee with a top-tier candidate.<\/p>\n\t\t\t<a href=\"https:\/\/pixcell.co\/en\/contact-us\/\" target=\"_self\" rel=\"noopener\">\n\t\t\t\t\t\t\tContact Us\n\t\t\t\t\t<\/a>\n\t\t\t\t<img loading=\"lazy\" decoding=\"async\" src=\"https:\/\/pixcell.co\/wp-content\/uploads\/2022\/02\/shutterstock_141032806-scaled.jpg\" alt=\"Portrait,Of,Business,Team,Outside,Office\" itemprop=\"image\" height=\"1707\" width=\"2560\" title=\"Portrait,Of,Business,Team,Outside,Office\" onerror=\"this.style.display='none'\"  \/>\n<h2>\n\t\tIndustry Expertise\n\t<\/h2>\n\t\t\t\t<img loading=\"lazy\" decoding=\"async\" src=\"https:\/\/pixcell.co\/wp-content\/uploads\/2020\/09\/information-technology.jpg\" alt=\"information-technology\" itemprop=\"image\" height=\"285\" width=\"589\" title=\"information-technology\" onerror=\"this.style.display='none'\"  \/>\n<h3>\n\t\tInformation Technology &#038; Digital Transformation\n\t<\/h3>\n\t\t\t<a href=\"https:\/\/pixcell.co\/en\/the-pixcell-information-techology\/\" target=\"_self\" rel=\"noopener\">\n\t\t\t\t\t\t\tLearn More\n\t\t\t\t\t<\/a>\n<h3>\n\t\tManufacturing &#038; Enginering\n\t<\/h3>\n\t\t\t<a href=\"\" target=\"_self\" rel=\"noopener\">\n\t\t\t\t\t\t\tLearn More\n\t\t\t\t\t<\/a>\n\t\t\t\t<img loading=\"lazy\" decoding=\"async\" src=\"https:\/\/pixcell.co\/wp-content\/uploads\/2020\/09\/manufacturing-enginering.jpg\" alt=\"manufacturing-enginering\" itemprop=\"image\" height=\"285\" width=\"589\" title=\"manufacturing-enginering\" onerror=\"this.style.display='none'\"  \/>\n\t\t\t\t<img loading=\"lazy\" decoding=\"async\" src=\"https:\/\/pixcell.co\/wp-content\/uploads\/2020\/09\/retaildistribution.jpg\" alt=\"retail&amp;distribution\" itemprop=\"image\" height=\"285\" width=\"387\" title=\"retail&amp;distribution\" onerror=\"this.style.display='none'\"  \/>\n<h3>\n\t\tRetail &#038; Distribution\n\t<\/h3>\n\t\t\t<a href=\"\" target=\"_self\" rel=\"noopener\">\n\t\t\t\t\t\t\tLearn More\n\t\t\t\t\t<\/a>\n<h3>\n\t\tReal Estate &#038; Construction\n\t<\/h3>\n\t\t\t<a href=\"\" target=\"_self\" rel=\"noopener\">\n\t\t\t\t\t\t\tLearn More\n\t\t\t\t\t<\/a>\n\t\t\t\t<img loading=\"lazy\" decoding=\"async\" src=\"https:\/\/pixcell.co\/wp-content\/uploads\/2020\/09\/real-estate.jpg\" alt=\"real-estate\" itemprop=\"image\" height=\"285\" width=\"387\" title=\"real-estate\" onerror=\"this.style.display='none'\"  \/>\n\t\t\t\t<img loading=\"lazy\" decoding=\"async\" src=\"https:\/\/pixcell.co\/wp-content\/uploads\/2020\/09\/finance.jpg\" alt=\"finance\" itemprop=\"image\" height=\"285\" width=\"387\" title=\"finance\" onerror=\"this.style.display='none'\"  \/>\n<h3>\n\t\tFinance\n\t<\/h3>\n\t\t\t<a href=\"\" target=\"_self\" rel=\"noopener\">\n\t\t\t\t\t\t\tLearn More\n\t\t\t\t\t<\/a>\n\n","protected":false},"excerpt":{"rendered":"<p>Optimize Your Digital Performance by Hiring the Right Executive &#8211; PIXCELL SEARCHING FOR TALENT? WE CAN HELP Develop or Improve Your Business Model by Transforming Your Digital Presence As the business world undergoes a major shift toward digitalization, companies need managers who can lead complex digital transformation and optimization projects. Today, many companies are taking steps toward digital transformation in their operations, whether it is a question of e-commerce, connectedRead More<\/p>\n","protected":false},"author":1,"featured_media":0,"parent":0,"menu_order":0,"comment_status":"closed","ping_status":"closed","template":"","meta":{"_acf_changed":false,"footnotes":""},"class_list":["post-3815","page","type-page","status-publish","hentry"],"acf":[],"yoast_head":"<!-- This site is optimized with the Yoast SEO plugin v25.8 - https:\/\/yoast.com\/wordpress\/plugins\/seo\/ -->\n<title>Digital Transformation Executive Search Services | PIXCELL<\/title>\n<meta name=\"description\" content=\"We specialize in executive search for digital transformation leaders. Reach out for expert digital transformation executive search solutions.\" \/>\n<meta name=\"robots\" content=\"index, follow, max-snippet:-1, max-image-preview:large, max-video-preview:-1\" \/>\n<link rel=\"canonical\" href=\"https:\/\/pixcell.co\/en\/digital-transformation-executives\/\" \/>\n<meta property=\"og:locale\" content=\"en_US\" \/>\n<meta property=\"og:type\" content=\"article\" \/>\n<meta property=\"og:title\" content=\"Digital Transformation Executive Search Services | PIXCELL\" \/>\n<meta property=\"og:description\" content=\"We specialize in executive search for digital transformation leaders. Reach out for expert digital transformation executive search solutions.\" \/>\n<meta property=\"og:url\" content=\"https:\/\/pixcell.co\/en\/digital-transformation-executives\/\" \/>\n<meta property=\"og:site_name\" content=\"PIXCELL\" \/>\n<meta property=\"article:modified_time\" content=\"2024-12-03T16:42:11+00:00\" \/>\n<meta property=\"og:image\" content=\"https:\/\/pixcell.co\/wp-content\/uploads\/2021\/01\/fleche-vers-le-bas.png\" \/>\n<meta name=\"twitter:card\" content=\"summary_large_image\" \/>\n<meta name=\"twitter:label1\" content=\"Est. reading time\" \/>\n\t<meta name=\"twitter:data1\" content=\"3 minutes\" \/>\n<!-- \/ Yoast SEO plugin. -->","yoast_head_json":{"title":"Digital Transformation Executive Search Services | PIXCELL","description":"We specialize in executive search for digital transformation leaders. Reach out for expert digital transformation executive search solutions.","robots":{"index":"index","follow":"follow","max-snippet":"max-snippet:-1","max-image-preview":"max-image-preview:large","max-video-preview":"max-video-preview:-1"},"canonical":"https:\/\/pixcell.co\/en\/digital-transformation-executives\/","og_locale":"en_US","og_type":"article","og_title":"Digital Transformation Executive Search Services | PIXCELL","og_description":"We specialize in executive search for digital transformation leaders. Reach out for expert digital transformation executive search solutions.","og_url":"https:\/\/pixcell.co\/en\/digital-transformation-executives\/","og_site_name":"PIXCELL","article_modified_time":"2024-12-03T16:42:11+00:00","og_image":[{"url":"https:\/\/pixcell.co\/wp-content\/uploads\/2021\/01\/fleche-vers-le-bas.png","type":"","width":"","height":""}],"twitter_card":"summary_large_image","twitter_misc":{"Est. reading time":"3 minutes"},"schema":{"@context":"https:\/\/schema.org","@graph":[{"@type":"WebPage","@id":"https:\/\/pixcell.co\/en\/digital-transformation-executives\/","url":"https:\/\/pixcell.co\/en\/digital-transformation-executives\/","name":"Digital Transformation Executive Search Services | PIXCELL","isPartOf":{"@id":"https:\/\/pixcell.co\/#website"},"primaryImageOfPage":{"@id":"https:\/\/pixcell.co\/en\/digital-transformation-executives\/#primaryimage"},"image":{"@id":"https:\/\/pixcell.co\/en\/digital-transformation-executives\/#primaryimage"},"thumbnailUrl":"https:\/\/pixcell.co\/wp-content\/uploads\/2021\/01\/fleche-vers-le-bas.png","datePublished":"2022-01-27T23:45:19+00:00","dateModified":"2024-12-03T16:42:11+00:00","description":"We specialize in executive search for digital transformation leaders. Reach out for expert digital transformation executive search solutions.","breadcrumb":{"@id":"https:\/\/pixcell.co\/en\/digital-transformation-executives\/#breadcrumb"},"inLanguage":"en-US","potentialAction":[{"@type":"ReadAction","target":["https:\/\/pixcell.co\/en\/digital-transformation-executives\/"]}]},{"@type":"ImageObject","inLanguage":"en-US","@id":"https:\/\/pixcell.co\/en\/digital-transformation-executives\/#primaryimage","url":"https:\/\/pixcell.co\/wp-content\/uploads\/2021\/01\/fleche-vers-le-bas.png","contentUrl":"https:\/\/pixcell.co\/wp-content\/uploads\/2021\/01\/fleche-vers-le-bas.png"},{"@type":"BreadcrumbList","@id":"https:\/\/pixcell.co\/en\/digital-transformation-executives\/#breadcrumb","itemListElement":[{"@type":"ListItem","position":1,"name":"Accueil","item":"https:\/\/pixcell.co\/en\/"},{"@type":"ListItem","position":2,"name":"Digital Transformation Executives | PIXCELL"}]},{"@type":"WebSite","@id":"https:\/\/pixcell.co\/#website","url":"https:\/\/pixcell.co\/","name":"PIXCELL","description":"Executive Search Recruiting | Pixcell","publisher":{"@id":"https:\/\/pixcell.co\/#organization"},"alternateName":"PIXCELL - Chasseurs de t\u00eates sp\u00e9cialis\u00e9s en recrutement de cadres","potentialAction":[{"@type":"SearchAction","target":{"@type":"EntryPoint","urlTemplate":"https:\/\/pixcell.co\/?s={search_term_string}"},"query-input":{"@type":"PropertyValueSpecification","valueRequired":true,"valueName":"search_term_string"}}],"inLanguage":"en-US"},{"@type":"Organization","@id":"https:\/\/pixcell.co\/#organization","name":"PIXCELL","url":"https:\/\/pixcell.co\/","logo":{"@type":"ImageObject","inLanguage":"en-US","@id":"https:\/\/pixcell.co\/#\/schema\/logo\/image\/","url":"https:\/\/pixcell.co\/wp-content\/uploads\/2020\/09\/header-logo.png","contentUrl":"https:\/\/pixcell.co\/wp-content\/uploads\/2020\/09\/header-logo.png","width":227,"height":58,"caption":"PIXCELL"},"image":{"@id":"https:\/\/pixcell.co\/#\/schema\/logo\/image\/"}}]}},"_links":{"self":[{"href":"https:\/\/pixcell.co\/en\/wp-json\/wp\/v2\/pages\/3815","targetHints":{"allow":["GET"]}}],"collection":[{"href":"https:\/\/pixcell.co\/en\/wp-json\/wp\/v2\/pages"}],"about":[{"href":"https:\/\/pixcell.co\/en\/wp-json\/wp\/v2\/types\/page"}],"author":[{"embeddable":true,"href":"https:\/\/pixcell.co\/en\/wp-json\/wp\/v2\/users\/1"}],"replies":[{"embeddable":true,"href":"https:\/\/pixcell.co\/en\/wp-json\/wp\/v2\/comments?post=3815"}],"version-history":[{"count":9,"href":"https:\/\/pixcell.co\/en\/wp-json\/wp\/v2\/pages\/3815\/revisions"}],"predecessor-version":[{"id":16056,"href":"https:\/\/pixcell.co\/en\/wp-json\/wp\/v2\/pages\/3815\/revisions\/16056"}],"wp:attachment":[{"href":"https:\/\/pixcell.co\/en\/wp-json\/wp\/v2\/media?parent=3815"}],"curies":[{"name":"wp","href":"https:\/\/api.w.org\/{rel}","templated":true}]}}