{"id":4648,"date":"2022-04-22T14:06:27","date_gmt":"2022-04-22T18:06:27","guid":{"rendered":"https:\/\/pixcell.co\/chasseurs-de-tetes-en-pharmaceutique-et-sciences-de-la-vie\/"},"modified":"2024-12-03T11:39:16","modified_gmt":"2024-12-03T16:39:16","slug":"pharmaceutical-and-life-sciences-headhunters","status":"publish","type":"page","link":"https:\/\/pixcell.co\/en\/pharmaceutical-and-life-sciences-headhunters\/","title":{"rendered":"Pharmaceutical and Life Sciences Headhunters"},"content":{"rendered":"\n<h1>\n\t\tPharmaceutical and Life Sciences Headhunters\n\t<\/h1>\n\t\t\t\t<a href=\"#section_information_technology\" target=\"_self\" itemprop=\"url\" rel=\"noopener\">\n\t\t\t\t<img loading=\"lazy\" decoding=\"async\" src=\"https:\/\/pixcell.co\/wp-content\/uploads\/2021\/01\/fleche-vers-le-bas.png\" alt=\"fleche vers le bas\" itemprop=\"image\" height=\"52\" width=\"32\" title=\"fleche vers le bas\" onerror=\"this.style.display='none'\"  \/>\n\t\t\t\t<\/a>\n<h3>\n\t\tSEARCHING FOR TALENT?\n\t<\/h3>\n<h5>\n\t\tWE CAN HELP\n\t<\/h5>\n\t<div class=\"frm_forms  with_frm_style frm_style_formidable-style\" id=\"frm_form_5_container\" >\n<form enctype=\"multipart\/form-data\" method=\"post\" class=\"frm-show-form frm_information-technology frm_js_validate  frm_ajax_submit  frm_pro_form \" id=\"form_informationtechnologydigitaltransofrmation3b7c05cf80\" >\n<div class=\"frm_form_fields \">\n<fieldset>\n<legend class=\"frm_screen_reader\">Industry page form - EN<\/legend>\r\n\r\n<div class=\"frm_fields_container\">\n<input type=\"hidden\" name=\"frm_action\" value=\"create\" \/>\n<input type=\"hidden\" name=\"form_id\" value=\"5\" \/>\n<input type=\"hidden\" name=\"frm_hide_fields_5\" id=\"frm_hide_fields_5\" value=\"\" \/>\n<input type=\"hidden\" name=\"form_key\" value=\"informationtechnologydigitaltransofrmation3b7c05cf80\" \/>\n<input type=\"hidden\" name=\"item_meta[0]\" value=\"\" \/>\n<input type=\"hidden\" id=\"frm_submit_entry_5\" name=\"frm_submit_entry_5\" value=\"1c229dbb22\" \/><input type=\"hidden\" name=\"_wp_http_referer\" value=\"\/en\/wp-json\/wp\/v2\/pages\/4648\" \/><div id=\"frm_field_42_container\" class=\"frm_form_field form-field  frm_required_field frm_top_container frm12\">\r\n    <label for=\"field_u7pr9430971975\" id=\"field_u7pr9430971975_label\" class=\"frm_primary_label\">Name\r\n        <span class=\"frm_required\">*<\/span>\r\n    <\/label>\r\n    <input  type=\"text\" id=\"field_u7pr9430971975\" name=\"item_meta[42]\" value=\"\"  data-reqmsg=\"Name cannot be blank.\" aria-required=\"true\" data-invmsg=\"Text is invalid\" aria-invalid=\"false\"   \/>\r\n    \r\n    \r\n<\/div>\n<div id=\"frm_field_43_container\" class=\"frm_form_field form-field  frm_required_field frm_top_container frm12\">\r\n    <label for=\"field_742aa383fd7f446\" id=\"field_742aa383fd7f446_label\" class=\"frm_primary_label\">Telephone\r\n        <span class=\"frm_required\">*<\/span>\r\n    <\/label>\r\n    <input type=\"tel\" id=\"field_742aa383fd7f446\" name=\"item_meta[43]\" value=\"\"  data-reqmsg=\"Telephone cannot be blank.\" aria-required=\"true\" data-invmsg=\"Phone is invalid\" aria-invalid=\"false\" pattern=\"((\\+\\d{1,3}(-|.| )?\\(?\\d\\)?(-| |.)?\\d{1,5})|(\\(?\\d{2,6}\\)?))(-|.| )?(\\d{3,4})(-|.| )?(\\d{4})(( x| ext)\\d{1,5}){0,1}$\"  \/>\r\n    \r\n    \r\n<\/div>\n<div id=\"frm_field_44_container\" class=\"frm_form_field form-field  frm_required_field frm_top_container frm12\">\r\n    <label for=\"field_3jw770898b4246b\" id=\"field_3jw770898b4246b_label\" class=\"frm_primary_label\">Email\r\n        <span class=\"frm_required\">*<\/span>\r\n    <\/label>\r\n    <input type=\"email\" id=\"field_3jw770898b4246b\" name=\"item_meta[44]\" value=\"\"  data-reqmsg=\"Email cannot be blank.\" aria-required=\"true\" data-invmsg=\"Email is invalid\" aria-invalid=\"false\"  \/>\r\n    \r\n    \r\n<\/div>\n<div id=\"frm_field_45_container\" class=\"frm_form_field form-field  frm_required_field frm_top_container frm12\">\r\n    <label for=\"field_hvgfze43edcec3f\" id=\"field_hvgfze43edcec3f_label\" class=\"frm_primary_label\">Message\r\n        <span class=\"frm_required\">*<\/span>\r\n    <\/label>\r\n    <textarea name=\"item_meta[45]\" id=\"field_hvgfze43edcec3f\" rows=\"2\"  data-reqmsg=\"Message cannot be blank.\" aria-required=\"true\" data-invmsg=\"Message is invalid\" aria-invalid=\"false\"  ><\/textarea>\r\n    \r\n    \r\n<\/div>\n<input type=\"hidden\" name=\"item_meta[46]\" id=\"field_skqn7b5baf26bfc\" value=\"Pharmaceutical and Life Sciences Headhunters\"  data-frmval=\"Pharmaceutical and Life Sciences Headhunters\"   \/>\n<input type=\"hidden\" name=\"item_meta[47]\" id=\"field_3mdtf1c1c9054a8\" value=\"\/en\/wp-json\/wp\/v2\/pages\/4648\"  data-frmval=\"\/en\/wp-json\/wp\/v2\/pages\/4648\"   \/>\n<input type=\"hidden\" name=\"item_meta[48]\" id=\"field_7eshj513cada4f0\" value=\"en\"  data-frmval=\"en\"   \/>\n<div id=\"frm_field_51_container\" class=\"frm_form_field form-field  frm_none_container\">\r\n    <label for=\"h-captcha-response\" id=\"field_jsg8z_label\" class=\"frm_primary_label\">\r\n        <span class=\"frm_required\"><\/span>\r\n    <\/label>\r\n    <div  id=\"field_jsg8z\" class=\"cf-turnstile\" data-sitekey=\"0x4AAAAAAA9VyvgRrtoAruVM\" data-size=\"normal\" data-theme=\"light\"><\/div>\r\n    \r\n    \r\n<\/div>\n<div id=\"frm_field_54_container\" class=\"frm_form_field form-field \">\r\n\t<div class=\"frm_submit\">\r\n\r\n<button class=\"frm_button_submit frm_final_submit\" type=\"submit\"   formnovalidate=\"formnovalidate\">Submit<\/button>\r\n\r\n<\/div>\r\n<\/div>\n\t<input type=\"hidden\" name=\"item_key\" value=\"\" \/>\n\t\t\t<div id=\"frm_field_57_container\">\n\t\t\t<label for=\"field_3bzny\" >\n\t\t\t\tIf you are human, leave this field blank.\t\t\t<\/label>\n\t\t\t<input  id=\"field_3bzny\" type=\"text\" class=\"frm_form_field form-field frm_verify\" name=\"item_meta[57]\" value=\"\"  \/>\n\t\t<\/div>\n\t\t<input name=\"frm_state\" type=\"hidden\" value=\"MTvtr\/XptmGFSF+tAuaXAN06OUXT0aVWlX943HJWTAtblk8jEIjio9hQmq5bvJ5P\" \/><\/div>\n<\/fieldset>\n<\/div>\n\n<\/form>\n<\/div>\n\n<h2>\n\t\tRecruiting the Right Managers to Support Growth in the Life Sciences Industry \n\t<\/h2>\n\t<p>The various bioscience fields have seen stellar growth in recent years, and the COVID-19 pandemic has only accelerated this trend. Quebec and Ontario, in particular, are known for having one of the largest life sciences and health technologies ecosystems in North America.* To support innovation in this industry, many companies, hospitals, research centres and pharmaceutical companies are vying to recruit senior executives.<\/p>\n<h2>\n\t\tThe Challenges Involved in an Executive Search in the Biosciences\n\t<\/h2>\n\t<p>Life sciences is rapidly branching out into new fields of activity, and this has led to an acute need for competent managers in areas such as digital health, medical technologies (medtech) biotechnologies (biotech), medical equipment, basic and clinical research and artificial intelligence. Qualified candidates are in high demand for both scientific positions (e.g., vice president of biotechnology for a medical association) and strategic positions (e.g., vice president of sales for a pharmaceutical company). In addition, many of these same profiles are being sought in related industries, such as <a href=\"https:\/\/pixcell.co\/en\/information-technology-digital-transformation\/\">information technologies<\/a> and <a href=\"https:\/\/pixcell.co\/en\/manufacturing-engineering\/\">engineering<\/a>, making these candidates all the more valuable.<\/p>\n\t<p>PIXCELL&#8217;s life sciences headhunters understand that all great innovations must be supported by strong, ambitious managers. This is why our executive recruitment firm maintains close ties with many major players in health and sciences networks such as the F\u00e9d\u00e9ration des m\u00e9decins sp\u00e9cialistes du Qu\u00e9bec, F\u00e9d\u00e9ration des m\u00e9decins omnipraticiens du Qu\u00e9bec and Pharmaceutical Marketing Club of Quebec. As the exclusive Canadian partner of CFR Global Executive Search, we have not only a strong long presence but also a global one. Through our international network of independent headhunters, we give you access to a pool of candidates worldwide.<\/p>\n<h2>\n\t\tThe PIXCELL Promise\n\t<\/h2>\n\t<p>Whatever your science headhunting needs, you can count on our <a href=\"https:\/\/pixcell.co\/en\/quebec-headhunters\/\">executive search firm in Quebec<\/a> to support you every step of the way, from evaluating potential candidates to making the final selection. Our headhunters in the pharmaceutical industry\u00a0will provide expert advice and help you make the right choice. That means finding the person who will drive development, innovation and business in your organization.<\/p>\n\t\t\t\t<img loading=\"lazy\" decoding=\"async\" src=\"https:\/\/pixcell.co\/wp-content\/uploads\/2022\/04\/shutterstock_1884612874-scaled.jpg\" alt=\"Modern,Medical,Research,Laboratory:,Portrait,Of,Two,Scientists,Working,,Using\" itemprop=\"image\" height=\"1440\" width=\"2560\" title=\"Modern,Medical,Research,Laboratory:,Portrait,Of,Two,Scientists,Working,,Using\" onerror=\"this.style.display='none'\"  \/>\n<h2>\n\t\tSenior Executive Recruitment for Life Sciences\n\t<\/h2>\n\t\t\t\t<img loading=\"lazy\" decoding=\"async\" src=\"https:\/\/pixcell.co\/wp-content\/uploads\/2022\/04\/shutterstock_1626515860-scaled.jpg\" alt=\"Health,And,Medical,Science,Healthcare,On,Virtual,Interface,,Innovation,And\" itemprop=\"image\" height=\"1283\" width=\"2560\" title=\"Health,And,Medical,Science,Healthcare,On,Virtual,Interface,,Innovation,And\" onerror=\"this.style.display='none'\"  \/>\n\t<ul>\n<li>In the initial meeting, our recruiter will have a discussion with you and establish the profile of the candidate you are seeking. We will also ensure that we understand your organization&#8217;s culture, stage of development and business goals.<\/li>\n<li>Our <a href=\"https:\/\/pixcell.co\/en\/montreal-headhunters\/\">headhunters in Montreal<\/a> will then quickly set to work to build an exclusive bank of profiles corresponding to your needs and expectations. Each candidate file will be rigorously analyzed across the four pillars on which we have built our reputation. We will then provide you an initial list of potential candidates.<\/li>\n<li>We work closely with you at all stages of the selection process and provide additional support once you have made your choice as a way to ensure the candidate&#8217;s long-term success in their new role as well as your total satisfaction.<\/li>\n<\/ul>\n<h2>\n\t\tRecruit Your Next Biosciences Leader with the Executive Search Firm PIXCELL\n\t<\/h2>\n\t<p>Passionate, dedicated and innovative leaders and managers are essential to the future of science and medicine. Trust our team of experienced life sciences headhunters to recruit the right executive for your organization.<\/p>\n<h2>\n\t\tYour Industry. Our Expertise in Senior Executive Recruitment.\n\t<\/h2>\n\t<p>Our talent search specialists are not only leaders in their field but also well versed in industry-specific business concerns. Over the years, our executive recruitment firm has developed a vast network of Canadian and international partners to provide you with fast, privileged access to the best candidates in your industry.<\/p>\n\t\t\t\t<a href=\"https:\/\/pixcell.co\/en\/information-technology-digital-transformation\/\" target=\"_self\" itemprop=\"url\" rel=\"noopener\">\n\t\t\t\t<img loading=\"lazy\" decoding=\"async\" src=\"https:\/\/pixcell.co\/wp-content\/uploads\/2020\/10\/Information-Technology-and-Digital-Transformation-Industry-Headhunters.jpg\" alt=\"Information Technology and Digital Transformation Industry Headhunters\" itemprop=\"image\" height=\"285\" width=\"589\" title=\"Information Technology and Digital Transformation Industry Headhunters\" onerror=\"this.style.display='none'\"  \/>\n\t\t\t\t<\/a>\n<h3>\n\t\t<a href=\"https:\/\/pixcell.co\/en\/information-technology-digital-transformation\/\" title=\"Information Technology &amp; Digital Transformation\" target=\"_self\" rel=\"noopener\">\n\t\tInformation Technology &#038; Digital Transformation\n\t\t<\/a>\n\t<\/h3>\n\t<p>You can rely on our\u00a0 IT headhunter team to fill your IT executive positions.<\/p>\n\t\t\t<a href=\"https:\/\/pixcell.co\/en\/information-technology-digital-transformation\/\" target=\"_self\" rel=\"noopener\">\n\t\t\t\t\t\t\tLearn More\n\t\t\t\t\t<\/a>\n\t\t\t\t<a href=\"https:\/\/pixcell.co\/en\/manufacturing-engineering\/\" target=\"_self\" itemprop=\"url\" rel=\"noopener\">\n\t\t\t\t<img loading=\"lazy\" decoding=\"async\" src=\"https:\/\/pixcell.co\/wp-content\/uploads\/2020\/10\/Manufacturing-and-Engineering-Industry-Headhunters.jpg\" alt=\"Manufacturing and Engineering Industry Headhunters\" itemprop=\"image\" height=\"285\" width=\"589\" title=\"Manufacturing and Engineering Industry Headhunters\" onerror=\"this.style.display='none'\"  \/>\n\t\t\t\t<\/a>\n<h3>\n\t\t<a href=\"https:\/\/pixcell.co\/en\/manufacturing-engineering\/\" title=\"Manufacturing &amp; Engineering\" target=\"_self\" rel=\"noopener\">\n\t\tManufacturing &#038; Engineering\n\t\t<\/a>\n\t<\/h3>\n\t<p>Recruit the best candidate fast with the help of our recruitment agency for businesses in engineering and manufacturing.<\/p>\n\t\t\t<a href=\"https:\/\/pixcell.co\/en\/manufacturing-engineering\/\" target=\"_self\" rel=\"noopener\">\n\t\t\t\t\t\t\tLearn More\n\t\t\t\t\t<\/a>\n\t\t\t\t<a href=\"https:\/\/pixcell.co\/en\/public-and-parapublic\/\" target=\"_self\" itemprop=\"url\" rel=\"noopener\">\n\t\t\t\t<img loading=\"lazy\" decoding=\"async\" src=\"https:\/\/pixcell.co\/wp-content\/uploads\/2020\/09\/Public-Parapublic-recrutement.jpg\" alt=\"Public-Parapublic-recrutement\" itemprop=\"image\" height=\"285\" width=\"589\" title=\"Public-Parapublic-recrutement\" onerror=\"this.style.display='none'\"  \/>\n\t\t\t\t<\/a>\n<h3>\n\t\t<a href=\"https:\/\/pixcell.co\/en\/public-and-parapublic\/\" title=\"Public and Para-public Sectors\" target=\"_self\" rel=\"noopener\">\n\t\tPublic and Para-public Sectors\n\t\t<\/a>\n\t<\/h3>\n\t<p>Let our executive headhunter firm guide you in the process of recruiting public and para-public business leaders.<\/p>\n\t\t\t<a href=\"https:\/\/pixcell.co\/en\/public-and-parapublic\/\" target=\"_self\" rel=\"noopener\">\n\t\t\t\t\t\t\tLearn More\n\t\t\t\t\t<\/a>\n\t\t\t\t<a href=\"https:\/\/pixcell.co\/en\/retail-and-distribution\/\" target=\"_self\" itemprop=\"url\" rel=\"noopener\">\n\t\t\t\t<img loading=\"lazy\" decoding=\"async\" src=\"https:\/\/pixcell.co\/wp-content\/uploads\/2020\/09\/Commerce-de-detail-et-distribution.jpg\" alt=\"Commerce-de-detail-et-distribution\" itemprop=\"image\" height=\"285\" width=\"589\" title=\"Commerce-de-detail-et-distribution\" onerror=\"this.style.display='none'\"  \/>\n\t\t\t\t<\/a>\n<h3>\n\t\t<a href=\"https:\/\/pixcell.co\/en\/retail-and-distribution\/\" title=\"Retail &amp; Distribution\" target=\"_self\" rel=\"noopener\">\n\t\tRetail &#038; Distribution\n\t\t<\/a>\n\t<\/h3>\n\t<p>Find the right candidate by relying on our executive search agency for the retail and distribution sectors.<\/p>\n\t\t\t<a href=\"https:\/\/pixcell.co\/en\/retail-and-distribution\/\" target=\"_self\" rel=\"noopener\">\n\t\t\t\t\t\t\tLearn More\n\t\t\t\t\t<\/a>\n\t\t\t\t<a href=\"https:\/\/pixcell.co\/en\/real-estate-construction\/\" target=\"_self\" itemprop=\"url\" rel=\"noopener\">\n\t\t\t\t<img loading=\"lazy\" decoding=\"async\" src=\"https:\/\/pixcell.co\/wp-content\/uploads\/2020\/09\/immobilier-et-construction.jpg\" alt=\"immobilier-et-construction\" itemprop=\"image\" height=\"285\" width=\"589\" title=\"immobilier-et-construction\" onerror=\"this.style.display='none'\"  \/>\n\t\t\t\t<\/a>\n<h3>\n\t\t<a href=\"https:\/\/pixcell.co\/en\/real-estate-construction\/\" title=\"Real Estate &amp; Construction\" target=\"_self\" rel=\"noopener\">\n\t\tReal Estate &#038; Construction\n\t\t<\/a>\n\t<\/h3>\n\t<p>Recruit an exceptional candidate with our experienced executive headhunters in the real estate and construction sectors.<\/p>\n\t\t\t<a href=\"https:\/\/pixcell.co\/en\/real-estate-construction\/\" target=\"_self\" rel=\"noopener\">\n\t\t\t\t\t\t\tLearn More\n\t\t\t\t\t<\/a>\n\t\t\t\t<a href=\"https:\/\/pixcell.co\/en\/finance\/\" target=\"_self\" itemprop=\"url\" rel=\"noopener\">\n\t\t\t\t<img loading=\"lazy\" decoding=\"async\" src=\"https:\/\/pixcell.co\/wp-content\/uploads\/2020\/09\/Finance-1.jpg\" alt=\"Finance\" itemprop=\"image\" height=\"285\" width=\"589\" title=\"Finance\" onerror=\"this.style.display='none'\"  \/>\n\t\t\t\t<\/a>\n<h3>\n\t\t<a href=\"https:\/\/pixcell.co\/en\/finance\/\" title=\"Financial Services\" target=\"_self\" rel=\"noopener\">\n\t\tFinancial Services\n\t\t<\/a>\n\t<\/h3>\n\t<p>With our executive search agency, overcome the challenges of recruiting executives in finance, accounting, insurance and banking.<\/p>\n\t\t\t<a href=\"https:\/\/pixcell.co\/en\/finance\/\" target=\"_self\" rel=\"noopener\">\n\t\t\t\t\t\t\tLearn More\n\t\t\t\t\t<\/a>\n\t\t\t\t<a href=\"https:\/\/pixcell.co\/en\/pharmaceutical-and-life-sciences-headhunters\/\" target=\"_self\" itemprop=\"url\" rel=\"noopener\">\n\t\t\t\t<img loading=\"lazy\" decoding=\"async\" src=\"https:\/\/pixcell.co\/wp-content\/uploads\/2020\/09\/Untitled-2.jpg\" alt=\"Untitled-2\" itemprop=\"image\" height=\"285\" width=\"589\" title=\"Untitled-2\" onerror=\"this.style.display='none'\"  \/>\n\t\t\t\t<\/a>\n<h3>\n\t\t<a href=\"https:\/\/pixcell.co\/en\/pharmaceutical-and-life-sciences-headhunters\/\" title=\"Pharmaceutical and Life Sciences\" target=\"_self\" rel=\"noopener\">\n\t\tPharmaceutical and Life Sciences\n\t\t<\/a>\n\t<\/h3>\n\t<p>Do you need to hire a pharmaceutical or bioscience executive? Count on PIXCELL&#8217;s headhunters to meet your recruitment needs.<\/p>\n\t\t\t<a href=\"https:\/\/pixcell.co\/en\/pharmaceutical-and-life-sciences-headhunters\/\" target=\"_self\" rel=\"noopener\">\n\t\t\t\t\t\t\tLearn More\n\t\t\t\t\t<\/a>\n\t\t\t\t<a href=\"https:\/\/pixcell.co\/en\/headhunters-for-professional-services-firms\/\" target=\"_self\" itemprop=\"url\" rel=\"noopener\">\n\t\t\t\t<img loading=\"lazy\" decoding=\"async\" src=\"https:\/\/pixcell.co\/wp-content\/uploads\/2020\/09\/Untitled-22.jpg\" alt=\"Untitled-22\" itemprop=\"image\" height=\"285\" width=\"589\" title=\"Untitled-22\" onerror=\"this.style.display='none'\"  \/>\n\t\t\t\t<\/a>\n<h3>\n\t\t<a href=\"https:\/\/pixcell.co\/en\/headhunters-for-professional-services-firms\/\" title=\"Professional Services\" target=\"_self\" rel=\"noopener\">\n\t\tProfessional Services\n\t\t<\/a>\n\t<\/h3>\n\t<p>Leading firms in the areas of law, engineering consulting, finance and strategy trust PIXCELL to recruit their top associates and partners.<\/p>\n\t\t\t<a href=\"https:\/\/pixcell.co\/en\/headhunters-for-professional-services-firms\/\" target=\"_self\" rel=\"noopener\">\n\t\t\t\t\t\t\tLearn More\n\t\t\t\t\t<\/a>\n\n","protected":false},"excerpt":{"rendered":"<p>Pharmaceutical and Life Sciences Headhunters SEARCHING FOR TALENT? WE CAN HELP Recruiting the Right Managers to Support Growth in the Life Sciences Industry The various bioscience fields have seen stellar growth in recent years, and the COVID-19 pandemic has only accelerated this trend. Quebec and Ontario, in particular, are known for having one of the largest life sciences and health technologies ecosystems in North America.* To support innovation in thisRead More<\/p>\n","protected":false},"author":7,"featured_media":0,"parent":0,"menu_order":0,"comment_status":"closed","ping_status":"closed","template":"","meta":{"_acf_changed":false,"footnotes":""},"class_list":["post-4648","page","type-page","status-publish","hentry"],"acf":[],"yoast_head":"<!-- This site is optimized with the Yoast SEO plugin v25.8 - https:\/\/yoast.com\/wordpress\/plugins\/seo\/ -->\n<title>Pharmaceutical and Life Sciences Headhunters - PIXCELL<\/title>\n<meta name=\"description\" content=\"Do you need to hire a pharmaceutical or bioscience executive? Count on PIXCELL\u2019s headhunters to meet your recruitment needs.\" \/>\n<meta name=\"robots\" content=\"index, follow, max-snippet:-1, max-image-preview:large, max-video-preview:-1\" \/>\n<link rel=\"canonical\" href=\"https:\/\/pixcell.co\/en\/pharmaceutical-and-life-sciences-headhunters\/\" \/>\n<meta property=\"og:locale\" content=\"en_US\" \/>\n<meta property=\"og:type\" content=\"article\" \/>\n<meta property=\"og:title\" content=\"Pharmaceutical and Life Sciences Headhunters - PIXCELL\" \/>\n<meta property=\"og:description\" content=\"Do you need to hire a pharmaceutical or bioscience executive? Count on PIXCELL\u2019s headhunters to meet your recruitment needs.\" \/>\n<meta property=\"og:url\" content=\"https:\/\/pixcell.co\/en\/pharmaceutical-and-life-sciences-headhunters\/\" \/>\n<meta property=\"og:site_name\" content=\"PIXCELL\" \/>\n<meta property=\"article:modified_time\" content=\"2024-12-03T16:39:16+00:00\" \/>\n<meta property=\"og:image\" content=\"https:\/\/pixcell.co\/wp-content\/uploads\/2021\/01\/fleche-vers-le-bas.png\" \/>\n<meta name=\"twitter:card\" content=\"summary_large_image\" \/>\n<meta name=\"twitter:label1\" content=\"Est. reading time\" \/>\n\t<meta name=\"twitter:data1\" content=\"4 minutes\" \/>\n<!-- \/ Yoast SEO plugin. -->","yoast_head_json":{"title":"Pharmaceutical and Life Sciences Headhunters - PIXCELL","description":"Do you need to hire a pharmaceutical or bioscience executive? Count on PIXCELL\u2019s headhunters to meet your recruitment needs.","robots":{"index":"index","follow":"follow","max-snippet":"max-snippet:-1","max-image-preview":"max-image-preview:large","max-video-preview":"max-video-preview:-1"},"canonical":"https:\/\/pixcell.co\/en\/pharmaceutical-and-life-sciences-headhunters\/","og_locale":"en_US","og_type":"article","og_title":"Pharmaceutical and Life Sciences Headhunters - PIXCELL","og_description":"Do you need to hire a pharmaceutical or bioscience executive? Count on PIXCELL\u2019s headhunters to meet your recruitment needs.","og_url":"https:\/\/pixcell.co\/en\/pharmaceutical-and-life-sciences-headhunters\/","og_site_name":"PIXCELL","article_modified_time":"2024-12-03T16:39:16+00:00","og_image":[{"url":"https:\/\/pixcell.co\/wp-content\/uploads\/2021\/01\/fleche-vers-le-bas.png","type":"","width":"","height":""}],"twitter_card":"summary_large_image","twitter_misc":{"Est. reading time":"4 minutes"},"schema":{"@context":"https:\/\/schema.org","@graph":[{"@type":"WebPage","@id":"https:\/\/pixcell.co\/en\/pharmaceutical-and-life-sciences-headhunters\/","url":"https:\/\/pixcell.co\/en\/pharmaceutical-and-life-sciences-headhunters\/","name":"Pharmaceutical and Life Sciences Headhunters - PIXCELL","isPartOf":{"@id":"https:\/\/pixcell.co\/#website"},"primaryImageOfPage":{"@id":"https:\/\/pixcell.co\/en\/pharmaceutical-and-life-sciences-headhunters\/#primaryimage"},"image":{"@id":"https:\/\/pixcell.co\/en\/pharmaceutical-and-life-sciences-headhunters\/#primaryimage"},"thumbnailUrl":"https:\/\/pixcell.co\/wp-content\/uploads\/2021\/01\/fleche-vers-le-bas.png","datePublished":"2022-04-22T18:06:27+00:00","dateModified":"2024-12-03T16:39:16+00:00","description":"Do you need to hire a pharmaceutical or bioscience executive? Count on PIXCELL\u2019s headhunters to meet your recruitment needs.","breadcrumb":{"@id":"https:\/\/pixcell.co\/en\/pharmaceutical-and-life-sciences-headhunters\/#breadcrumb"},"inLanguage":"en-US","potentialAction":[{"@type":"ReadAction","target":["https:\/\/pixcell.co\/en\/pharmaceutical-and-life-sciences-headhunters\/"]}]},{"@type":"ImageObject","inLanguage":"en-US","@id":"https:\/\/pixcell.co\/en\/pharmaceutical-and-life-sciences-headhunters\/#primaryimage","url":"https:\/\/pixcell.co\/wp-content\/uploads\/2021\/01\/fleche-vers-le-bas.png","contentUrl":"https:\/\/pixcell.co\/wp-content\/uploads\/2021\/01\/fleche-vers-le-bas.png"},{"@type":"BreadcrumbList","@id":"https:\/\/pixcell.co\/en\/pharmaceutical-and-life-sciences-headhunters\/#breadcrumb","itemListElement":[{"@type":"ListItem","position":1,"name":"Accueil","item":"https:\/\/pixcell.co\/en\/"},{"@type":"ListItem","position":2,"name":"Pharmaceutical and Life Sciences Headhunters"}]},{"@type":"WebSite","@id":"https:\/\/pixcell.co\/#website","url":"https:\/\/pixcell.co\/","name":"PIXCELL","description":"Executive Search Recruiting | Pixcell","publisher":{"@id":"https:\/\/pixcell.co\/#organization"},"alternateName":"PIXCELL - Chasseurs de t\u00eates sp\u00e9cialis\u00e9s en recrutement de cadres","potentialAction":[{"@type":"SearchAction","target":{"@type":"EntryPoint","urlTemplate":"https:\/\/pixcell.co\/?s={search_term_string}"},"query-input":{"@type":"PropertyValueSpecification","valueRequired":true,"valueName":"search_term_string"}}],"inLanguage":"en-US"},{"@type":"Organization","@id":"https:\/\/pixcell.co\/#organization","name":"PIXCELL","url":"https:\/\/pixcell.co\/","logo":{"@type":"ImageObject","inLanguage":"en-US","@id":"https:\/\/pixcell.co\/#\/schema\/logo\/image\/","url":"https:\/\/pixcell.co\/wp-content\/uploads\/2020\/09\/header-logo.png","contentUrl":"https:\/\/pixcell.co\/wp-content\/uploads\/2020\/09\/header-logo.png","width":227,"height":58,"caption":"PIXCELL"},"image":{"@id":"https:\/\/pixcell.co\/#\/schema\/logo\/image\/"}}]}},"_links":{"self":[{"href":"https:\/\/pixcell.co\/en\/wp-json\/wp\/v2\/pages\/4648","targetHints":{"allow":["GET"]}}],"collection":[{"href":"https:\/\/pixcell.co\/en\/wp-json\/wp\/v2\/pages"}],"about":[{"href":"https:\/\/pixcell.co\/en\/wp-json\/wp\/v2\/types\/page"}],"author":[{"embeddable":true,"href":"https:\/\/pixcell.co\/en\/wp-json\/wp\/v2\/users\/7"}],"replies":[{"embeddable":true,"href":"https:\/\/pixcell.co\/en\/wp-json\/wp\/v2\/comments?post=4648"}],"version-history":[{"count":10,"href":"https:\/\/pixcell.co\/en\/wp-json\/wp\/v2\/pages\/4648\/revisions"}],"predecessor-version":[{"id":16048,"href":"https:\/\/pixcell.co\/en\/wp-json\/wp\/v2\/pages\/4648\/revisions\/16048"}],"wp:attachment":[{"href":"https:\/\/pixcell.co\/en\/wp-json\/wp\/v2\/media?parent=4648"}],"curies":[{"name":"wp","href":"https:\/\/api.w.org\/{rel}","templated":true}]}}