{"id":548,"date":"2020-09-08T20:38:41","date_gmt":"2020-09-08T20:38:41","guid":{"rendered":"https:\/\/pixcell.co\/contact-us\/"},"modified":"2026-01-26T16:18:03","modified_gmt":"2026-01-26T21:18:03","slug":"contact-us","status":"publish","type":"page","link":"https:\/\/pixcell.co\/en\/contact-us\/","title":{"rendered":"Contact Us"},"content":{"rendered":"\n\n\t<div class=\"maphiddenpoints\" style=\"display:none;\">{\"contactmap\":[\"45.502210, -73.575829\"]}<\/div><input type=\"hidden\" class=\"iconurl\" value=\"https:\/\/pixcell.co\/wp-content\/uploads\/2020\/09\/location-pin.png\"><input type=\"hidden\" class=\"zoom\" value=\"18\"><input type=\"hidden\" class=\"watercolor colors\" value=\"#000000\"><input type=\"hidden\" class=\"landscapecolor colors\" value=\"#000000\"><input type=\"hidden\" class=\"roadcolor colors\" value=\"#000000\"><input type=\"hidden\" class=\"poicolor colors\" value=\"#000000\"><div class=\"tagsdescription\" style=\"display:none;\">{\"tags\":[\"1010 Sherbrooke O. SUITE 608 <br\\\/>\\nMontr\\u00e9al, QC, H3A 2R7<br\\\/>\\nT: +1 514. 812. 1099\"]}<\/div><div id=\"mapshooga\"><\/div>\t<script>\r\nvar marker;\r\nvar watercolor = jQuery('.watercolor').val();\r\nvar landscapecolor = jQuery('.landscapecolor').val();\r\nvar poicolor = jQuery('.poicolor').val();\r\nvar roadcolor = jQuery('.roadcolor').val();\r\n\r\nvar allElements = [watercolor, roadcolor, landscapecolor, poicolor];\r\nfunction initMap(subvaluemap) {\r\n\tArray.prototype.allValuesSame = function() {  \r\n\t    for(var i = 1; i < this.length; i++){\r\n\t        if(this[i] !== this[0])\r\n\t            return false;\r\n\t    }\r\n\t    return true;\r\n\t}\r\n\tvar checkcolor = allElements.allValuesSame(); \r\n\tif(checkcolor==false) { \r\n\t\tvar customMapType = new google.maps.StyledMapType([\r\n\t\t\t{\r\n\t\t        featureType: 'water',\r\n\t\t        stylers: [\r\n\t\t        \t{ color: watercolor },\r\n\t\t\t\t\t{ saturation: 60 },\r\n\t\t\t\t\t{ lightness: -20 },\r\n\t\t\t\t\t{ gamma: 1.51 }  ]\r\n\t  \t    },\r\n\t \t\t{\r\n\t            featureType: \"landscape\",\r\n\t            stylers: [\r\n\t\t\t\t\t{ color: landscapecolor },\r\n\t\t\t\t\t{ saturation: 60 },\r\n\t\t\t\t\t{ lightness: -20 },\r\n\t\t\t\t\t{ gamma: 1.51 } ]\r\n\t        },\r\n\t        {\r\n\t            featureType: \"road\",\r\n\t            stylers: [\r\n\t                { hue: roadcolor },\r\n\t                { ligtness: -70 } ]\r\n\t        },\r\n\t        {\r\n\t            featureType: \"poi\",\r\n\t            stylers: [\r\n\t                { hue: poicolor },\r\n\t                { saturation: 60 },\r\n\t\t\t\t\t{ lightness: -20 },\r\n\t\t\t\t\t{ gamma: 1.51 }   ]\r\n\t        },\r\n\t    ]);\r\n\t  \tvar customMapTypeId = 'custom_style';\r\n\t}\t\r\n\tvar latLngList = new Array();\r\n\tvar numberlangtmap ='';\r\n\tvar numberlongtmap='';\r\n    var mappointscenter = jQuery('.maphiddenpoints').text(); \r\n\tvar newmapcenter =  jQuery.parseJSON(mappointscenter);\r\n\r\n\tjQuery.each(newmapcenter, function( pointscenter, pointskeycenter ) {\r\n\t\tjQuery.each(pointskeycenter, function(kc, subvaluemapcenter) {\r\n\t\t\t\tarraypointscenter = subvaluemapcenter .split(',');\r\n\t\t\t\tnumberlangtmap= arraypointscenter[0]*1;\r\n\t\t\t\tnumberlongtmap= arraypointscenter[1]*1;\r\n\t\t\t\tlatLngList.push(new google.maps.LatLng(numberlangtmap, numberlongtmap));\r\n\t\t});\r\n\t});\r\n\r\n\tif(latLngList.length>1){\r\n\t    latlngbounds = new google.maps.LatLngBounds(); \r\n\t\tlatLngList.forEach(function(latLng){\r\n\t\t\tlatlngbounds.extend(latLng); \r\n\t\t});\r\n\t}\r\n\t\r\n    iconurl = jQuery('.iconurl').val();\r\n    zoom = parseInt(jQuery('.zoom').val()); \r\n\r\n    if(checkcolor==false){ \r\n\t\tvar map = new google.maps.Map(document.getElementById('mapshooga'), {\r\n\t\t\tzoom: zoom,\r\n\t\t\tscrollwheel: false,\r\n\t\t\tdisableDefaultUI: true,\r\n\t\t\tcenter:  new google.maps.LatLng(numberlangtmap, numberlongtmap),\r\n\t\t\tzoomControl: true,\r\n\t      \tzoomControlOptions: {\r\n\t\t\t\tposition: google.maps.ControlPosition.RIGHT_BOTTOM\r\n\t\t\t},\r\n\t\t\tmapTypeControlOptions: {\r\n\t\t      \tmapTypeIds: [google.maps.MapTypeId.ROADMAP, customMapTypeId]\r\n\t\t    }\r\n\t\t});\r\n\t\tsetMarkers(map); \r\n\t\tif( latLngList.length>1 ){ \r\n\t\t \tmap.setCenter(latlngbounds.getCenter());\r\n\t\t\tmap.fitBounds(latlngbounds); \r\n\t\t}\r\n\t\tmap.mapTypes.set(customMapTypeId, customMapType);\r\n\t  \tmap.setMapTypeId(customMapTypeId);\r\n  \t}else {\r\n\t  \tvar map = new google.maps.Map(document.getElementById('mapshooga'), {\r\n\t\t\tzoom: zoom,\r\n\t\t\tscrollwheel: false,\r\n\t\t\tcenter:  new google.maps.LatLng(numberlangtmap, numberlongtmap),\r\n\t\t\tdisableDefaultUI: true,\r\n\t\t\tzoomControl: true,\r\n\t\t\tzoomControlOptions: {\r\n\t\t\t\tposition: google.maps.ControlPosition.RIGHT_CENTER\r\n\t\t\t},\r\n\t\t\tstyles: [\r\n\t\t\t    {\r\n\t\t\t        \"featureType\": \"water\",\r\n\t\t\t        \"elementType\": \"geometry\",\r\n\t\t\t        \"stylers\": [\r\n\t\t\t            {\r\n\t\t\t                \"color\": \"#e9e9e9\"\r\n\t\t\t            },\r\n\t\t\t            {\r\n\t\t\t                \"lightness\": 17\r\n\t\t\t            }\r\n\t\t\t        ]\r\n\t\t\t    },\r\n\t\t\t    {\r\n\t\t\t        \"featureType\": \"landscape\",\r\n\t\t\t        \"elementType\": \"geometry\",\r\n\t\t\t        \"stylers\": [\r\n\t\t\t            {\r\n\t\t\t                \"color\": \"#f5f5f5\"\r\n\t\t\t            },\r\n\t\t\t            {\r\n\t\t\t                \"lightness\": 20\r\n\t\t\t            }\r\n\t\t\t        ]\r\n\t\t\t    },\r\n\t\t\t    {\r\n\t\t\t        \"featureType\": \"road.highway\",\r\n\t\t\t        \"elementType\": \"geometry.fill\",\r\n\t\t\t        \"stylers\": [\r\n\t\t\t            {\r\n\t\t\t                \"color\": \"#ffffff\"\r\n\t\t\t            },\r\n\t\t\t            {\r\n\t\t\t                \"lightness\": 17\r\n\t\t\t            }\r\n\t\t\t        ]\r\n\t\t\t    },\r\n\t\t\t    {\r\n\t\t\t        \"featureType\": \"road.highway\",\r\n\t\t\t        \"elementType\": \"geometry.stroke\",\r\n\t\t\t        \"stylers\": [\r\n\t\t\t            {\r\n\t\t\t                \"color\": \"#ffffff\"\r\n\t\t\t            },\r\n\t\t\t            {\r\n\t\t\t                \"lightness\": 29\r\n\t\t\t            },\r\n\t\t\t            {\r\n\t\t\t                \"weight\": 0.2\r\n\t\t\t            }\r\n\t\t\t        ]\r\n\t\t\t    },\r\n\t\t\t    {\r\n\t\t\t        \"featureType\": \"road.arterial\",\r\n\t\t\t        \"elementType\": \"geometry\",\r\n\t\t\t        \"stylers\": [\r\n\t\t\t            {\r\n\t\t\t                \"color\": \"#ffffff\"\r\n\t\t\t            },\r\n\t\t\t            {\r\n\t\t\t                \"lightness\": 18\r\n\t\t\t            }\r\n\t\t\t        ]\r\n\t\t\t    },\r\n\t\t\t    {\r\n\t\t\t        \"featureType\": \"road.local\",\r\n\t\t\t        \"elementType\": \"geometry\",\r\n\t\t\t        \"stylers\": [\r\n\t\t\t            {\r\n\t\t\t                \"color\": \"#ffffff\"\r\n\t\t\t            },\r\n\t\t\t            {\r\n\t\t\t                \"lightness\": 16\r\n\t\t\t            }\r\n\t\t\t        ]\r\n\t\t\t    },\r\n\t\t\t    {\r\n\t\t\t        \"featureType\": \"poi\",\r\n\t\t\t        \"elementType\": \"geometry\",\r\n\t\t\t        \"stylers\": [\r\n\t\t\t            {\r\n\t\t\t                \"color\": \"#f5f5f5\"\r\n\t\t\t            },\r\n\t\t\t            {\r\n\t\t\t                \"lightness\": 21\r\n\t\t\t            }\r\n\t\t\t        ]\r\n\t\t\t    },\r\n\t\t\t    {\r\n\t\t\t        \"featureType\": \"poi.park\",\r\n\t\t\t        \"elementType\": \"geometry\",\r\n\t\t\t        \"stylers\": [\r\n\t\t\t            {\r\n\t\t\t                \"color\": \"#dedede\"\r\n\t\t\t            },\r\n\t\t\t            {\r\n\t\t\t                \"lightness\": 21\r\n\t\t\t            }\r\n\t\t\t        ]\r\n\t\t\t    },\r\n\t\t\t    {\r\n\t\t\t        \"elementType\": \"labels.text.stroke\",\r\n\t\t\t        \"stylers\": [\r\n\t\t\t            {\r\n\t\t\t                \"visibility\": \"on\"\r\n\t\t\t            },\r\n\t\t\t            {\r\n\t\t\t                \"color\": \"#ffffff\"\r\n\t\t\t            },\r\n\t\t\t            {\r\n\t\t\t                \"lightness\": 16\r\n\t\t\t            }\r\n\t\t\t        ]\r\n\t\t\t    },\r\n\t\t\t    {\r\n\t\t\t        \"elementType\": \"labels.text.fill\",\r\n\t\t\t        \"stylers\": [\r\n\t\t\t            {\r\n\t\t\t                \"saturation\": 36\r\n\t\t\t            },\r\n\t\t\t            {\r\n\t\t\t                \"color\": \"#333333\"\r\n\t\t\t            },\r\n\t\t\t            {\r\n\t\t\t                \"lightness\": 40\r\n\t\t\t            }\r\n\t\t\t        ]\r\n\t\t\t    },\r\n\t\t\t    {\r\n\t\t\t        \"elementType\": \"labels.icon\",\r\n\t\t\t        \"stylers\": [\r\n\t\t\t            {\r\n\t\t\t                \"visibility\": \"off\"\r\n\t\t\t            }\r\n\t\t\t        ]\r\n\t\t\t    },\r\n\t\t\t    {\r\n\t\t\t        \"featureType\": \"transit\",\r\n\t\t\t        \"elementType\": \"geometry\",\r\n\t\t\t        \"stylers\": [\r\n\t\t\t            {\r\n\t\t\t                \"color\": \"#f2f2f2\"\r\n\t\t\t            },\r\n\t\t\t            {\r\n\t\t\t                \"lightness\": 19\r\n\t\t\t            }\r\n\t\t\t        ]\r\n\t\t\t    },\r\n\t\t\t    {\r\n\t\t\t        \"featureType\": \"administrative\",\r\n\t\t\t        \"elementType\": \"geometry.fill\",\r\n\t\t\t        \"stylers\": [\r\n\t\t\t            {\r\n\t\t\t                \"color\": \"#fefefe\"\r\n\t\t\t            },\r\n\t\t\t            {\r\n\t\t\t                \"lightness\": 20\r\n\t\t\t            }\r\n\t\t\t        ]\r\n\t\t\t    },\r\n\t\t\t    {\r\n\t\t\t        \"featureType\": \"administrative\",\r\n\t\t\t        \"elementType\": \"geometry.stroke\",\r\n\t\t\t        \"stylers\": [\r\n\t\t\t            {\r\n\t\t\t                \"color\": \"#fefefe\"\r\n\t\t\t            },\r\n\t\t\t            {\r\n\t\t\t                \"lightness\": 17\r\n\t\t\t            },\r\n\t\t\t            {\r\n\t\t\t                \"weight\": 1.2\r\n\t\t\t            }\r\n\t\t\t        ]\r\n\t\t\t    }\r\n\t\t    ]\r\n\t\t});\r\n\t\tsetMarkers(map);\r\n\t\tif(latLngList.length>1 ){ \r\n\t\t\tmap.setCenter(latlngbounds.getCenter());\r\n\t\t\tmap.fitBounds(latlngbounds); \r\n\t\t}\r\n\t\r\n  \t}\r\n}\r\n\r\nfunction setMarkers(map) {\r\n    var shape = {\r\n        coords: [1, 1, 1, 20, 18, 20, 18, 1],\r\n        type: 'poly'\r\n    };\r\n\tvar contentString = jQuery('.tagsdescription').text();\r\n\tvar newcontentString =  jQuery.parseJSON(contentString); \r\n\tvar infowindow;\r\n\tvar mappoints = jQuery('.maphiddenpoints').text();\r\n\tvar newmap =  jQuery.parseJSON(mappoints);\r\n\tvar x=0;\r\n\tvar y;\r\n\tjQuery.each(newmap, function( points, pointskey ) {\t\r\n\t\r\n\t\tjQuery.each(pointskey, function(k, subvaluemap) {\r\n\t\t\t\ty=x++;\r\n\t\t\t\tvar arraypoints = subvaluemap .split(',');\r\n\t\t\t\tvar numberlongt= arraypoints[0]*1;\r\n\t\t\t\tvar numberlangt= arraypoints[1]*1;\r\n\t\tif (numberlongt) {\r\n\t\t\t \tvar infowindow = new google.maps.InfoWindow();\r\n \t\t\t\tvar content= newcontentString['tags'][y];\r\n\t\t\t\tvar marker = new google.maps.Marker({\r\n\t\t\t\tanimation: google.maps.Animation.DROP,\r\n\t\t\t\tposition: {lat: numberlongt, lng:  numberlangt},\r\n\t\t\t\tmap: map,\r\n\t\t\t\ticon: iconurl,\r\n\t\t\t\tdisableDefaultUI: true,\r\n\t\t        });\r\n\t\t\t\tgoogle.maps.event.addListener(marker,'click', (function(marker,content,infowindow){ \r\n\t\t\t    return function() {\r\n\t\t\t    \tif(content) {\r\n\t\t\t\t        infowindow.setContent(content);\r\n\t\t\t\t        infowindow.open(map,marker);\r\n\t\t\t\t    }\r\n\t\t\t    };\r\n\t\t\t})(marker,content,infowindow));  \r\n\t\t  };\r\n\t\t});\r\n\t});\r\n};\r\n\r\n    <\/script>\r\n    <script async defer\r\n        src=\"https:\/\/maps.googleapis.com\/maps\/api\/js?key=AIzaSyALGQ9lYrOLmlZd0Lony5AhI2IRos9zhmI&callback=initMap\"><\/script>\r\n\t\n<h1>\n\t\t\tContact Us\t<\/h1>\n<h2>\n\t\t\tContact Our Representatives Today: <strong>+1 (514) 427-1364 <\/strong>\t<\/h2>\n\t<div class=\"frm_forms  with_frm_style frm_style_formidable-style\" id=\"frm_form_1_container\" >\n<form enctype=\"multipart\/form-data\" method=\"post\" class=\"frm-show-form frm_compact frm_contact frm_js_validate  frm_ajax_submit  frm_pro_form \" id=\"form_contact-form\" >\n<div class=\"frm_form_fields \">\n<fieldset>\n<legend class=\"frm_screen_reader\">Contact Us<\/legend>\r\n\r\n<div class=\"frm_fields_container\">\n<input type=\"hidden\" name=\"frm_action\" value=\"create\" \/>\n<input type=\"hidden\" name=\"form_id\" value=\"1\" \/>\n<input type=\"hidden\" name=\"frm_hide_fields_1\" id=\"frm_hide_fields_1\" value=\"\" \/>\n<input type=\"hidden\" name=\"form_key\" value=\"contact-form\" \/>\n<input type=\"hidden\" name=\"item_meta[0]\" value=\"\" \/>\n<input type=\"hidden\" id=\"frm_submit_entry_1\" name=\"frm_submit_entry_1\" value=\"fa88a38782\" \/><input type=\"hidden\" name=\"_wp_http_referer\" value=\"\/en\/wp-json\/wp\/v2\/pages\/548\" \/><div id=\"frm_field_20_container\" class=\"frm_form_field form-field  frm_required_field frm_top_container frm_half frm_first\">\r\n    <label for=\"field_2k7bk\" id=\"field_2k7bk_label\" class=\"frm_primary_label\">I am looking\r\n        <span class=\"frm_required\">*<\/span>\r\n    <\/label>\r\n    \t\t<select name=\"item_meta[20]\" id=\"field_2k7bk\"  data-frmval=\"Acquire new talent\" data-reqmsg=\"Ce champ ne peut pas \u00eatre vide\" aria-required=\"true\" data-invmsg=\"I am looking is invalid\" aria-invalid=\"false\"  >\n\t\t<option  value=\"Acquire new talent\" selected='selected'>Acquire new talent<\/option><option  value=\"Become a candidate\">Become a candidate<\/option>\t<\/select>\n\t\r\n    \r\n    \r\n<\/div>\n<div id=\"frm_field_1_container\" class=\"frm_form_field form-field  frm_required_field frm_top_container frm_half\">\r\n    <label for=\"field_qh4icy\" id=\"field_qh4icy_label\" class=\"frm_primary_label\">Name\r\n        <span class=\"frm_required\">*<\/span>\r\n    <\/label>\r\n    <input  type=\"text\" id=\"field_qh4icy\" name=\"item_meta[1]\" value=\"\"  data-reqmsg=\"Name cannot be blank.\" aria-required=\"true\" data-invmsg=\"Name is invalid\" aria-invalid=\"false\"   \/>\r\n    \r\n    \r\n<\/div>\n<div id=\"frm_field_3_container\" class=\"frm_form_field form-field  frm_required_field frm_top_container frm_half frm_first\">\r\n    <label for=\"field_29yf4d\" id=\"field_29yf4d_label\" class=\"frm_primary_label\">Email\r\n        <span class=\"frm_required\">*<\/span>\r\n    <\/label>\r\n    <input type=\"email\" id=\"field_29yf4d\" name=\"item_meta[3]\" value=\"\"  data-reqmsg=\"Email cannot be blank.\" aria-required=\"true\" data-invmsg=\"Please enter a valid email address\" aria-invalid=\"false\"  \/>\r\n    \r\n    \r\n<\/div>\n<div id=\"frm_field_4_container\" class=\"frm_form_field form-field  frm_top_container frm_half\">\r\n    <label for=\"field_e6lis6\" id=\"field_e6lis6_label\" class=\"frm_primary_label\">Company\r\n        <span class=\"frm_required\"><\/span>\r\n    <\/label>\r\n    <input  type=\"text\" id=\"field_e6lis6\" name=\"item_meta[4]\" value=\"\"  data-invmsg=\"Subject is invalid\" aria-invalid=\"false\"   \/>\r\n    \r\n    \r\n<\/div>\n<div id=\"frm_field_17_container\" class=\"frm_form_field form-field  frm_required_field frm_top_container frm_half frm_first\">\r\n    <label for=\"field_1pmns\" id=\"field_1pmns_label\" class=\"frm_primary_label\">Phone number\r\n        <span class=\"frm_required\">*<\/span>\r\n    <\/label>\r\n    <input type=\"tel\" id=\"field_1pmns\" name=\"item_meta[17]\" value=\"\"  data-reqmsg=\"Phone number cannot be blank.\" aria-required=\"true\" data-invmsg=\"Phone is invalid\" aria-invalid=\"false\" pattern=\"((\\+\\d{1,3}(-|.| )?\\(?\\d\\)?(-| |.)?\\d{1,5})|(\\(?\\d{2,6}\\)?))(-|.| )?(\\d{3,4})(-|.| )?(\\d{4})(( x| ext)\\d{1,5}){0,1}$\"  \/>\r\n    \r\n    \r\n<\/div>\n<div id=\"frm_field_18_container\" class=\"frm_form_field form-field  frm_required_field frm_top_container frm_half\">\r\n    <label for=\"field_8ipw4\" id=\"field_8ipw4_label\" class=\"frm_primary_label\">Country\r\n        <span class=\"frm_required\">*<\/span>\r\n    <\/label>\r\n    <input  type=\"text\" id=\"field_8ipw4\" name=\"item_meta[18]\" value=\"\"  data-reqmsg=\"Country cannot be blank.\" aria-required=\"true\" data-invmsg=\"Text is invalid\" aria-invalid=\"false\"   \/>\r\n    \r\n    \r\n<\/div>\n<div id=\"frm_field_19_container\" class=\"frm_form_field form-field  frm_top_container frm12\">\r\n    <div  id=\"field_lura6_label\" class=\"frm_primary_label\">Choose File\r\n        <span class=\"frm_required\"><\/span>\r\n    <\/div>\r\n    <input type=\"hidden\"  data-invmsg=\"File Upload is invalid\" class=\"auto_width\" aria-invalid=\"false\"   name=\"item_meta[19]\"  value=\"\" data-frmfile=\"19\" \/>\n\n<div class=\"frm_dropzone frm_single_upload frm_clearfix\" id=\"file19_dropzone\" role=\"group\" >\n\t<div class=\"fallback\">\n\t\t<input type=\"file\" name=\"file19\" id=\"field_lura6\"\n\t\t\t data-invmsg=\"File Upload is invalid\" class=\"auto_width\" aria-invalid=\"false\"  \t\t\t\/>\n\t\t\t\t<div class=\"frm_clearfix \"><\/div>\n\t<\/div>\n\t<div class=\"dz-message needsclick\">\n\t\t\t\t<svg  viewBox=\"0 0 18 18\" class=\"frmsvg frm-svg-icon\">\n\t<path viewBox=\"0 0 18 18\" fill-rule=\"evenodd\" clip-rule=\"evenodd\" d=\"M8.2 4v8a.8.8 0 001.5 0V4l2.1 2.2A.7.7 0 1013 5L9.5 1.7a.7.7 0 00-1.1 0L5.1 5.2a.8.8 0 001 1l2.1-2zm7.6 4.3c.4 0 .7.3.7.7v6.8c0 .4-.3.7-.8.7H2.3a.8.8 0 01-.8-.8V9A.8.8 0 013 9v6h12V9c0-.4.3-.8.8-.8z\"><\/path>\n<\/svg>\t\t<span class=\"frm_upload_text\"><button type=\"button\" aria-label=\"Choose File. Drop a file here or click to upload. Maximum file size: 5MB\">Drop a file here or click to upload<\/button><\/span>\n\t\t<span class=\"frm_compact_text\"><button type=\"button\" aria-label=\"Choose File. Choose File. Maximum file size: 5MB\">Choose File<\/button><\/span>\n\t\t<div class=\"frm_small_text\">\n\t\t\t<p>Maximum file size: 5MB<\/p>\n\t\t<\/div>\n\t<\/div>\n<\/div>\n\t\r\n    \r\n    \r\n<\/div>\n<input type=\"hidden\" name=\"item_meta[30]\" id=\"field_lez55\" value=\"Contact Us\"  data-frmval=\"Contact Us\"   \/>\n<input type=\"hidden\" name=\"item_meta[28]\" id=\"field_raa7d\" value=\"\/en\/wp-json\/wp\/v2\/pages\/548\"  data-frmval=\"\/en\/wp-json\/wp\/v2\/pages\/548\"   \/>\n<input type=\"hidden\" name=\"item_meta[26]\" id=\"field_gm73l\" value=\"en\"  data-frmval=\"en\"   \/>\n<div id=\"frm_field_49_container\" class=\"frm_form_field form-field  frm_none_container\">\r\n    <label for=\"h-captcha-response\" id=\"field_tptf_label\" class=\"frm_primary_label\">\r\n        <span class=\"frm_required\"><\/span>\r\n    <\/label>\r\n    <div  id=\"field_tptf\" class=\"cf-turnstile\" data-sitekey=\"0x4AAAAAAA9VyvgRrtoAruVM\" data-size=\"normal\" data-theme=\"light\"><\/div>\r\n    \r\n    \r\n<\/div>\n<div id=\"frm_field_55_container\" class=\"frm_form_field form-field \">\r\n\t<div class=\"frm_submit\">\r\n\r\n<button class=\"frm_button_submit frm_final_submit\" type=\"submit\"   formnovalidate=\"formnovalidate\">Submit<\/button>\r\n\r\n<\/div>\r\n<\/div>\n\t<input type=\"hidden\" name=\"item_key\" value=\"\" \/>\n\t\t\t<div id=\"frm_field_57_container\">\n\t\t\t<label for=\"field_ewvgz\" >\n\t\t\t\tIf you are human, leave this field blank.\t\t\t<\/label>\n\t\t\t<input  id=\"field_ewvgz\" type=\"text\" class=\"frm_form_field form-field frm_verify\" name=\"item_meta[57]\" value=\"\"  \/>\n\t\t<\/div>\n\t\t<input name=\"frm_state\" type=\"hidden\" value=\"MTvtr\/XptmGFSF+tAuaXAHXSDq8jQ7MaOiTy\/9L7uAlg5X22ImZTo6NqwuScSPcX\" \/><\/div>\n<\/fieldset>\n<\/div>\n\n<\/form>\n<\/div>\n\n\t\t\t\t<img decoding=\"async\" src=\"https:\/\/pixcell.co\/wp-content\/uploads\/2021\/01\/contact-Pixcell-today.jpg\" alt=\"contact Pixcell today\" itemprop=\"image\" height=\"380\" width=\"489\" title=\"contact Pixcell today\" onerror=\"this.style.display='none'\" loading=\"lazy\" \/>\n\n","protected":false},"excerpt":{"rendered":"<p>Contact Us Contact Our Representatives Today: +1 (514) 427-1364<\/p>\n","protected":false},"author":1,"featured_media":0,"parent":0,"menu_order":0,"comment_status":"closed","ping_status":"closed","template":"","meta":{"_acf_changed":false,"footnotes":""},"class_list":["post-548","page","type-page","status-publish","hentry"],"acf":[],"yoast_head":"<!-- This site is optimized with the Yoast SEO plugin v25.8 - https:\/\/yoast.com\/wordpress\/plugins\/seo\/ -->\n<title>Contact Us - PIXCELL<\/title>\n<meta name=\"description\" content=\"Hiring a CEO or senior executive? Contact Pixcell to work with experts in executive search and leadership recruitment.\" \/>\n<meta name=\"robots\" content=\"index, follow, max-snippet:-1, max-image-preview:large, max-video-preview:-1\" \/>\n<link rel=\"canonical\" href=\"https:\/\/pixcell.co\/en\/contact-us\/\" \/>\n<meta property=\"og:locale\" content=\"en_US\" \/>\n<meta property=\"og:type\" content=\"article\" \/>\n<meta property=\"og:title\" content=\"Contact Us - PIXCELL\" \/>\n<meta property=\"og:description\" content=\"Hiring a CEO or senior executive? Contact Pixcell to work with experts in executive search and leadership recruitment.\" \/>\n<meta property=\"og:url\" content=\"https:\/\/pixcell.co\/en\/contact-us\/\" \/>\n<meta property=\"og:site_name\" content=\"PIXCELL\" \/>\n<meta property=\"article:modified_time\" content=\"2026-01-26T21:18:03+00:00\" \/>\n<meta property=\"og:image\" content=\"https:\/\/pixcell.co\/wp-content\/uploads\/2021\/01\/contact-Pixcell-today.jpg\" \/>\n<meta name=\"twitter:card\" content=\"summary_large_image\" \/>\n<meta name=\"twitter:label1\" content=\"Est. reading time\" \/>\n\t<meta name=\"twitter:data1\" content=\"1 minute\" \/>\n<!-- \/ Yoast SEO plugin. -->","yoast_head_json":{"title":"Contact Us - PIXCELL","description":"Hiring a CEO or senior executive? Contact Pixcell to work with experts in executive search and leadership recruitment.","robots":{"index":"index","follow":"follow","max-snippet":"max-snippet:-1","max-image-preview":"max-image-preview:large","max-video-preview":"max-video-preview:-1"},"canonical":"https:\/\/pixcell.co\/en\/contact-us\/","og_locale":"en_US","og_type":"article","og_title":"Contact Us - PIXCELL","og_description":"Hiring a CEO or senior executive? Contact Pixcell to work with experts in executive search and leadership recruitment.","og_url":"https:\/\/pixcell.co\/en\/contact-us\/","og_site_name":"PIXCELL","article_modified_time":"2026-01-26T21:18:03+00:00","og_image":[{"url":"https:\/\/pixcell.co\/wp-content\/uploads\/2021\/01\/contact-Pixcell-today.jpg","type":"","width":"","height":""}],"twitter_card":"summary_large_image","twitter_misc":{"Est. reading time":"1 minute"},"schema":{"@context":"https:\/\/schema.org","@graph":[{"@type":"WebPage","@id":"https:\/\/pixcell.co\/en\/contact-us\/","url":"https:\/\/pixcell.co\/en\/contact-us\/","name":"Contact Us - PIXCELL","isPartOf":{"@id":"https:\/\/pixcell.co\/#website"},"primaryImageOfPage":{"@id":"https:\/\/pixcell.co\/en\/contact-us\/#primaryimage"},"image":{"@id":"https:\/\/pixcell.co\/en\/contact-us\/#primaryimage"},"thumbnailUrl":"https:\/\/pixcell.co\/wp-content\/uploads\/2021\/01\/contact-Pixcell-today.jpg","datePublished":"2020-09-08T20:38:41+00:00","dateModified":"2026-01-26T21:18:03+00:00","description":"Hiring a CEO or senior executive? Contact Pixcell to work with experts in executive search and leadership recruitment.","breadcrumb":{"@id":"https:\/\/pixcell.co\/en\/contact-us\/#breadcrumb"},"inLanguage":"en-US","potentialAction":[{"@type":"ReadAction","target":["https:\/\/pixcell.co\/en\/contact-us\/"]}]},{"@type":"ImageObject","inLanguage":"en-US","@id":"https:\/\/pixcell.co\/en\/contact-us\/#primaryimage","url":"https:\/\/pixcell.co\/wp-content\/uploads\/2021\/01\/contact-Pixcell-today.jpg","contentUrl":"https:\/\/pixcell.co\/wp-content\/uploads\/2021\/01\/contact-Pixcell-today.jpg"},{"@type":"BreadcrumbList","@id":"https:\/\/pixcell.co\/en\/contact-us\/#breadcrumb","itemListElement":[{"@type":"ListItem","position":1,"name":"Accueil","item":"https:\/\/pixcell.co\/en\/"},{"@type":"ListItem","position":2,"name":"Contact Us"}]},{"@type":"WebSite","@id":"https:\/\/pixcell.co\/#website","url":"https:\/\/pixcell.co\/","name":"PIXCELL","description":"Executive Search Recruiting | Pixcell","publisher":{"@id":"https:\/\/pixcell.co\/#organization"},"alternateName":"PIXCELL - Chasseurs de t\u00eates sp\u00e9cialis\u00e9s en recrutement de cadres","potentialAction":[{"@type":"SearchAction","target":{"@type":"EntryPoint","urlTemplate":"https:\/\/pixcell.co\/?s={search_term_string}"},"query-input":{"@type":"PropertyValueSpecification","valueRequired":true,"valueName":"search_term_string"}}],"inLanguage":"en-US"},{"@type":"Organization","@id":"https:\/\/pixcell.co\/#organization","name":"PIXCELL","url":"https:\/\/pixcell.co\/","logo":{"@type":"ImageObject","inLanguage":"en-US","@id":"https:\/\/pixcell.co\/#\/schema\/logo\/image\/","url":"https:\/\/pixcell.co\/wp-content\/uploads\/2020\/09\/header-logo.png","contentUrl":"https:\/\/pixcell.co\/wp-content\/uploads\/2020\/09\/header-logo.png","width":227,"height":58,"caption":"PIXCELL"},"image":{"@id":"https:\/\/pixcell.co\/#\/schema\/logo\/image\/"}}]}},"_links":{"self":[{"href":"https:\/\/pixcell.co\/en\/wp-json\/wp\/v2\/pages\/548","targetHints":{"allow":["GET"]}}],"collection":[{"href":"https:\/\/pixcell.co\/en\/wp-json\/wp\/v2\/pages"}],"about":[{"href":"https:\/\/pixcell.co\/en\/wp-json\/wp\/v2\/types\/page"}],"author":[{"embeddable":true,"href":"https:\/\/pixcell.co\/en\/wp-json\/wp\/v2\/users\/1"}],"replies":[{"embeddable":true,"href":"https:\/\/pixcell.co\/en\/wp-json\/wp\/v2\/comments?post=548"}],"version-history":[{"count":12,"href":"https:\/\/pixcell.co\/en\/wp-json\/wp\/v2\/pages\/548\/revisions"}],"predecessor-version":[{"id":19189,"href":"https:\/\/pixcell.co\/en\/wp-json\/wp\/v2\/pages\/548\/revisions\/19189"}],"wp:attachment":[{"href":"https:\/\/pixcell.co\/en\/wp-json\/wp\/v2\/media?parent=548"}],"curies":[{"name":"wp","href":"https:\/\/api.w.org\/{rel}","templated":true}]}}