{"id":552,"date":"2020-09-11T17:11:49","date_gmt":"2020-09-11T17:11:49","guid":{"rendered":"https:\/\/pixcell.co\/executive-search\/"},"modified":"2026-01-16T16:09:31","modified_gmt":"2026-01-16T21:09:31","slug":"executive-search","status":"publish","type":"page","link":"https:\/\/pixcell.co\/en\/executive-search\/","title":{"rendered":"Executive Search"},"content":{"rendered":"\n\n\t        <nav class=\"navigation-labels\">\n                            <button class=\"active\" id=\"00\">\n                    <span>TALENT SEARCH <\/span><\/button>\n                            <button id=\"01\">\n                    <span>TALENT ASSESSMENT <\/span><\/button>\n                            <button id=\"02\">\n                    <span>TALENT SELECTION <\/span><\/button>\n                    <\/nav>\n        <ul class=\"executive-search-slider\">\n                            <li style=\"background-image: url(https:\/\/pixcell.co\/wp-content\/uploads\/2021\/01\/Executive-talent-research.jpg);\">\n                    <p>Our Comprehensive Executive Search Services<br \/>\r\n<\/p>\n                <\/li>\n                            <li style=\"background-image: url(https:\/\/pixcell.co\/wp-content\/uploads\/2021\/01\/Evaluation-of-executives-and-candidates.jpg);\">\n                    <p>Appraise Executive Talent<\/p>\n                <\/li>\n                            <li style=\"background-image: url(https:\/\/pixcell.co\/wp-content\/uploads\/2021\/01\/Perfect-talent-selection.jpg);\">\n                    <p>Create the perfect fit<\/p>\n                <\/li>\n                    <\/ul>\n    \n    \n<h3>\n\t\t\tSEARCHING FOR TALENT?\t<\/h3>\n<h5>\n\t\t\tWE CAN HELP\t<\/h5>\n\t<div class=\"frm_forms  with_frm_style frm_style_formidable-style\" id=\"frm_form_5_container\" >\n<form enctype=\"multipart\/form-data\" method=\"post\" class=\"frm-show-form frm_information-technology frm_js_validate  frm_ajax_submit  frm_pro_form \" id=\"form_informationtechnologydigitaltransofrmation3b7c05cf80\" >\n<div class=\"frm_form_fields \">\n<fieldset>\n<legend class=\"frm_screen_reader\">Industry page form - EN<\/legend>\r\n\r\n<div class=\"frm_fields_container\">\n<input type=\"hidden\" name=\"frm_action\" value=\"create\" \/>\n<input type=\"hidden\" name=\"form_id\" value=\"5\" \/>\n<input type=\"hidden\" name=\"frm_hide_fields_5\" id=\"frm_hide_fields_5\" value=\"\" \/>\n<input type=\"hidden\" name=\"form_key\" value=\"informationtechnologydigitaltransofrmation3b7c05cf80\" \/>\n<input type=\"hidden\" name=\"item_meta[0]\" value=\"\" \/>\n<input type=\"hidden\" id=\"frm_submit_entry_5\" name=\"frm_submit_entry_5\" value=\"1c229dbb22\" \/><input type=\"hidden\" name=\"_wp_http_referer\" value=\"\/en\/wp-json\/wp\/v2\/pages\/552\" \/><div id=\"frm_field_42_container\" class=\"frm_form_field form-field  frm_required_field frm_top_container frm12\">\r\n    <label for=\"field_u7pr9430971975\" id=\"field_u7pr9430971975_label\" class=\"frm_primary_label\">Name\r\n        <span class=\"frm_required\">*<\/span>\r\n    <\/label>\r\n    <input  type=\"text\" id=\"field_u7pr9430971975\" name=\"item_meta[42]\" value=\"\"  data-reqmsg=\"Name cannot be blank.\" aria-required=\"true\" data-invmsg=\"Text is invalid\" aria-invalid=\"false\"   \/>\r\n    \r\n    \r\n<\/div>\n<div id=\"frm_field_43_container\" class=\"frm_form_field form-field  frm_required_field frm_top_container frm12\">\r\n    <label for=\"field_742aa383fd7f446\" id=\"field_742aa383fd7f446_label\" class=\"frm_primary_label\">Telephone\r\n        <span class=\"frm_required\">*<\/span>\r\n    <\/label>\r\n    <input type=\"tel\" id=\"field_742aa383fd7f446\" name=\"item_meta[43]\" value=\"\"  data-reqmsg=\"Telephone cannot be blank.\" aria-required=\"true\" data-invmsg=\"Phone is invalid\" aria-invalid=\"false\" pattern=\"((\\+\\d{1,3}(-|.| )?\\(?\\d\\)?(-| |.)?\\d{1,5})|(\\(?\\d{2,6}\\)?))(-|.| )?(\\d{3,4})(-|.| )?(\\d{4})(( x| ext)\\d{1,5}){0,1}$\"  \/>\r\n    \r\n    \r\n<\/div>\n<div id=\"frm_field_44_container\" class=\"frm_form_field form-field  frm_required_field frm_top_container frm12\">\r\n    <label for=\"field_3jw770898b4246b\" id=\"field_3jw770898b4246b_label\" class=\"frm_primary_label\">Email\r\n        <span class=\"frm_required\">*<\/span>\r\n    <\/label>\r\n    <input type=\"email\" id=\"field_3jw770898b4246b\" name=\"item_meta[44]\" value=\"\"  data-reqmsg=\"Email cannot be blank.\" aria-required=\"true\" data-invmsg=\"Email is invalid\" aria-invalid=\"false\"  \/>\r\n    \r\n    \r\n<\/div>\n<div id=\"frm_field_45_container\" class=\"frm_form_field form-field  frm_required_field frm_top_container frm12\">\r\n    <label for=\"field_hvgfze43edcec3f\" id=\"field_hvgfze43edcec3f_label\" class=\"frm_primary_label\">Message\r\n        <span class=\"frm_required\">*<\/span>\r\n    <\/label>\r\n    <textarea name=\"item_meta[45]\" id=\"field_hvgfze43edcec3f\" rows=\"2\"  data-reqmsg=\"Message cannot be blank.\" aria-required=\"true\" data-invmsg=\"Message is invalid\" aria-invalid=\"false\"  ><\/textarea>\r\n    \r\n    \r\n<\/div>\n<input type=\"hidden\" name=\"item_meta[46]\" id=\"field_skqn7b5baf26bfc\" value=\"Executive Search\"  data-frmval=\"Executive Search\"   \/>\n<input type=\"hidden\" name=\"item_meta[47]\" id=\"field_3mdtf1c1c9054a8\" value=\"\/en\/wp-json\/wp\/v2\/pages\/552\"  data-frmval=\"\/en\/wp-json\/wp\/v2\/pages\/552\"   \/>\n<input type=\"hidden\" name=\"item_meta[48]\" id=\"field_7eshj513cada4f0\" value=\"en\"  data-frmval=\"en\"   \/>\n<div id=\"frm_field_51_container\" class=\"frm_form_field form-field  frm_none_container\">\r\n    <label for=\"h-captcha-response\" id=\"field_jsg8z_label\" class=\"frm_primary_label\">\r\n        <span class=\"frm_required\"><\/span>\r\n    <\/label>\r\n    <div  id=\"field_jsg8z\" class=\"cf-turnstile\" data-sitekey=\"0x4AAAAAAA9VyvgRrtoAruVM\" data-size=\"normal\" data-theme=\"light\"><\/div>\r\n    \r\n    \r\n<\/div>\n<div id=\"frm_field_54_container\" class=\"frm_form_field form-field \">\r\n\t<div class=\"frm_submit\">\r\n\r\n<button class=\"frm_button_submit frm_final_submit\" type=\"submit\"   formnovalidate=\"formnovalidate\">Submit<\/button>\r\n\r\n<\/div>\r\n<\/div>\n\t<input type=\"hidden\" name=\"item_key\" value=\"\" \/>\n\t\t\t<div id=\"frm_field_57_container\">\n\t\t\t<label for=\"field_rmkwk\" >\n\t\t\t\tIf you are human, leave this field blank.\t\t\t<\/label>\n\t\t\t<input  id=\"field_rmkwk\" type=\"text\" class=\"frm_form_field form-field frm_verify\" name=\"item_meta[57]\" value=\"\"  \/>\n\t\t<\/div>\n\t\t<input name=\"frm_state\" type=\"hidden\" value=\"MTvtr\/XptmGFSF+tAuaXAA\/7xFCWwO8K9eo4CISoJY9g5X22ImZTo6NqwuScSPcX\" \/><\/div>\n<\/fieldset>\n<\/div>\n\n<\/form>\n<\/div>\n\n<h1>\n\t\t\t Success is impossible without great leaders\t<\/h1>\n\tAt <strong>PIXCELL<\/strong>, we understand that time is money. Our sourcing team uses a mix of cutting-edge technologies<br \/>\nand in-depth knowledge of many different industries to source the leader you need, quickly. We also rely on<br \/>\na network of Industry-Specific Advisors that allow us to quickly gain access to any additional expertise you<br \/>\nmight need with our executive search services.\n<p><strong>PIXCELL<\/strong> practices a <strong>holistic approach.<\/strong><\/p>\n<p>Our global vision allows us to understand your needs in terms of corporate strategy and culture organization, management and governance.<\/p>\n<p>In addition, we make sure to gain a comprehensive understanding of the leading capabilities in each field, tailored to your unique business environment and requirements of the role &#8211; enabling us to deliver innovative solutions. In addition, Our assessment of each executive candidate includes several careful steps, from predicting leadership styles and potential, to evaluating a candidate&#8217;s readiness for a specific role.<\/p>\n<h2>\n\t\t\tOur Services, Adapted to Your Needs\t<\/h2>\n<h3  id=\"talent-selection\">\n\t\t\tExecutive Recruitment\t<\/h3>\n\t<p>Our recruitment services exclusively target mid-level and senior executives. Through our years of experience, we have cultivated industry-specific and practical expertise in eight industries.<\/p>\n<ul>\n<li><a href=\"https:\/\/pixcell.co\/en\/information-technology-digital-transformation\/\">Information Technology &amp; Digital Transformation<\/a><\/li>\n<li><a href=\"https:\/\/pixcell.co\/en\/manufacturing-engineering\/\">Manufacturing &amp; Engineering<\/a><\/li>\n<li><a href=\"https:\/\/pixcell.co\/en\/public-and-parapublic\/\">Public &amp; Parapublic<\/a><\/li>\n<li><a href=\"https:\/\/pixcell.co\/en\/retail-and-distribution\/\">Retail &amp; Distribution<\/a><\/li>\n<li><a href=\"https:\/\/pixcell.co\/en\/real-estate-construction\/\">Real Estate &amp; Construction<\/a><\/li>\n<li><a href=\"https:\/\/pixcell.co\/en\/finance\/\">Financial Services<\/a><\/li>\n<li><a href=\"https:\/\/pixcell.co\/en\/headhunters-for-professional-services-firms\/\">Professional Services<\/a><\/li>\n<li><a href=\"https:\/\/pixcell.co\/en\/pharmaceutical-and-life-sciences-headhunters\/\">Pharmaceutical &amp; Life Sciences<\/a><\/li>\n<\/ul>\n<p>&nbsp;<\/p>\n<p>Our executive search firm is well established in Canada&#8217;s leading markets and has access to an international network as the exclusive Canadian partner of CFR Global Executive Search. From coaching to psychometric tests and executive compensation, PIXCELL can lead you impartially to the best qualified resources to meet your challenges.<\/p>\n\t\t\t<a href=\"https:\/\/pixcell.co\/en\/contact-us\/\" target=\"_self\">\n\t\t\t\t\t\t\tMake Appointment\n\t\t\t\t\t<\/a>\n<h2>\n\t\t\tBoard of Directors Recruitment\t<\/h2>\n\t<p>Count on our talent search firm to round out your board of directors. Our experts understand that recruiting board members is becoming more complicated due to new challenges, including the need to meet certain criteria in terms of diversity, equity and inclusion. Our headhunters use their expertise to help you search for and select the ideal candidate based on the targeted profile.<\/p>\n<p><a href=\"https:\/\/pixcell.co\/en\/board-of-directors\/\">Learn more about our board member recruitment services<\/a><\/p>\n\t\t\t<a href=\"https:\/\/pixcell.co\/en\/contact-us\/\" target=\"_self\">\n\t\t\t\t\t\t\tContact Us Today\n\t\t\t\t\t<\/a>\n<h2>\n\t\t\tExecutive Interim Recruitment\t<\/h2>\n\t<p>Our executive Interim search firm has access to talent that can tackle your business challenges right away in circumstances where your recruitment needs are sudden, undefined or temporary. No matter what specialty you are seeking, we can present you with candidates who are either at the end of their career, in transition or looking for a short-term contract and who would be willing to join your team on a temporary basis. Companies often opt for temporary contracts when they are dealing with an unexpected departure, are experiencing rapid growth or have a major need for agility. This strategy may also be used in situations in which you are pursuing internal succession and the person being promoted needs the support of an experienced executive to move up to the next management level.<\/p>\n\t\t\t<a href=\"https:\/\/pixcell.co\/en\/contact-us\/\" target=\"_self\">\n\t\t\t\t\t\t\tContact Us Today\n\t\t\t\t\t<\/a>\n<h2>\n\t\t\tCandidate Assessment\t<\/h2>\n\t<p>Before appointing an internal candidate to a strategic position, many companies first confirm that this person has the skills and qualities needed for success.<\/p>\n<p>The headhunters at our executive recruitment firm use their expertise to assist you in this process. Our in-depth interview process covers four main pillars:<\/p>\n1. Corroboration of professional experiences;<br \/>\n2. Assessment of medium and long-term professional ambitions;<br \/>\n3. Detailed validation of professional evaluations; and<br \/>\n4. Thorough behavioural assessment.\n<p>Time after time, we have found this process to be a very effective predictor of performance, commitment, retention, productivity, leadership effectiveness and candidate potential for each position to be filled.<\/p>\n\t\t\t<a href=\"https:\/\/pixcell.co\/en\/contact-us\/\" target=\"_self\">\n\t\t\t\t\t\t\tTell Us About Your Needs\n\t\t\t\t\t<\/a>\n<h2>\n\t\t\tSuccession Planning\t<\/h2>\n\t<p>Proactive and strategic succession planning provides peace of mind as you look ahead to your retirement or the departure of a key executive in your organization. Working alongside your executive committee, our senior executive recruitment team can assess internal and external candidates and help you develop a succession plan for your unique situation.<\/p>\n\t\t\t<a href=\"https:\/\/pixcell.co\/en\/contact-us\/\" target=\"_self\">\n\t\t\t\t\t\t\tStart Planning Your Succession Today\n\t\t\t\t\t<\/a>\n<h2>\n\t\t\tDiversity, Equity and Inclusion\t<\/h2>\n\t<p>Our headhunters are aware that many organizations are developing new standards in terms of <a href=\"https:\/\/pixcell.co\/en\/market-insights\/creating-an-inclusive-culture-going-beyond-diversity\/\">diversity, equity and inclusion.<\/a> Our executive search firm can help you recruit your future leaders-that is, the people who will strengthen your executive team not only through their professional abilities but also with their unique character and personalities.<\/p>\n\t\t\t<a href=\"https:\/\/pixcell.co\/en\/contact-us\/\" target=\"_self\">\n\t\t\t\t\t\t\tContact Our Team Of Experts\n\t\t\t\t\t<\/a>\n<h2>\n\t\t\t#PixcellDelivers\t<\/h2>\n\tTalents with skills. Talents that Fit Your Organization<br \/>\nPixcell delivers everytime.\n<h2>\n\t\t\tHire Talent that Will Thrive in Your Organization\t<\/h2>\n<h3>\n\t\t\tCreating the <strong>perfect fit<\/strong>\t<\/h3>\n\t<p>Designed to create a perfect fit and deeply entrenched in our company values, the PIXCELL approach is at oance:<\/p>\n\t<p>1.<\/p>\n<h3>\n\t\t\tComprehensive\t<\/h3>\n\tWe deep-dive into candidate history,<br \/>\nvalidating skills, achievements as<br \/>\nwell as evaluating behaviour and<br \/>\nprofessional aspirations.\n\t<p>2.<\/p>\n<h3>\n\t\t\tStrategic\t<\/h3>\n\tWe apply our in-depth market<br \/>\nunderstanding to our Customers&#8217;<br \/>\nspecific needs and unique<br \/>\ncircumstances to secure a<br \/>\nsuccessful outcome.\n\t<p>3.<\/p>\n<h3>\n\t\t\tService-oriented\t<\/h3>\n\tWe strive to be leaders in both<br \/>\nCustomer and Candidate Experience<br \/>\nin our everyday practice and aim for<br \/>\nevery relationship to be long-term .\n\t<p>4.<\/p>\n<h3>\n\t\t\tResult-driven\t<\/h3>\n\tWe make it a habit to exceed<br \/>\nexpectations on all fronts and<br \/>\nprovide our clients with the full<br \/>\nbenefits of our wide network of<br \/>\nIndustry Partners.\n\n","protected":false},"excerpt":{"rendered":"<p>SEARCHING FOR TALENT? WE CAN HELP Success is impossible without great leaders At PIXCELL, we understand that time is money. Our sourcing team uses a mix of cutting-edge technologies and in-depth knowledge of many different industries to source the leader you need, quickly. We also rely on a network of Industry-Specific Advisors that allow us to quickly gain access to any additional expertise you might need with our executive searchRead More<\/p>\n","protected":false},"author":1,"featured_media":0,"parent":0,"menu_order":0,"comment_status":"closed","ping_status":"closed","template":"","meta":{"_acf_changed":false,"footnotes":""},"class_list":["post-552","page","type-page","status-publish","hentry"],"acf":[],"yoast_head":"<!-- This site is optimized with the Yoast SEO plugin v25.8 - https:\/\/yoast.com\/wordpress\/plugins\/seo\/ -->\n<title>Executive Search Services - Tailored Recruitment by PIXCELL<\/title>\n<meta name=\"description\" content=\"PIXCELL specializes in executive search, offering a personalized strategy to recruit leaders, ensuring the best fit for your business goals.\" \/>\n<meta name=\"robots\" content=\"index, follow, max-snippet:-1, max-image-preview:large, max-video-preview:-1\" \/>\n<link rel=\"canonical\" href=\"https:\/\/pixcell.co\/en\/executive-search\/\" \/>\n<meta property=\"og:locale\" content=\"en_US\" \/>\n<meta property=\"og:type\" content=\"article\" \/>\n<meta property=\"og:title\" content=\"Executive Search Services - Tailored Recruitment by PIXCELL\" \/>\n<meta property=\"og:description\" content=\"PIXCELL specializes in executive search, offering a personalized strategy to recruit leaders, ensuring the best fit for your business goals.\" \/>\n<meta property=\"og:url\" content=\"https:\/\/pixcell.co\/en\/executive-search\/\" \/>\n<meta property=\"og:site_name\" content=\"PIXCELL\" \/>\n<meta property=\"article:modified_time\" content=\"2026-01-16T21:09:31+00:00\" \/>\n<meta property=\"og:image\" content=\"https:\/\/pixcell.co\/wp-content\/uploads\/2020\/10\/favicon.png\" \/>\n\t<meta property=\"og:image:width\" content=\"512\" \/>\n\t<meta property=\"og:image:height\" content=\"512\" \/>\n\t<meta property=\"og:image:type\" content=\"image\/png\" \/>\n<meta name=\"twitter:card\" content=\"summary_large_image\" \/>\n<meta name=\"twitter:label1\" content=\"Est. reading time\" \/>\n\t<meta name=\"twitter:data1\" content=\"5 minutes\" \/>\n<!-- \/ Yoast SEO plugin. -->","yoast_head_json":{"title":"Executive Search Services - Tailored Recruitment by PIXCELL","description":"PIXCELL specializes in executive search, offering a personalized strategy to recruit leaders, ensuring the best fit for your business goals.","robots":{"index":"index","follow":"follow","max-snippet":"max-snippet:-1","max-image-preview":"max-image-preview:large","max-video-preview":"max-video-preview:-1"},"canonical":"https:\/\/pixcell.co\/en\/executive-search\/","og_locale":"en_US","og_type":"article","og_title":"Executive Search Services - Tailored Recruitment by PIXCELL","og_description":"PIXCELL specializes in executive search, offering a personalized strategy to recruit leaders, ensuring the best fit for your business goals.","og_url":"https:\/\/pixcell.co\/en\/executive-search\/","og_site_name":"PIXCELL","article_modified_time":"2026-01-16T21:09:31+00:00","og_image":[{"width":512,"height":512,"url":"https:\/\/pixcell.co\/wp-content\/uploads\/2020\/10\/favicon.png","type":"image\/png"}],"twitter_card":"summary_large_image","twitter_misc":{"Est. reading time":"5 minutes"},"schema":{"@context":"https:\/\/schema.org","@graph":[{"@type":"WebPage","@id":"https:\/\/pixcell.co\/en\/executive-search\/","url":"https:\/\/pixcell.co\/en\/executive-search\/","name":"Executive Search Services - Tailored Recruitment by PIXCELL","isPartOf":{"@id":"https:\/\/pixcell.co\/#website"},"datePublished":"2020-09-11T17:11:49+00:00","dateModified":"2026-01-16T21:09:31+00:00","description":"PIXCELL specializes in executive search, offering a personalized strategy to recruit leaders, ensuring the best fit for your business goals.","breadcrumb":{"@id":"https:\/\/pixcell.co\/en\/executive-search\/#breadcrumb"},"inLanguage":"en-US","potentialAction":[{"@type":"ReadAction","target":["https:\/\/pixcell.co\/en\/executive-search\/"]}]},{"@type":"BreadcrumbList","@id":"https:\/\/pixcell.co\/en\/executive-search\/#breadcrumb","itemListElement":[{"@type":"ListItem","position":1,"name":"Accueil","item":"https:\/\/pixcell.co\/en\/"},{"@type":"ListItem","position":2,"name":"Executive Search"}]},{"@type":"WebSite","@id":"https:\/\/pixcell.co\/#website","url":"https:\/\/pixcell.co\/","name":"PIXCELL","description":"Executive Search Recruiting | Pixcell","publisher":{"@id":"https:\/\/pixcell.co\/#organization"},"alternateName":"PIXCELL - Chasseurs de t\u00eates sp\u00e9cialis\u00e9s en recrutement de cadres","potentialAction":[{"@type":"SearchAction","target":{"@type":"EntryPoint","urlTemplate":"https:\/\/pixcell.co\/?s={search_term_string}"},"query-input":{"@type":"PropertyValueSpecification","valueRequired":true,"valueName":"search_term_string"}}],"inLanguage":"en-US"},{"@type":"Organization","@id":"https:\/\/pixcell.co\/#organization","name":"PIXCELL","url":"https:\/\/pixcell.co\/","logo":{"@type":"ImageObject","inLanguage":"en-US","@id":"https:\/\/pixcell.co\/#\/schema\/logo\/image\/","url":"https:\/\/pixcell.co\/wp-content\/uploads\/2020\/09\/header-logo.png","contentUrl":"https:\/\/pixcell.co\/wp-content\/uploads\/2020\/09\/header-logo.png","width":227,"height":58,"caption":"PIXCELL"},"image":{"@id":"https:\/\/pixcell.co\/#\/schema\/logo\/image\/"}}]}},"_links":{"self":[{"href":"https:\/\/pixcell.co\/en\/wp-json\/wp\/v2\/pages\/552","targetHints":{"allow":["GET"]}}],"collection":[{"href":"https:\/\/pixcell.co\/en\/wp-json\/wp\/v2\/pages"}],"about":[{"href":"https:\/\/pixcell.co\/en\/wp-json\/wp\/v2\/types\/page"}],"author":[{"embeddable":true,"href":"https:\/\/pixcell.co\/en\/wp-json\/wp\/v2\/users\/1"}],"replies":[{"embeddable":true,"href":"https:\/\/pixcell.co\/en\/wp-json\/wp\/v2\/comments?post=552"}],"version-history":[{"count":35,"href":"https:\/\/pixcell.co\/en\/wp-json\/wp\/v2\/pages\/552\/revisions"}],"predecessor-version":[{"id":19076,"href":"https:\/\/pixcell.co\/en\/wp-json\/wp\/v2\/pages\/552\/revisions\/19076"}],"wp:attachment":[{"href":"https:\/\/pixcell.co\/en\/wp-json\/wp\/v2\/media?parent=552"}],"curies":[{"name":"wp","href":"https:\/\/api.w.org\/{rel}","templated":true}]}}