{"id":554,"date":"2020-09-10T09:29:44","date_gmt":"2020-09-10T09:29:44","guid":{"rendered":"https:\/\/pixcell.co\/opportunities\/"},"modified":"2026-01-16T15:30:00","modified_gmt":"2026-01-16T20:30:00","slug":"opportunities","status":"publish","type":"page","link":"https:\/\/pixcell.co\/en\/opportunities\/","title":{"rendered":"Opportunities"},"content":{"rendered":"\r\n<h1>Each Position Is Unique. So Is Our Approach to Each Executive Search.<\/h1>\r\n<h3>Leaders recruiting leaders<\/h3>\r\n<p><img loading=\"lazy\" decoding=\"async\" title=\"Pixcell Gray Logo\" src=\"https:\/\/pixcell.co\/wp-content\/uploads\/2021\/01\/Pixcell-Gray-Logo.png\" alt=\"Pixcell Gray Logo\" width=\"290\" height=\"338\" \/><\/p>\r\n<h2>We Will Find the Talent You Are Looking For<\/h2>\r\n<p>Whatever managerial or board role you need filled, PIXCELL will support you throughout the executive search process to ensure you find the ideal match. No challenge is too great for our team of headhunters.<\/p>\r\n<h2>What Role Do You Need to Fill?<\/h2>\r\n<p><a href=\"https:\/\/pixcell.co\/en\/board-of-directors\/\" target=\"_self\" rel=\"noopener\"> <img loading=\"lazy\" decoding=\"async\" title=\"Artboard 1\" src=\"https:\/\/pixcell.co\/wp-content\/uploads\/2022\/02\/Artboard-1.jpg\" alt=\"Artboard 1\" width=\"589\" height=\"285\" \/> <\/a><\/p>\r\n<h3><a title=\"Board of Directors\" href=\"https:\/\/pixcell.co\/en\/board-of-directors\/\" target=\"_self\" rel=\"noopener\"> Board of Directors <\/a><\/h3>\r\n<p>Many organizations have a governance system based on a Board of Directors. While the executive committee manages the organization&#8217;s day-to-day operations, the directors are situated directly above them in the organizational hierarchy and manage long-term value creation.<\/p>\r\n<p><a href=\"https:\/\/pixcell.co\/en\/board-of-directors\/\" target=\"_self\" rel=\"noopener\"> Learn More <\/a> <a href=\"https:\/\/pixcell.co\/en\/president-and-ceo\/\" target=\"_self\" rel=\"noopener\"> <img loading=\"lazy\" decoding=\"async\" title=\"Artboard 2\" src=\"https:\/\/pixcell.co\/wp-content\/uploads\/2022\/02\/Artboard-2-1.jpg\" alt=\"Artboard 2\" width=\"589\" height=\"285\" \/> <\/a><\/p>\r\n<h3><a title=\"President and CEO\" href=\"https:\/\/pixcell.co\/en\/president-and-ceo\/\" target=\"_self\" rel=\"noopener\"> President and CEO <\/a><\/h3>\r\n<p>One of the main duties of the Board of Directors is to recruit and retain the company president, or chief executive officer (CEO). The CEO needs to be highly qualified and capable of meeting the various challenges (strategic, political, regulatory, etc.)<\/p>\r\n<p><a href=\"https:\/\/pixcell.co\/en\/president-and-ceo\/\" target=\"_self\" rel=\"noopener\"> Learn More <\/a> <a href=\"https:\/\/pixcell.co\/en\/finance-and-accounting-executives\/\" target=\"_self\" rel=\"noopener\"> <img loading=\"lazy\" decoding=\"async\" title=\"Artboard 3\" src=\"https:\/\/pixcell.co\/wp-content\/uploads\/2022\/02\/Artboard-3-1.jpg\" alt=\"Artboard 3\" width=\"589\" height=\"285\" \/> <\/a><\/p>\r\n<h3><a title=\"Finance and Accounting Executives\" href=\"https:\/\/pixcell.co\/en\/finance-and-accounting-executives\/\" target=\"_self\" rel=\"noopener\"> Finance and Accounting Executives <\/a><\/h3>\r\n<p>As a manager, you want your company to grow and thrive, and this means putting its financial health in good hands.<\/p>\r\n<p><a href=\"https:\/\/pixcell.co\/en\/finance-and-accounting-executives\/\" target=\"_self\" rel=\"noopener\"> Learn More <\/a> <a href=\"https:\/\/pixcell.co\/en\/marketing-executives\/\" target=\"_self\" rel=\"noopener\"> <img loading=\"lazy\" decoding=\"async\" title=\"Artboard 4\" src=\"https:\/\/pixcell.co\/wp-content\/uploads\/2022\/02\/Artboard-4-1.jpg\" alt=\"Artboard 4\" width=\"589\" height=\"285\" \/> <\/a><\/p>\r\n<h3><a title=\"Marketing Executives\" href=\"https:\/\/pixcell.co\/en\/marketing-executives\/\" target=\"_self\" rel=\"noopener\"> Marketing Executives <\/a><\/h3>\r\n<p>The aim of every marketing decision is to enhance the public&#8217;s perception of a product, company or brand.<\/p>\r\n<p><a href=\"https:\/\/pixcell.co\/en\/marketing-executives\/\" target=\"_self\" rel=\"noopener\"> Learn More <\/a> <a href=\"https:\/\/pixcell.co\/en\/sales-executives\/\" target=\"_self\" rel=\"noopener\"> <img loading=\"lazy\" decoding=\"async\" title=\"Artboard 6\" src=\"https:\/\/pixcell.co\/wp-content\/uploads\/2022\/02\/Artboard-6-1.jpg\" alt=\"Artboard 6\" width=\"589\" height=\"285\" \/> <\/a><\/p>\r\n<h3><a title=\"Sales Executives\" href=\"https:\/\/pixcell.co\/en\/sales-executives\/\" target=\"_self\" rel=\"noopener\"> Sales Executives <\/a><\/h3>\r\n<p>Whether you operate in a retail (B2C) or corporate sales (B2B) environment, you need a strong sales force to offset competition and secure the market share you are vying for.<\/p>\r\n<p><a href=\"https:\/\/pixcell.co\/en\/sales-executives\/\" target=\"_self\" rel=\"noopener\"> Learn More <\/a> <a href=\"https:\/\/pixcell.co\/en\/information-technology-executives\/\" target=\"_self\" rel=\"noopener\"> <img loading=\"lazy\" decoding=\"async\" title=\"Artboard 7\" src=\"https:\/\/pixcell.co\/wp-content\/uploads\/2022\/02\/Artboard-7-1.jpg\" alt=\"Artboard 7\" width=\"589\" height=\"285\" \/> <\/a><\/p>\r\n<h3><a title=\"Information Technology Executives\" href=\"https:\/\/pixcell.co\/en\/information-technology-executives\/\" target=\"_self\" rel=\"noopener\"> Information Technology Executives <\/a><\/h3>\r\n<p>Information technologies are rapidly innovating and becoming more specialized. These include data management systems, customer relationship management (CRM)<\/p>\r\n<p><a href=\"https:\/\/pixcell.co\/en\/information-technology-executives\/\" target=\"_self\" rel=\"noopener\"> Learn More <\/a> <a href=\"https:\/\/pixcell.co\/en\/digital-transformation-executives\/\" target=\"_self\" rel=\"noopener\"> <img loading=\"lazy\" decoding=\"async\" title=\"Artboard 5\" src=\"https:\/\/pixcell.co\/wp-content\/uploads\/2022\/02\/Artboard-5-1.jpg\" alt=\"Artboard 5\" width=\"589\" height=\"285\" \/> <\/a><\/p>\r\n<h3><a title=\"Digital Transformation Executives\" href=\"https:\/\/pixcell.co\/en\/digital-transformation-executives\/\" target=\"_self\" rel=\"noopener\"> Digital Transformation Executives <\/a><\/h3>\r\n<p>As the business world undergoes a major shift toward digitalization, companies need managers who can lead complex digital transformation and optimization projects.<\/p>\r\n<p><a href=\"https:\/\/pixcell.co\/en\/digital-transformation-executives\/\" target=\"_self\" rel=\"noopener\"> Learn More <\/a> <a href=\"https:\/\/pixcell.co\/en\/human-resources-executives\/\" target=\"_self\" rel=\"noopener\"> <img loading=\"lazy\" decoding=\"async\" title=\"Artboard 8\" src=\"https:\/\/pixcell.co\/wp-content\/uploads\/2022\/02\/Artboard-8-1.jpg\" alt=\"Artboard 8\" width=\"589\" height=\"285\" \/> <\/a><\/p>\r\n<h3><a title=\"Human Resources Executives\" href=\"https:\/\/pixcell.co\/en\/human-resources-executives\/\" target=\"_self\" rel=\"noopener\"> Human Resources Executives <\/a><\/h3>\r\n<p>As the head of a company, you want to have well supported, highly motivated human resources who can achieve your business objectives.<\/p>\r\n<p><a href=\"https:\/\/pixcell.co\/en\/human-resources-executives\/\" target=\"_self\" rel=\"noopener\"> Learn More <\/a> <a href=\"https:\/\/pixcell.co\/en\/operations-executive\/\" target=\"_self\" rel=\"noopener\"> <img loading=\"lazy\" decoding=\"async\" title=\"Artboard 9\" src=\"https:\/\/pixcell.co\/wp-content\/uploads\/2022\/02\/Artboard-9-1.jpg\" alt=\"Artboard 9\" width=\"589\" height=\"285\" \/> <\/a><\/p>\r\n<h3><a title=\"Operations Executives\" href=\"https:\/\/pixcell.co\/en\/operations-executive\/\" target=\"_self\" rel=\"noopener\"> Operations Executives <\/a><\/h3>\r\n<p>Companies have always faced major challenges with respect to profitability, but now globalization and economic insecurity have led to even greater pressure on performance and efficiency.<\/p>\r\n<p><a href=\"https:\/\/pixcell.co\/en\/operations-executive\/\" target=\"_self\" rel=\"noopener\"> Learn More <\/a> <a href=\"https:\/\/pixcell.co\/en\/legal-executives\/\" target=\"_self\" rel=\"noopener\"> <img loading=\"lazy\" decoding=\"async\" title=\"Artboard 10\" src=\"https:\/\/pixcell.co\/wp-content\/uploads\/2022\/02\/Artboard-10-1.jpg\" alt=\"Artboard 10\" width=\"589\" height=\"285\" \/> <\/a><\/p>\r\n<h3><a title=\"Legal Executives\" href=\"https:\/\/pixcell.co\/en\/legal-executives\/\" target=\"_self\" rel=\"noopener\"> Legal Executives <\/a><\/h3>\r\n<p>To achieve your business objectives, you need to protect your assets, and the legal security of your company is key in this regard.<\/p>\r\n<p><a href=\"https:\/\/pixcell.co\/en\/legal-executives\/\" target=\"_self\" rel=\"noopener\"> Learn More <\/a><\/p>\r\n<h2>We Are With You From Start to Finish<\/h2>\r\n<p>To ensure the long-term success of your leader in their new role, we provide follow-up assessments and professional coaching after hiring.<\/p>\r\n<p>Our approach facilitates the integration of executives into their new role within the company. We help them adapt to your corporate culture and maximize their potential, so that you can maximize yours too.<\/p>\r\n","protected":false},"excerpt":{"rendered":"<p>Each Position Is Unique. So Is Our Approach to Each Executive Search. Leaders recruiting leaders We Will Find the Talent You Are Looking For Whatever managerial or board role you need filled, PIXCELL will support you throughout the executive search process to ensure you find the ideal match. No challenge is too great for our team of headhunters. What Role Do You Need to Fill? Board of Directors Many organizationsRead More<\/p>\n","protected":false},"author":1,"featured_media":0,"parent":0,"menu_order":0,"comment_status":"closed","ping_status":"closed","template":"","meta":{"_acf_changed":false,"footnotes":""},"class_list":["post-554","page","type-page","status-publish","hentry"],"acf":[],"yoast_head":"<!-- This site is optimized with the Yoast SEO plugin v25.8 - https:\/\/yoast.com\/wordpress\/plugins\/seo\/ -->\n<title>Opportunities - PIXCELL<\/title>\n<meta name=\"description\" content=\"Discover current executive and senior leadership opportunities curated by Pixcell\u2019s executive search experts.\" \/>\n<meta name=\"robots\" content=\"index, follow, max-snippet:-1, max-image-preview:large, max-video-preview:-1\" \/>\n<link rel=\"canonical\" href=\"https:\/\/pixcell.co\/en\/opportunities\/\" \/>\n<meta property=\"og:locale\" content=\"en_US\" \/>\n<meta property=\"og:type\" content=\"article\" \/>\n<meta property=\"og:title\" content=\"Opportunities - PIXCELL\" \/>\n<meta property=\"og:description\" content=\"Discover current executive and senior leadership opportunities curated by Pixcell\u2019s executive search experts.\" \/>\n<meta property=\"og:url\" content=\"https:\/\/pixcell.co\/en\/opportunities\/\" \/>\n<meta property=\"og:site_name\" content=\"PIXCELL\" \/>\n<meta property=\"article:modified_time\" content=\"2026-01-16T20:30:00+00:00\" \/>\n<meta property=\"og:image\" content=\"https:\/\/pixcell.co\/wp-content\/uploads\/2021\/01\/Pixcell-Gray-Logo.png\" \/>\n<meta name=\"twitter:card\" content=\"summary_large_image\" \/>\n<meta name=\"twitter:label1\" content=\"Est. reading time\" \/>\n\t<meta name=\"twitter:data1\" content=\"5 minutes\" \/>\n<!-- \/ Yoast SEO plugin. -->","yoast_head_json":{"title":"Opportunities - PIXCELL","description":"Discover current executive and senior leadership opportunities curated by Pixcell\u2019s executive search experts.","robots":{"index":"index","follow":"follow","max-snippet":"max-snippet:-1","max-image-preview":"max-image-preview:large","max-video-preview":"max-video-preview:-1"},"canonical":"https:\/\/pixcell.co\/en\/opportunities\/","og_locale":"en_US","og_type":"article","og_title":"Opportunities - PIXCELL","og_description":"Discover current executive and senior leadership opportunities curated by Pixcell\u2019s executive search experts.","og_url":"https:\/\/pixcell.co\/en\/opportunities\/","og_site_name":"PIXCELL","article_modified_time":"2026-01-16T20:30:00+00:00","og_image":[{"url":"https:\/\/pixcell.co\/wp-content\/uploads\/2021\/01\/Pixcell-Gray-Logo.png","type":"","width":"","height":""}],"twitter_card":"summary_large_image","twitter_misc":{"Est. reading time":"5 minutes"},"schema":{"@context":"https:\/\/schema.org","@graph":[{"@type":"WebPage","@id":"https:\/\/pixcell.co\/en\/opportunities\/","url":"https:\/\/pixcell.co\/en\/opportunities\/","name":"Opportunities - PIXCELL","isPartOf":{"@id":"https:\/\/pixcell.co\/#website"},"primaryImageOfPage":{"@id":"https:\/\/pixcell.co\/en\/opportunities\/#primaryimage"},"image":{"@id":"https:\/\/pixcell.co\/en\/opportunities\/#primaryimage"},"thumbnailUrl":"https:\/\/pixcell.co\/wp-content\/uploads\/2021\/01\/Pixcell-Gray-Logo.png","datePublished":"2020-09-10T09:29:44+00:00","dateModified":"2026-01-16T20:30:00+00:00","description":"Discover current executive and senior leadership opportunities curated by Pixcell\u2019s executive search experts.","breadcrumb":{"@id":"https:\/\/pixcell.co\/en\/opportunities\/#breadcrumb"},"inLanguage":"en-US","potentialAction":[{"@type":"ReadAction","target":["https:\/\/pixcell.co\/en\/opportunities\/"]}]},{"@type":"ImageObject","inLanguage":"en-US","@id":"https:\/\/pixcell.co\/en\/opportunities\/#primaryimage","url":"https:\/\/pixcell.co\/wp-content\/uploads\/2021\/01\/Pixcell-Gray-Logo.png","contentUrl":"https:\/\/pixcell.co\/wp-content\/uploads\/2021\/01\/Pixcell-Gray-Logo.png"},{"@type":"BreadcrumbList","@id":"https:\/\/pixcell.co\/en\/opportunities\/#breadcrumb","itemListElement":[{"@type":"ListItem","position":1,"name":"Accueil","item":"https:\/\/pixcell.co\/en\/"},{"@type":"ListItem","position":2,"name":"Opportunities"}]},{"@type":"WebSite","@id":"https:\/\/pixcell.co\/#website","url":"https:\/\/pixcell.co\/","name":"PIXCELL","description":"Executive Search Recruiting | Pixcell","publisher":{"@id":"https:\/\/pixcell.co\/#organization"},"alternateName":"PIXCELL - Chasseurs de t\u00eates sp\u00e9cialis\u00e9s en recrutement de cadres","potentialAction":[{"@type":"SearchAction","target":{"@type":"EntryPoint","urlTemplate":"https:\/\/pixcell.co\/?s={search_term_string}"},"query-input":{"@type":"PropertyValueSpecification","valueRequired":true,"valueName":"search_term_string"}}],"inLanguage":"en-US"},{"@type":"Organization","@id":"https:\/\/pixcell.co\/#organization","name":"PIXCELL","url":"https:\/\/pixcell.co\/","logo":{"@type":"ImageObject","inLanguage":"en-US","@id":"https:\/\/pixcell.co\/#\/schema\/logo\/image\/","url":"https:\/\/pixcell.co\/wp-content\/uploads\/2020\/09\/header-logo.png","contentUrl":"https:\/\/pixcell.co\/wp-content\/uploads\/2020\/09\/header-logo.png","width":227,"height":58,"caption":"PIXCELL"},"image":{"@id":"https:\/\/pixcell.co\/#\/schema\/logo\/image\/"}}]}},"_links":{"self":[{"href":"https:\/\/pixcell.co\/en\/wp-json\/wp\/v2\/pages\/554","targetHints":{"allow":["GET"]}}],"collection":[{"href":"https:\/\/pixcell.co\/en\/wp-json\/wp\/v2\/pages"}],"about":[{"href":"https:\/\/pixcell.co\/en\/wp-json\/wp\/v2\/types\/page"}],"author":[{"embeddable":true,"href":"https:\/\/pixcell.co\/en\/wp-json\/wp\/v2\/users\/1"}],"replies":[{"embeddable":true,"href":"https:\/\/pixcell.co\/en\/wp-json\/wp\/v2\/comments?post=554"}],"version-history":[{"count":23,"href":"https:\/\/pixcell.co\/en\/wp-json\/wp\/v2\/pages\/554\/revisions"}],"predecessor-version":[{"id":19032,"href":"https:\/\/pixcell.co\/en\/wp-json\/wp\/v2\/pages\/554\/revisions\/19032"}],"wp:attachment":[{"href":"https:\/\/pixcell.co\/en\/wp-json\/wp\/v2\/media?parent=554"}],"curies":[{"name":"wp","href":"https:\/\/api.w.org\/{rel}","templated":true}]}}