{"id":556,"date":"2020-09-10T15:59:09","date_gmt":"2020-09-10T15:59:09","guid":{"rendered":"https:\/\/pixcell.co\/the-pixcell-advantage\/"},"modified":"2026-04-17T16:02:39","modified_gmt":"2026-04-17T20:02:39","slug":"the-pixcell-advantage","status":"publish","type":"page","link":"https:\/\/pixcell.co\/en\/the-pixcell-advantage\/","title":{"rendered":"The Pixcell Advantage"},"content":{"rendered":"\n<h1>\n\t\t\tThe PIXCELL Advantage Brings Peace of Mind Through a Rigorous, Efficient, People-Centred Executive Recruitment Process\t<\/h1>\n<h3>\n\t\t\tA Flexible, Holistic Approach\t<\/h3>\n\t\t\t\t<a href=\"#section_right_talent\"  target=\"_self\" itemprop=\"url\">\n\t\t\t\t<img decoding=\"async\" src=\"https:\/\/pixcell.co\/wp-content\/uploads\/2021\/01\/arrow-down.png\" alt=\"arrow down\" itemprop=\"image\" height=\"52\" width=\"32\" title=\"arrow down\" onerror=\"this.style.display='none'\" loading=\"lazy\" \/>\n\t\t\t\t<\/a>\n\t\t\t\t<img decoding=\"async\" src=\"https:\/\/pixcell.co\/wp-content\/uploads\/2020\/10\/cropped-favicon.png\" alt=\"https:\/\/pixcell.co\/wp-content\/uploads\/2020\/10\/cropped-favicon.png\" itemprop=\"image\" height=\"512\" width=\"512\" title=\"cropped-favicon.png\" onerror=\"this.style.display='none'\" loading=\"lazy\" \/>\n<h2>\n\t\t\tTo Recruit <strong>Exceptional Talent<\/strong> You need<br \/> <strong>Exceptional Partners<\/strong>\t<\/h2>\n\t<p>Our team is known for its exceptional vision of the business world, its in-depth understanding of the market, and its trusting relationships with partners in our pan-Canadian and international network. We are also at the cutting edge of using artificial intelligence in executive search. This technology allows us to surpass human limitations and find the candidates that best meet your needs, without taking away from the client experience and candidate experience.<\/p>\n<p>Our unique approach considers your specific challenges, your vision and your corporate culture and presents you with the best selection of talent for achieving your strategic objectives.<\/p>\n<h3>\n\t\t\tRecruit your leaders quickly and efficiently with our executive search firm.\t<\/h3>\n\t\t\t<a href=\"\/en\/contact-us\/\" target=\"_self\">\n\t\t\t\t\t\t\tContact Us\n\t\t\t\t\t<\/a>\n\t<p><strong>The PIXCELL Approach<\/strong><\/p>\n<p>Designed to create the perfect fit and deeply rooted in our company values<\/p>\n\t<p>&nbsp;<\/p>\n<p><strong>1.<\/strong><\/p>\n<p><strong>Global<\/strong><\/p>\n<p>With every candidate, we thoroughly validate their skills and achievements, analyze their work behaviour and assess their professional aspirations so that we can present you with profiles that truly meet your expectations.\u00a0<\/p>\n\t<p>&nbsp;<\/p>\n<p><b>2.<\/b><\/p>\n<p><b>Strategic<\/b><\/p>\n<p>We tailor our recruitment strategy to your business&#8217; specific needs and unique situation to ensure the best results, time after time.<\/p>\n\t<p>&nbsp;<\/p>\n<p><strong>3.<\/strong><\/p>\n<p><b> People-Centric<\/b><\/p>\n<p>Our strong focus on the client experience and candidate experience sets us apart from the competition. We make a special effort to foster lasting relationships.<\/p>\n\t<p>&nbsp;<\/p>\n<p><strong>4.<\/strong><\/p>\n<p><b> Result-Oriented<\/b><\/p>\n<p>We pride ourselves on exceeding your expectations in all areas and using our sophisticated recruitment tools and extensive network of industry partners to your full advantage.<\/p>\n<h2  id=\"our-values\">\n\t\t\tOur Values\t<\/h2>\n\t<p>Like you, PIXCELL&#8217;s headhunters are passionate about their profession. Time and again, our executive search services will live up to your expectations and meet the highest standards of our industry.<\/p>\n<h3>\n\t\t\tAuthenticity\t<\/h3>\n\t<p>Our work is important to us, and so are the relationships we build along the way. We carry out our mandates with integrity and enthusiasm and offer you friendly, accessible services that reflect a real understanding of your business needs.<\/p>\n<h3>\n\t\t\tPassion\t<\/h3>\n\t<p>Passion is our driving force and the fuel to our fire. We work with purpose and determination to offer you the best talent search services.<\/p>\n<h3>\n\t\t\tAccountability\t<\/h3>\n\t<p>We know that your results depend on the work we do. We stop at nothing and see every mandate through to the end. You can trust us based on the simple fact that we take pride in your satisfaction.<\/p>\n<h3>\n\t\t\tProfessionalism\t<\/h3>\n\t<p>The PIXCELL team uses its knowledge and interpersonal skills to work with everyone involved in your executive search, from the management team and board of directors to the candidates interested in joining your organization. With PIXCELL, you have peace of mind knowing that your recruitment is in good hands.<\/p>\n<h2  id=\"our-team\">\n\t\t\tLeaders Recruiting Leaders\t<\/h2>\n\t<p>The PIXCELL TEAM<\/p>\n\t\t\t\t<img decoding=\"async\" src=\"https:\/\/pixcell.co\/wp-content\/uploads\/2022\/07\/Untitled-2.jpg\" alt=\"Untitled-2\" itemprop=\"image\" height=\"224\" width=\"224\" title=\"Untitled-2\" onerror=\"this.style.display='none'\" loading=\"lazy\" \/>\n<h3>\n\t\t\tFran\u00e7ois Pich\u00e9-Roy\t<\/h3>\n\t<p>President and Managing Partner<\/p>\n\t<p>Founder, president and managing partner of PIXCELL, Fran\u00e7ois has more than 12 years of experience in recruiting senior executives, mid-level executives and board members. As the leader of PIXCELL&#8217;s operations, he knows first-hand how important it is to surround yourself with the right people to succeed. Since founding PIXCELL in 2016, he has guided boards of directors and executive committees in the search, assessment and selection of candidates for executive and management positions.<\/p>\n<p>Before starting PIXCELL, Fran\u00e7ois began his career in business development in the software industry. First, he worked for a large global company where he managed major accounts, and then for a French company where he led the development of a strategic plan to penetrate the North American market.<\/p>\n<p>In 2011, he joined a headhunting firm where he quickly started overseeing searches for top-tier positions. A few years later he founded PIXCELL, confident that good consulting can make all the difference in the executive search process, when technology and innovation are leveraged.<\/p>\n<p>Fluent in English, French and Spanish, Fran\u00e7ois graduated from McGill University and is frequently asked to weigh in on the human resources issues that companies face.<\/p>\n\t\t\t\t<img decoding=\"async\" src=\"https:\/\/pixcell.co\/wp-content\/uploads\/2024\/01\/Ana_2-scaled.jpg\" alt=\"Ana_2\" itemprop=\"image\" height=\"2560\" width=\"2560\" title=\"Ana_2\" onerror=\"this.style.display='none'\" loading=\"lazy\" \/>\n<h3>\n\t\t\tAna Paula Labres\t<\/h3>\n\t<p>Executive Assistant<\/p>\n\t<p>As an Executive Assistant at PIXCELL &#8211; Leaders Recruiting Leaders, Ana is responsible for assisting the team with all daily operations, particularly with the different executive search mandates.<\/p>\n<p>Ana has 5 years of experience in administration, law and accounting. More specifically, she was responsible for spearheading the data protection policies and procedures within a software organization. Following that, she came to Montreal in 2021 as an international student to study commerce and business management.<\/p>\n<p>Ana holds a bachelor&#8217;s degree in law from Universidade do Vale do Rio dos Sinos, in Brazil, one of Brazil&#8217;s top law schools.<\/p>\n<p>According to her, people are the most valuable asset in any kind of businesses, and trust relationships are the key to long-term success.<\/p>\n<h2>\n\t\t\tYour Industry. Our Expertise in Senior Executive Recruitment.\t<\/h2>\n\t<p>Our talent search specialists are not only leaders in their field but also well versed in industry-specific business concerns. Over the years, our executive recruitment firm has developed a vast network of Canadian and international partners to provide you with fast, privileged access to the best candidates in your industry.<\/p>\n\t\t\t\t<a href=\"https:\/\/pixcell.co\/en\/information-technology-digital-transformation\/\"  target=\"_self\" itemprop=\"url\">\n\t\t\t\t<img decoding=\"async\" src=\"https:\/\/pixcell.co\/wp-content\/uploads\/2020\/10\/Information-Technology-and-Digital-Transformation-Industry-Headhunters.jpg\" alt=\"Information Technology and Digital Transformation Industry Headhunters\" itemprop=\"image\" height=\"285\" width=\"589\" title=\"Information Technology and Digital Transformation Industry Headhunters\" onerror=\"this.style.display='none'\" loading=\"lazy\" \/>\n\t\t\t\t<\/a>\n<h3>\n\t\t<a href=\"https:\/\/pixcell.co\/en\/information-technology-digital-transformation\/\" title=\"Information Technology &amp; Digital Transformation\"  target=\"_self\">\n\t\t\tInformation Technology &#038; Digital Transformation\t\t<\/a>\n\t<\/h3>\n\t<p>You can rely on our\u00a0 IT headhunter team to fill your IT executive positions.<\/p>\n\t\t\t<a href=\"https:\/\/pixcell.co\/en\/information-technology-digital-transformation\/\" target=\"_self\">\n\t\t\t\t\t\t\tLearn More\n\t\t\t\t\t<\/a>\n\t\t\t\t<a href=\"https:\/\/pixcell.co\/en\/manufacturing-engineering\/\"  target=\"_self\" itemprop=\"url\">\n\t\t\t\t<img decoding=\"async\" src=\"https:\/\/pixcell.co\/wp-content\/uploads\/2020\/10\/Manufacturing-and-Engineering-Industry-Headhunters.jpg\" alt=\"Manufacturing and Engineering Industry Headhunters\" itemprop=\"image\" height=\"285\" width=\"589\" title=\"Manufacturing and Engineering Industry Headhunters\" onerror=\"this.style.display='none'\" loading=\"lazy\" \/>\n\t\t\t\t<\/a>\n<h3>\n\t\t<a href=\"https:\/\/pixcell.co\/en\/manufacturing-engineering\/\" title=\"Manufacturing &amp; Engineering\"  target=\"_self\">\n\t\t\tManufacturing &#038; Engineering\t\t<\/a>\n\t<\/h3>\n\t<p>Recruit the best candidate fast with the help of our recruitment agency for businesses in engineering and manufacturing.<\/p>\n\t\t\t<a href=\"https:\/\/pixcell.co\/en\/manufacturing-engineering\/\" target=\"_self\">\n\t\t\t\t\t\t\tLearn More\n\t\t\t\t\t<\/a>\n\t\t\t\t<a href=\"https:\/\/pixcell.co\/en\/public-and-parapublic\/\"  target=\"_self\" itemprop=\"url\">\n\t\t\t\t<img decoding=\"async\" src=\"https:\/\/pixcell.co\/wp-content\/uploads\/2020\/09\/Public-Parapublic-recrutement.jpg\" alt=\"Public-Parapublic-recrutement\" itemprop=\"image\" height=\"285\" width=\"589\" title=\"Public-Parapublic-recrutement\" onerror=\"this.style.display='none'\" loading=\"lazy\" \/>\n\t\t\t\t<\/a>\n<h3>\n\t\t<a href=\"https:\/\/pixcell.co\/en\/public-and-parapublic\/\" title=\"Public and Para-public Sectors\"  target=\"_self\">\n\t\t\tPublic and Para-public Sectors\t\t<\/a>\n\t<\/h3>\n\t<p>Let our executive headhunter firm guide you in the process of recruiting public and para-public business leaders.<\/p>\n\t\t\t<a href=\"https:\/\/pixcell.co\/en\/public-and-parapublic\/\" target=\"_self\">\n\t\t\t\t\t\t\tLearn More\n\t\t\t\t\t<\/a>\n\t\t\t\t<a href=\"https:\/\/pixcell.co\/en\/retail-and-distribution\/\"  target=\"_self\" itemprop=\"url\">\n\t\t\t\t<img decoding=\"async\" src=\"https:\/\/pixcell.co\/wp-content\/uploads\/2020\/09\/Commerce-de-detail-et-distribution.jpg\" alt=\"Commerce-de-detail-et-distribution\" itemprop=\"image\" height=\"285\" width=\"589\" title=\"Commerce-de-detail-et-distribution\" onerror=\"this.style.display='none'\" loading=\"lazy\" \/>\n\t\t\t\t<\/a>\n<h3>\n\t\t<a href=\"https:\/\/pixcell.co\/en\/retail-and-distribution\/\" title=\"Retail &amp; Distribution\"  target=\"_self\">\n\t\t\tRetail &#038; Distribution\t\t<\/a>\n\t<\/h3>\n\t<p>Find the right candidate by relying on our executive search agency for the retail and distribution sectors.<\/p>\n\t\t\t<a href=\"https:\/\/pixcell.co\/en\/retail-and-distribution\/\" target=\"_self\">\n\t\t\t\t\t\t\tLearn More\n\t\t\t\t\t<\/a>\n\t\t\t\t<a href=\"https:\/\/pixcell.co\/en\/real-estate-construction\/\"  target=\"_self\" itemprop=\"url\">\n\t\t\t\t<img decoding=\"async\" src=\"https:\/\/pixcell.co\/wp-content\/uploads\/2020\/09\/immobilier-et-construction.jpg\" alt=\"immobilier-et-construction\" itemprop=\"image\" height=\"285\" width=\"589\" title=\"immobilier-et-construction\" onerror=\"this.style.display='none'\" loading=\"lazy\" \/>\n\t\t\t\t<\/a>\n<h3>\n\t\t<a href=\"https:\/\/pixcell.co\/en\/real-estate-construction\/\" title=\"Real Estate &amp; Construction\"  target=\"_self\">\n\t\t\tReal Estate &#038; Construction\t\t<\/a>\n\t<\/h3>\n\t<p>Recruit an exceptional candidate with our experienced executive headhunters in the real estate and construction sectors.<\/p>\n\t\t\t<a href=\"https:\/\/pixcell.co\/en\/real-estate-construction\/\" target=\"_self\">\n\t\t\t\t\t\t\tLearn More\n\t\t\t\t\t<\/a>\n\t\t\t\t<a href=\"https:\/\/pixcell.co\/en\/finance\/\"  target=\"_self\" itemprop=\"url\">\n\t\t\t\t<img decoding=\"async\" src=\"https:\/\/pixcell.co\/wp-content\/uploads\/2020\/09\/Finance-1.jpg\" alt=\"Finance\" itemprop=\"image\" height=\"285\" width=\"589\" title=\"Finance\" onerror=\"this.style.display='none'\" loading=\"lazy\" \/>\n\t\t\t\t<\/a>\n<h3>\n\t\t<a href=\"https:\/\/pixcell.co\/en\/finance\/\" title=\"Financial Services\"  target=\"_self\">\n\t\t\tFinancial Services\t\t<\/a>\n\t<\/h3>\n\t<p>With our executive search agency, overcome the challenges of recruiting executives in finance, accounting, insurance and banking.<\/p>\n\t\t\t<a href=\"https:\/\/pixcell.co\/en\/finance\/\" target=\"_self\">\n\t\t\t\t\t\t\tLearn More\n\t\t\t\t\t<\/a>\n\t\t\t\t<a href=\"https:\/\/pixcell.co\/en\/pharmaceutical-and-life-sciences-headhunters\/\"  target=\"_self\" itemprop=\"url\">\n\t\t\t\t<img decoding=\"async\" src=\"https:\/\/pixcell.co\/wp-content\/uploads\/2020\/09\/Untitled-2.jpg\" alt=\"Untitled-2\" itemprop=\"image\" height=\"285\" width=\"589\" title=\"Untitled-2\" onerror=\"this.style.display='none'\" loading=\"lazy\" \/>\n\t\t\t\t<\/a>\n<h3>\n\t\t<a href=\"https:\/\/pixcell.co\/en\/pharmaceutical-and-life-sciences-headhunters\/\" title=\"Pharmaceutical and Life Sciences\"  target=\"_self\">\n\t\t\tPharmaceutical and Life Sciences\t\t<\/a>\n\t<\/h3>\n\t<p>Do you need to hire a pharmaceutical or bioscience executive? Count on PIXCELL&#8217;s headhunters to meet your recruitment needs.<\/p>\n\t\t\t<a href=\"https:\/\/pixcell.co\/en\/pharmaceutical-and-life-sciences-headhunters\/\" target=\"_self\">\n\t\t\t\t\t\t\tLearn More\n\t\t\t\t\t<\/a>\n\t\t\t\t<a href=\"https:\/\/pixcell.co\/en\/headhunters-for-professional-services-firms\/\"  target=\"_self\" itemprop=\"url\">\n\t\t\t\t<img decoding=\"async\" src=\"https:\/\/pixcell.co\/wp-content\/uploads\/2020\/09\/Untitled-22.jpg\" alt=\"Untitled-22\" itemprop=\"image\" height=\"285\" width=\"589\" title=\"Untitled-22\" onerror=\"this.style.display='none'\" loading=\"lazy\" \/>\n\t\t\t\t<\/a>\n<h3>\n\t\t<a href=\"https:\/\/pixcell.co\/en\/headhunters-for-professional-services-firms\/\" title=\"Professional Services\"  target=\"_self\">\n\t\t\tProfessional Services\t\t<\/a>\n\t<\/h3>\n\t<p>Leading firms in the areas of law, engineering consulting, finance and strategy trust PIXCELL to recruit their top associates and partners.<\/p>\n\t\t\t<a href=\"https:\/\/pixcell.co\/en\/headhunters-for-professional-services-firms\/\" target=\"_self\">\n\t\t\t\t\t\t\tLearn More\n\t\t\t\t\t<\/a>\n\n","protected":false},"excerpt":{"rendered":"<p>The PIXCELL Advantage Brings Peace of Mind Through a Rigorous, Efficient, People-Centred Executive Recruitment Process A Flexible, Holistic Approach To Recruit Exceptional Talent You need Exceptional Partners Our team is known for its exceptional vision of the business world, its in-depth understanding of the market, and its trusting relationships with partners in our pan-Canadian and international network. We are also at the cutting edge of using artificial intelligence in executiveRead More<\/p>\n","protected":false},"author":1,"featured_media":0,"parent":0,"menu_order":0,"comment_status":"closed","ping_status":"closed","template":"","meta":{"_acf_changed":false,"footnotes":""},"class_list":["post-556","page","type-page","status-publish","hentry"],"acf":[],"yoast_head":"<!-- This site is optimized with the Yoast SEO plugin v25.8 - https:\/\/yoast.com\/wordpress\/plugins\/seo\/ -->\n<title>The Pixcell Advantage - PIXCELL<\/title>\n<meta name=\"description\" content=\"The Pixcell advantage lies in our tailored executive search methodology designed to identify high-impact senior leaders.\" \/>\n<meta name=\"robots\" content=\"index, follow, max-snippet:-1, max-image-preview:large, max-video-preview:-1\" \/>\n<link rel=\"canonical\" href=\"https:\/\/pixcell.co\/en\/the-pixcell-advantage\/\" \/>\n<meta property=\"og:locale\" content=\"en_US\" \/>\n<meta property=\"og:type\" content=\"article\" \/>\n<meta property=\"og:title\" content=\"The Pixcell Advantage - PIXCELL\" \/>\n<meta property=\"og:description\" content=\"The Pixcell advantage lies in our tailored executive search methodology designed to identify high-impact senior leaders.\" \/>\n<meta property=\"og:url\" content=\"https:\/\/pixcell.co\/en\/the-pixcell-advantage\/\" \/>\n<meta property=\"og:site_name\" content=\"PIXCELL\" \/>\n<meta property=\"article:modified_time\" content=\"2026-04-17T20:02:39+00:00\" \/>\n<meta property=\"og:image\" content=\"https:\/\/pixcell.co\/wp-content\/uploads\/2021\/01\/arrow-down.png\" \/>\n<meta name=\"twitter:card\" content=\"summary_large_image\" \/>\n<meta name=\"twitter:label1\" content=\"Est. reading time\" \/>\n\t<meta name=\"twitter:data1\" content=\"9 minutes\" \/>\n<!-- \/ Yoast SEO plugin. -->","yoast_head_json":{"title":"The Pixcell Advantage - PIXCELL","description":"The Pixcell advantage lies in our tailored executive search methodology designed to identify high-impact senior leaders.","robots":{"index":"index","follow":"follow","max-snippet":"max-snippet:-1","max-image-preview":"max-image-preview:large","max-video-preview":"max-video-preview:-1"},"canonical":"https:\/\/pixcell.co\/en\/the-pixcell-advantage\/","og_locale":"en_US","og_type":"article","og_title":"The Pixcell Advantage - PIXCELL","og_description":"The Pixcell advantage lies in our tailored executive search methodology designed to identify high-impact senior leaders.","og_url":"https:\/\/pixcell.co\/en\/the-pixcell-advantage\/","og_site_name":"PIXCELL","article_modified_time":"2026-04-17T20:02:39+00:00","og_image":[{"url":"https:\/\/pixcell.co\/wp-content\/uploads\/2021\/01\/arrow-down.png","type":"","width":"","height":""}],"twitter_card":"summary_large_image","twitter_misc":{"Est. reading time":"9 minutes"},"schema":{"@context":"https:\/\/schema.org","@graph":[{"@type":"WebPage","@id":"https:\/\/pixcell.co\/en\/the-pixcell-advantage\/","url":"https:\/\/pixcell.co\/en\/the-pixcell-advantage\/","name":"The Pixcell Advantage - PIXCELL","isPartOf":{"@id":"https:\/\/pixcell.co\/#website"},"primaryImageOfPage":{"@id":"https:\/\/pixcell.co\/en\/the-pixcell-advantage\/#primaryimage"},"image":{"@id":"https:\/\/pixcell.co\/en\/the-pixcell-advantage\/#primaryimage"},"thumbnailUrl":"https:\/\/pixcell.co\/wp-content\/uploads\/2021\/01\/arrow-down.png","datePublished":"2020-09-10T15:59:09+00:00","dateModified":"2026-04-17T20:02:39+00:00","description":"The Pixcell advantage lies in our tailored executive search methodology designed to identify high-impact senior leaders.","breadcrumb":{"@id":"https:\/\/pixcell.co\/en\/the-pixcell-advantage\/#breadcrumb"},"inLanguage":"en-US","potentialAction":[{"@type":"ReadAction","target":["https:\/\/pixcell.co\/en\/the-pixcell-advantage\/"]}]},{"@type":"ImageObject","inLanguage":"en-US","@id":"https:\/\/pixcell.co\/en\/the-pixcell-advantage\/#primaryimage","url":"https:\/\/pixcell.co\/wp-content\/uploads\/2021\/01\/arrow-down.png","contentUrl":"https:\/\/pixcell.co\/wp-content\/uploads\/2021\/01\/arrow-down.png"},{"@type":"BreadcrumbList","@id":"https:\/\/pixcell.co\/en\/the-pixcell-advantage\/#breadcrumb","itemListElement":[{"@type":"ListItem","position":1,"name":"Accueil","item":"https:\/\/pixcell.co\/en\/"},{"@type":"ListItem","position":2,"name":"The Pixcell Advantage"}]},{"@type":"WebSite","@id":"https:\/\/pixcell.co\/#website","url":"https:\/\/pixcell.co\/","name":"PIXCELL","description":"Executive Search Recruiting | Pixcell","publisher":{"@id":"https:\/\/pixcell.co\/#organization"},"alternateName":"PIXCELL - Chasseurs de t\u00eates sp\u00e9cialis\u00e9s en recrutement de cadres","potentialAction":[{"@type":"SearchAction","target":{"@type":"EntryPoint","urlTemplate":"https:\/\/pixcell.co\/?s={search_term_string}"},"query-input":{"@type":"PropertyValueSpecification","valueRequired":true,"valueName":"search_term_string"}}],"inLanguage":"en-US"},{"@type":"Organization","@id":"https:\/\/pixcell.co\/#organization","name":"PIXCELL","url":"https:\/\/pixcell.co\/","logo":{"@type":"ImageObject","inLanguage":"en-US","@id":"https:\/\/pixcell.co\/#\/schema\/logo\/image\/","url":"https:\/\/pixcell.co\/wp-content\/uploads\/2020\/09\/header-logo.png","contentUrl":"https:\/\/pixcell.co\/wp-content\/uploads\/2020\/09\/header-logo.png","width":227,"height":58,"caption":"PIXCELL"},"image":{"@id":"https:\/\/pixcell.co\/#\/schema\/logo\/image\/"}}]}},"_links":{"self":[{"href":"https:\/\/pixcell.co\/en\/wp-json\/wp\/v2\/pages\/556","targetHints":{"allow":["GET"]}}],"collection":[{"href":"https:\/\/pixcell.co\/en\/wp-json\/wp\/v2\/pages"}],"about":[{"href":"https:\/\/pixcell.co\/en\/wp-json\/wp\/v2\/types\/page"}],"author":[{"embeddable":true,"href":"https:\/\/pixcell.co\/en\/wp-json\/wp\/v2\/users\/1"}],"replies":[{"embeddable":true,"href":"https:\/\/pixcell.co\/en\/wp-json\/wp\/v2\/comments?post=556"}],"version-history":[{"count":49,"href":"https:\/\/pixcell.co\/en\/wp-json\/wp\/v2\/pages\/556\/revisions"}],"predecessor-version":[{"id":20107,"href":"https:\/\/pixcell.co\/en\/wp-json\/wp\/v2\/pages\/556\/revisions\/20107"}],"wp:attachment":[{"href":"https:\/\/pixcell.co\/en\/wp-json\/wp\/v2\/media?parent=556"}],"curies":[{"name":"wp","href":"https:\/\/api.w.org\/{rel}","templated":true}]}}