{"id":558,"date":"2020-09-10T14:48:58","date_gmt":"2020-09-10T14:48:58","guid":{"rendered":"https:\/\/pixcell.co\/the-pixcell-information-techology\/"},"modified":"2026-01-16T15:32:31","modified_gmt":"2026-01-16T20:32:31","slug":"the-pixcell-information-techology","status":"publish","type":"page","link":"https:\/\/pixcell.co\/en\/the-pixcell-information-techology\/","title":{"rendered":"The Pixcell Information Techology"},"content":{"rendered":"\r\n<h1>Information Technology<br \/>&amp; Digital Transofrmation<\/h1>\r\n<h3>Leaders recruiting leaders<\/h3>\r\n<p><a href=\"#section_information_technology\" target=\"_self\" rel=\"noopener noreferrer\"> <img loading=\"lazy\" decoding=\"async\" title=\"call-to-action-bottom\" src=\"https:\/\/pixcell.co\/wp-content\/uploads\/2020\/09\/call-to-action-bottom.png\" alt=\"call-to-action-bottom\" width=\"32\" height=\"52\" \/> <\/a><\/p>\r\n<h3>Lorem Ipsum Magnufus Simplifiera Maganeta.<\/h3>\r\n<div class=\"frm_forms  with_frm_style frm_style_formidable-style\" id=\"frm_form_3_container\" >\n<form enctype=\"multipart\/form-data\" method=\"post\" class=\"frm-show-form frm_information-technology frm_js_validate  frm_ajax_submit  frm_pro_form \" id=\"form_informationtechnologydigitaltransofrmation\" >\n<div class=\"frm_form_fields \">\n<fieldset>\n<legend class=\"frm_screen_reader\">Industry page form FR<\/legend>\r\n\r\n<div class=\"frm_fields_container\">\n<input type=\"hidden\" name=\"frm_action\" value=\"create\" \/>\n<input type=\"hidden\" name=\"form_id\" value=\"3\" \/>\n<input type=\"hidden\" name=\"frm_hide_fields_3\" id=\"frm_hide_fields_3\" value=\"\" \/>\n<input type=\"hidden\" name=\"form_key\" value=\"informationtechnologydigitaltransofrmation\" \/>\n<input type=\"hidden\" name=\"item_meta[0]\" value=\"\" \/>\n<input type=\"hidden\" id=\"frm_submit_entry_3\" name=\"frm_submit_entry_3\" value=\"fa88a38782\" \/><input type=\"hidden\" name=\"_wp_http_referer\" value=\"\/en\/wp-json\/wp\/v2\/pages\/558\" \/><div id=\"frm_field_21_container\" class=\"frm_form_field form-field  frm_required_field frm_top_container frm12\">\r\n    <label for=\"field_u7pr\" id=\"field_u7pr_label\" class=\"frm_primary_label\">Nom\r\n        <span class=\"frm_required\">*<\/span>\r\n    <\/label>\r\n    <input  type=\"text\" id=\"field_u7pr\" name=\"item_meta[21]\" value=\"\"  data-reqmsg=\"Nom cannot be blank.\" aria-required=\"true\" data-invmsg=\"Text is invalid\" aria-invalid=\"false\"   \/>\r\n    \r\n    \r\n<\/div>\n<div id=\"frm_field_22_container\" class=\"frm_form_field form-field  frm_required_field frm_top_container frm12\">\r\n    <label for=\"field_742aa\" id=\"field_742aa_label\" class=\"frm_primary_label\">T\u00e9l\u00e9phone\r\n        <span class=\"frm_required\">*<\/span>\r\n    <\/label>\r\n    <input type=\"tel\" id=\"field_742aa\" name=\"item_meta[22]\" value=\"\"  data-reqmsg=\"T\u00e9l\u00e9phone cannot be blank.\" aria-required=\"true\" data-invmsg=\"Phone is invalid\" aria-invalid=\"false\" pattern=\"((\\+\\d{1,3}(-|.| )?\\(?\\d\\)?(-| |.)?\\d{1,5})|(\\(?\\d{2,6}\\)?))(-|.| )?(\\d{3,4})(-|.| )?(\\d{4})(( x| ext)\\d{1,5}){0,1}$\"  \/>\r\n    \r\n    \r\n<\/div>\n<div id=\"frm_field_23_container\" class=\"frm_form_field form-field  frm_required_field frm_top_container frm12\">\r\n    <label for=\"field_3jw77\" id=\"field_3jw77_label\" class=\"frm_primary_label\">Courriel\r\n        <span class=\"frm_required\">*<\/span>\r\n    <\/label>\r\n    <input type=\"email\" id=\"field_3jw77\" name=\"item_meta[23]\" value=\"\"  data-reqmsg=\"Courriel cannot be blank.\" aria-required=\"true\" data-invmsg=\"Email is invalid\" aria-invalid=\"false\"  \/>\r\n    \r\n    \r\n<\/div>\n<div id=\"frm_field_24_container\" class=\"frm_form_field form-field  frm_required_field frm_top_container frm12\">\r\n    <label for=\"field_hvgfz\" id=\"field_hvgfz_label\" class=\"frm_primary_label\">Message\r\n        <span class=\"frm_required\">*<\/span>\r\n    <\/label>\r\n    <textarea name=\"item_meta[24]\" id=\"field_hvgfz\" rows=\"2\"  data-reqmsg=\"Message cannot be blank.\" aria-required=\"true\" data-invmsg=\"Message is invalid\" aria-invalid=\"false\"  ><\/textarea>\r\n    \r\n    \r\n<\/div>\n<input type=\"hidden\" name=\"item_meta[31]\" id=\"field_skqn7\" value=\"The Pixcell Information Techology\"  data-frmval=\"The Pixcell Information Techology\"   \/>\n<input type=\"hidden\" name=\"item_meta[29]\" id=\"field_3mdtf\" value=\"\/en\/wp-json\/wp\/v2\/pages\/558\"  data-frmval=\"\/en\/wp-json\/wp\/v2\/pages\/558\"   \/>\n<input type=\"hidden\" name=\"item_meta[27]\" id=\"field_7eshj\" value=\"en\"  data-frmval=\"en\"   \/>\n<div id=\"frm_field_52_container\" class=\"frm_form_field form-field  frm_none_container\">\r\n    <label for=\"h-captcha-response\" id=\"field_fe0jd_label\" class=\"frm_primary_label\">\r\n        <span class=\"frm_required\"><\/span>\r\n    <\/label>\r\n    <div  id=\"field_fe0jd\" class=\"cf-turnstile\" data-sitekey=\"0x4AAAAAAA9VyvgRrtoAruVM\" data-size=\"normal\" data-theme=\"light\"><\/div>\r\n    \r\n    \r\n<\/div>\n<div id=\"frm_field_53_container\" class=\"frm_form_field form-field \">\r\n\t<div class=\"frm_submit\">\r\n\r\n<button class=\"frm_button_submit frm_final_submit\" type=\"submit\"   formnovalidate=\"formnovalidate\">Soumettre<\/button>\r\n\r\n<\/div>\r\n<\/div>\n\t<input type=\"hidden\" name=\"item_key\" value=\"\" \/>\n\t\t\t<div id=\"frm_field_57_container\">\n\t\t\t<label for=\"field_3bcgs\" >\n\t\t\t\tIf you are human, leave this field blank.\t\t\t<\/label>\n\t\t\t<input  id=\"field_3bcgs\" type=\"text\" class=\"frm_form_field form-field frm_verify\" name=\"item_meta[57]\" value=\"\"  \/>\n\t\t<\/div>\n\t\t<input name=\"frm_state\" type=\"hidden\" value=\"MTvtr\/XptmGFSF+tAuaXAMJ9bhZfU+lCL3KhZXmS5w1g5X22ImZTo6NqwuScSPcX\" \/><\/div>\n<\/fieldset>\n<\/div>\n\n<\/form>\n<\/div>\n\r\n<h2>Information Technology &amp; Digital Transformation<\/h2>\r\n<p>In an increasingly digital world, PIXCELL\u2019s multiple partnerships allow you to draw from a carefully vetted pool of candidates with up-to-date knowledge and in-demand skill sets. Whether you&#8217;re looking to leverage AI, Big-Data, or Machine-Learning for your next growth phase, or are simply looking for your very first Director IT, or VP-IT, we will help you establish a profile in sync with your organization\u2019s IT maturity.<\/p>\r\n<h2>Industry Expertise<\/h2>\r\n<p><img loading=\"lazy\" decoding=\"async\" title=\"information-technology\" src=\"https:\/\/pixcell.co\/wp-content\/uploads\/2020\/09\/information-technology.jpg\" alt=\"information-technology\" width=\"589\" height=\"285\" \/><\/p>\r\n<h3>Information Technology &amp; Digital Transformation<\/h3>\r\n<p><a role=\"button\" href=\"https:\/\/pixcell.co\/en\/information-technology-digital-transformation\/\" target=\"_self\" rel=\"noopener noreferrer\"> Learn More <\/a><\/p>\r\n<h3>Manufacturing &amp; Enginering<\/h3>\r\n<p><a role=\"button\" href=\"https:\/\/pixcell.co\/en\/manufacturing-engineering\/\" target=\"_self\" rel=\"noopener noreferrer\"> Learn More <\/a> <img loading=\"lazy\" decoding=\"async\" title=\"manufacturing-enginering\" src=\"https:\/\/pixcell.co\/wp-content\/uploads\/2020\/09\/manufacturing-enginering.jpg\" alt=\"manufacturing-enginering\" width=\"589\" height=\"285\" \/> <img loading=\"lazy\" decoding=\"async\" title=\"retail&amp;distribution\" src=\"https:\/\/pixcell.co\/wp-content\/uploads\/2020\/09\/retaildistribution.jpg\" alt=\"retail&amp;distribution\" width=\"387\" height=\"285\" \/><\/p>\r\n<h3>Retail &amp; Distribution<\/h3>\r\n<p><a role=\"button\" href=\"https:\/\/pixcell.co\/en\/retail-and-distribution-industry\/\" target=\"_self\" rel=\"noopener noreferrer\"> Learn More <\/a><\/p>\r\n<h3>Real Estate &amp; Construction<\/h3>\r\n<p><a role=\"button\" href=\"https:\/\/pixcell.co\/en\/real-estate-construction\/\" target=\"_self\" rel=\"noopener noreferrer\"> Learn More <\/a> <img loading=\"lazy\" decoding=\"async\" title=\"real-estate\" src=\"https:\/\/pixcell.co\/wp-content\/uploads\/2020\/09\/real-estate.jpg\" alt=\"real-estate\" width=\"387\" height=\"285\" \/> <img loading=\"lazy\" decoding=\"async\" title=\"finance\" src=\"https:\/\/pixcell.co\/wp-content\/uploads\/2020\/09\/finance.jpg\" alt=\"finance\" width=\"387\" height=\"285\" \/><\/p>\r\n<h3>Finance<\/h3>\r\n<p><a role=\"button\" href=\"https:\/\/pixcell.co\/en\/finance\/\" target=\"_self\" rel=\"noopener noreferrer\"> Learn More <\/a><\/p>\r\n<h2>Our Clients<\/h2>\r\n        <ul class=\"our-clients\">\n                            <li><img decoding=\"async\" src=\"https:\/\/pixcell.co\/wp-content\/uploads\/2021\/01\/Sobeys-Pixcell-Headhunting-Client.png\"\/><\/li>\n                            <li><img decoding=\"async\" src=\"https:\/\/pixcell.co\/wp-content\/uploads\/2021\/01\/Fleury-Michon-Amerique-Pixcell-Executive-Recruiting-Client.jpg\"\/><\/li>\n                            <li><img decoding=\"async\" src=\"https:\/\/pixcell.co\/wp-content\/uploads\/2021\/01\/Pierre-Fabre-Pixcell-Executive-Recruitment-Client.jpg\"\/><\/li>\n                            <li><img decoding=\"async\" src=\"https:\/\/pixcell.co\/wp-content\/uploads\/2021\/01\/Prever-Le-Groupe-Pixcell-Executive-Search-Agency-Client.jpg\"\/><\/li>\n                            <li><img decoding=\"async\" src=\"https:\/\/pixcell.co\/wp-content\/uploads\/2021\/01\/MDF-Commerce-Pixcell-Headhunter-Client.png\"\/><\/li>\n                            <li><img decoding=\"async\" src=\"https:\/\/pixcell.co\/wp-content\/uploads\/2021\/01\/YUL-Montreal-Trudeau-Pixcell-Headhunting-Firm-Client.png\"\/><\/li>\n                            <li><img decoding=\"async\" src=\"https:\/\/pixcell.co\/wp-content\/uploads\/2021\/01\/Recochem-Pixcell-Executive-Search-Client.png\"\/><\/li>\n                            <li><img decoding=\"async\" src=\"https:\/\/pixcell.co\/wp-content\/uploads\/2021\/01\/Orckestra-Pixcell-Recruitment-Client.png\"\/><\/li>\n                            <li><img decoding=\"async\" src=\"https:\/\/pixcell.co\/wp-content\/uploads\/2021\/01\/Hitachi-Pixcell-Business-Development-Client.png\"\/><\/li>\n                            <li><img decoding=\"async\" src=\"https:\/\/pixcell.co\/wp-content\/uploads\/2022\/06\/RENAISSANCE.png.jpg.png\"\/><\/li>\n                            <li><img decoding=\"async\" src=\"https:\/\/pixcell.co\/wp-content\/uploads\/2022\/06\/PALAIS.png.jpg.png\"\/><\/li>\n                            <li><img decoding=\"async\" src=\"https:\/\/pixcell.co\/wp-content\/uploads\/2022\/07\/RENAISSANCE.png.jpg-25.jpg\"\/><\/li>\n                            <li><img decoding=\"async\" src=\"https:\/\/pixcell.co\/wp-content\/uploads\/2022\/06\/MIRABAUD-2.png.jpg-2.png\"\/><\/li>\n                    <\/ul>\n        <nav class=\"navigation-arrows\">\n            <button class=\"arrow-prev\"><img decoding=\"async\" src=\"https:\/\/pixcell.co\/wp-content\/themes\/pixcelltheme\/images\/navigation-left.png\">\n            <\/button>\n            <button class=\"arrow-next\"><img decoding=\"async\" src=\"https:\/\/pixcell.co\/wp-content\/themes\/pixcelltheme\/images\/navigation-right.png\">\n            <\/button>\n        <\/nav>\n    \r\n","protected":false},"excerpt":{"rendered":"<p>Information Technology&amp; Digital Transofrmation Leaders recruiting leaders Lorem Ipsum Magnufus Simplifiera Maganeta. Information Technology &amp; Digital Transformation In an increasingly digital world, PIXCELL\u2019s multiple partnerships allow you to draw from a carefully vetted pool of candidates with up-to-date knowledge and in-demand skill sets. Whether you&#8217;re looking to leverage AI, Big-Data, or Machine-Learning for your next growth phase, or are simply looking for your very first Director IT, or VP-IT, weRead More<\/p>\n","protected":false},"author":1,"featured_media":0,"parent":0,"menu_order":0,"comment_status":"closed","ping_status":"closed","template":"","meta":{"_acf_changed":false,"footnotes":""},"class_list":["post-558","page","type-page","status-publish","hentry"],"acf":[],"yoast_head":"<!-- This site is optimized with the Yoast SEO plugin v25.8 - https:\/\/yoast.com\/wordpress\/plugins\/seo\/ -->\n<title>The Pixcell Information Techology - PIXCELL<\/title>\n<meta name=\"description\" content=\"Pixcell\u2019s information technology supports executive search with advanced tools designed to improve precision and hiring outcomes.\" \/>\n<meta name=\"robots\" content=\"index, follow, max-snippet:-1, max-image-preview:large, max-video-preview:-1\" \/>\n<link rel=\"canonical\" href=\"https:\/\/pixcell.co\/en\/the-pixcell-information-techology\/\" \/>\n<meta property=\"og:locale\" content=\"en_US\" \/>\n<meta property=\"og:type\" content=\"article\" \/>\n<meta property=\"og:title\" content=\"The Pixcell Information Techology - PIXCELL\" \/>\n<meta property=\"og:description\" content=\"Pixcell\u2019s information technology supports executive search with advanced tools designed to improve precision and hiring outcomes.\" \/>\n<meta property=\"og:url\" content=\"https:\/\/pixcell.co\/en\/the-pixcell-information-techology\/\" \/>\n<meta property=\"og:site_name\" content=\"PIXCELL\" \/>\n<meta property=\"article:modified_time\" content=\"2026-01-16T20:32:31+00:00\" \/>\n<meta property=\"og:image\" content=\"https:\/\/pixcell.co\/wp-content\/uploads\/2020\/09\/call-to-action-bottom.png\" \/>\n<meta name=\"twitter:card\" content=\"summary_large_image\" \/>\n<meta name=\"twitter:label1\" content=\"Est. reading time\" \/>\n\t<meta name=\"twitter:data1\" content=\"7 minutes\" \/>\n<!-- \/ Yoast SEO plugin. -->","yoast_head_json":{"title":"The Pixcell Information Techology - PIXCELL","description":"Pixcell\u2019s information technology supports executive search with advanced tools designed to improve precision and hiring outcomes.","robots":{"index":"index","follow":"follow","max-snippet":"max-snippet:-1","max-image-preview":"max-image-preview:large","max-video-preview":"max-video-preview:-1"},"canonical":"https:\/\/pixcell.co\/en\/the-pixcell-information-techology\/","og_locale":"en_US","og_type":"article","og_title":"The Pixcell Information Techology - PIXCELL","og_description":"Pixcell\u2019s information technology supports executive search with advanced tools designed to improve precision and hiring outcomes.","og_url":"https:\/\/pixcell.co\/en\/the-pixcell-information-techology\/","og_site_name":"PIXCELL","article_modified_time":"2026-01-16T20:32:31+00:00","og_image":[{"url":"https:\/\/pixcell.co\/wp-content\/uploads\/2020\/09\/call-to-action-bottom.png","type":"","width":"","height":""}],"twitter_card":"summary_large_image","twitter_misc":{"Est. reading time":"7 minutes"},"schema":{"@context":"https:\/\/schema.org","@graph":[{"@type":"WebPage","@id":"https:\/\/pixcell.co\/en\/the-pixcell-information-techology\/","url":"https:\/\/pixcell.co\/en\/the-pixcell-information-techology\/","name":"The Pixcell Information Techology - PIXCELL","isPartOf":{"@id":"https:\/\/pixcell.co\/#website"},"primaryImageOfPage":{"@id":"https:\/\/pixcell.co\/en\/the-pixcell-information-techology\/#primaryimage"},"image":{"@id":"https:\/\/pixcell.co\/en\/the-pixcell-information-techology\/#primaryimage"},"thumbnailUrl":"https:\/\/pixcell.co\/wp-content\/uploads\/2020\/09\/call-to-action-bottom.png","datePublished":"2020-09-10T14:48:58+00:00","dateModified":"2026-01-16T20:32:31+00:00","description":"Pixcell\u2019s information technology supports executive search with advanced tools designed to improve precision and hiring outcomes.","breadcrumb":{"@id":"https:\/\/pixcell.co\/en\/the-pixcell-information-techology\/#breadcrumb"},"inLanguage":"en-US","potentialAction":[{"@type":"ReadAction","target":["https:\/\/pixcell.co\/en\/the-pixcell-information-techology\/"]}]},{"@type":"ImageObject","inLanguage":"en-US","@id":"https:\/\/pixcell.co\/en\/the-pixcell-information-techology\/#primaryimage","url":"https:\/\/pixcell.co\/wp-content\/uploads\/2020\/09\/call-to-action-bottom.png","contentUrl":"https:\/\/pixcell.co\/wp-content\/uploads\/2020\/09\/call-to-action-bottom.png"},{"@type":"BreadcrumbList","@id":"https:\/\/pixcell.co\/en\/the-pixcell-information-techology\/#breadcrumb","itemListElement":[{"@type":"ListItem","position":1,"name":"Accueil","item":"https:\/\/pixcell.co\/en\/"},{"@type":"ListItem","position":2,"name":"The Pixcell Information Techology"}]},{"@type":"WebSite","@id":"https:\/\/pixcell.co\/#website","url":"https:\/\/pixcell.co\/","name":"PIXCELL","description":"Executive Search Recruiting | Pixcell","publisher":{"@id":"https:\/\/pixcell.co\/#organization"},"alternateName":"PIXCELL - Chasseurs de t\u00eates sp\u00e9cialis\u00e9s en recrutement de cadres","potentialAction":[{"@type":"SearchAction","target":{"@type":"EntryPoint","urlTemplate":"https:\/\/pixcell.co\/?s={search_term_string}"},"query-input":{"@type":"PropertyValueSpecification","valueRequired":true,"valueName":"search_term_string"}}],"inLanguage":"en-US"},{"@type":"Organization","@id":"https:\/\/pixcell.co\/#organization","name":"PIXCELL","url":"https:\/\/pixcell.co\/","logo":{"@type":"ImageObject","inLanguage":"en-US","@id":"https:\/\/pixcell.co\/#\/schema\/logo\/image\/","url":"https:\/\/pixcell.co\/wp-content\/uploads\/2020\/09\/header-logo.png","contentUrl":"https:\/\/pixcell.co\/wp-content\/uploads\/2020\/09\/header-logo.png","width":227,"height":58,"caption":"PIXCELL"},"image":{"@id":"https:\/\/pixcell.co\/#\/schema\/logo\/image\/"}}]}},"_links":{"self":[{"href":"https:\/\/pixcell.co\/en\/wp-json\/wp\/v2\/pages\/558","targetHints":{"allow":["GET"]}}],"collection":[{"href":"https:\/\/pixcell.co\/en\/wp-json\/wp\/v2\/pages"}],"about":[{"href":"https:\/\/pixcell.co\/en\/wp-json\/wp\/v2\/types\/page"}],"author":[{"embeddable":true,"href":"https:\/\/pixcell.co\/en\/wp-json\/wp\/v2\/users\/1"}],"replies":[{"embeddable":true,"href":"https:\/\/pixcell.co\/en\/wp-json\/wp\/v2\/comments?post=558"}],"version-history":[{"count":4,"href":"https:\/\/pixcell.co\/en\/wp-json\/wp\/v2\/pages\/558\/revisions"}],"predecessor-version":[{"id":19036,"href":"https:\/\/pixcell.co\/en\/wp-json\/wp\/v2\/pages\/558\/revisions\/19036"}],"wp:attachment":[{"href":"https:\/\/pixcell.co\/en\/wp-json\/wp\/v2\/media?parent=558"}],"curies":[{"name":"wp","href":"https:\/\/api.w.org\/{rel}","templated":true}]}}