{"id":859,"date":"2020-10-05T18:00:15","date_gmt":"2020-10-05T22:00:15","guid":{"rendered":"https:\/\/pixcell.co\/secteur-manufacturier-et-ingenierie\/"},"modified":"2024-12-03T11:37:24","modified_gmt":"2024-12-03T16:37:24","slug":"manufacturing-engineering","status":"publish","type":"page","link":"https:\/\/pixcell.co\/en\/manufacturing-engineering\/","title":{"rendered":"Manufacturing &#038; Engineering Industry"},"content":{"rendered":"\n<h1>\n\t\tManufacturing &#038; Engineering Headhunters <br \/>&#8211; PIXCELL\t\n\t<\/h1>\n<h3>\n\t\tLeaders Recruiting Leaders\n\t<\/h3>\n\t\t\t\t<a href=\"#section_information_technology\" target=\"_self\" itemprop=\"url\" rel=\"noopener\">\n\t\t\t\t<img loading=\"lazy\" decoding=\"async\" src=\"https:\/\/pixcell.co\/wp-content\/uploads\/2021\/01\/arrow-down.png\" alt=\"arrow down\" itemprop=\"image\" height=\"52\" width=\"32\" title=\"arrow down\" onerror=\"this.style.display='none'\"  \/>\n\t\t\t\t<\/a>\n<h3>\n\t\tSEARCHING FOR TALENT?\n\t<\/h3>\n<h5>\n\t\tWE CAN HELP\n\t<\/h5>\n\t<div class=\"frm_forms  with_frm_style frm_style_formidable-style\" id=\"frm_form_5_container\" >\n<form enctype=\"multipart\/form-data\" method=\"post\" class=\"frm-show-form frm_information-technology frm_js_validate  frm_ajax_submit  frm_pro_form \" id=\"form_informationtechnologydigitaltransofrmation3b7c05cf80\" >\n<div class=\"frm_form_fields \">\n<fieldset>\n<legend class=\"frm_screen_reader\">Industry page form - EN<\/legend>\r\n\r\n<div class=\"frm_fields_container\">\n<input type=\"hidden\" name=\"frm_action\" value=\"create\" \/>\n<input type=\"hidden\" name=\"form_id\" value=\"5\" \/>\n<input type=\"hidden\" name=\"frm_hide_fields_5\" id=\"frm_hide_fields_5\" value=\"\" \/>\n<input type=\"hidden\" name=\"form_key\" value=\"informationtechnologydigitaltransofrmation3b7c05cf80\" \/>\n<input type=\"hidden\" name=\"item_meta[0]\" value=\"\" \/>\n<input type=\"hidden\" id=\"frm_submit_entry_5\" name=\"frm_submit_entry_5\" value=\"66c3c2189f\" \/><input type=\"hidden\" name=\"_wp_http_referer\" value=\"\/en\/wp-json\/wp\/v2\/pages\/859\" \/><div id=\"frm_field_42_container\" class=\"frm_form_field form-field  frm_required_field frm_top_container frm12\">\r\n    <label for=\"field_u7pr9430971975\" id=\"field_u7pr9430971975_label\" class=\"frm_primary_label\">Name\r\n        <span class=\"frm_required\">*<\/span>\r\n    <\/label>\r\n    <input  type=\"text\" id=\"field_u7pr9430971975\" name=\"item_meta[42]\" value=\"\"  data-reqmsg=\"Name cannot be blank.\" aria-required=\"true\" data-invmsg=\"Text is invalid\" aria-invalid=\"false\"   \/>\r\n    \r\n    \r\n<\/div>\n<div id=\"frm_field_43_container\" class=\"frm_form_field form-field  frm_required_field frm_top_container frm12\">\r\n    <label for=\"field_742aa383fd7f446\" id=\"field_742aa383fd7f446_label\" class=\"frm_primary_label\">Telephone\r\n        <span class=\"frm_required\">*<\/span>\r\n    <\/label>\r\n    <input type=\"tel\" id=\"field_742aa383fd7f446\" name=\"item_meta[43]\" value=\"\"  data-reqmsg=\"Telephone cannot be blank.\" aria-required=\"true\" data-invmsg=\"Phone is invalid\" aria-invalid=\"false\" pattern=\"((\\+\\d{1,3}(-|.| )?\\(?\\d\\)?(-| |.)?\\d{1,5})|(\\(?\\d{2,6}\\)?))(-|.| )?(\\d{3,4})(-|.| )?(\\d{4})(( x| ext)\\d{1,5}){0,1}$\"  \/>\r\n    \r\n    \r\n<\/div>\n<div id=\"frm_field_44_container\" class=\"frm_form_field form-field  frm_required_field frm_top_container frm12\">\r\n    <label for=\"field_3jw770898b4246b\" id=\"field_3jw770898b4246b_label\" class=\"frm_primary_label\">Email\r\n        <span class=\"frm_required\">*<\/span>\r\n    <\/label>\r\n    <input type=\"email\" id=\"field_3jw770898b4246b\" name=\"item_meta[44]\" value=\"\"  data-reqmsg=\"Email cannot be blank.\" aria-required=\"true\" data-invmsg=\"Email is invalid\" aria-invalid=\"false\"  \/>\r\n    \r\n    \r\n<\/div>\n<div id=\"frm_field_45_container\" class=\"frm_form_field form-field  frm_required_field frm_top_container frm12\">\r\n    <label for=\"field_hvgfze43edcec3f\" id=\"field_hvgfze43edcec3f_label\" class=\"frm_primary_label\">Message\r\n        <span class=\"frm_required\">*<\/span>\r\n    <\/label>\r\n    <textarea name=\"item_meta[45]\" id=\"field_hvgfze43edcec3f\" rows=\"2\"  data-reqmsg=\"Message cannot be blank.\" aria-required=\"true\" data-invmsg=\"Message is invalid\" aria-invalid=\"false\"  ><\/textarea>\r\n    \r\n    \r\n<\/div>\n<input type=\"hidden\" name=\"item_meta[46]\" id=\"field_skqn7b5baf26bfc\" value=\"Manufacturing &amp; Engineering Industry\"  data-frmval=\"Manufacturing &amp; Engineering Industry\"   \/>\n<input type=\"hidden\" name=\"item_meta[47]\" id=\"field_3mdtf1c1c9054a8\" value=\"\/en\/wp-json\/wp\/v2\/pages\/859\"  data-frmval=\"\/en\/wp-json\/wp\/v2\/pages\/859\"   \/>\n<input type=\"hidden\" name=\"item_meta[48]\" id=\"field_7eshj513cada4f0\" value=\"en\"  data-frmval=\"en\"   \/>\n<div id=\"frm_field_51_container\" class=\"frm_form_field form-field  frm_none_container\">\r\n    <label for=\"h-captcha-response\" id=\"field_jsg8z_label\" class=\"frm_primary_label\">\r\n        <span class=\"frm_required\"><\/span>\r\n    <\/label>\r\n    <div  id=\"field_jsg8z\" class=\"cf-turnstile\" data-sitekey=\"0x4AAAAAAA9VyvgRrtoAruVM\" data-size=\"normal\" data-theme=\"light\"><\/div>\r\n    \r\n    \r\n<\/div>\n<div id=\"frm_field_54_container\" class=\"frm_form_field form-field \">\r\n\t<div class=\"frm_submit\">\r\n\r\n<button class=\"frm_button_submit frm_final_submit\" type=\"submit\"   formnovalidate=\"formnovalidate\">Submit<\/button>\r\n\r\n<\/div>\r\n<\/div>\n\t<input type=\"hidden\" name=\"item_key\" value=\"\" \/>\n\t\t\t<div id=\"frm_field_57_container\">\n\t\t\t<label for=\"field_mffxh\" >\n\t\t\t\tIf you are human, leave this field blank.\t\t\t<\/label>\n\t\t\t<input  id=\"field_mffxh\" type=\"text\" class=\"frm_form_field form-field frm_verify\" name=\"item_meta[57]\" value=\"\"  \/>\n\t\t<\/div>\n\t\t<input name=\"frm_state\" type=\"hidden\" value=\"MTvtr\/XptmGFSF+tAuaXAMPZpTD821mdzvue7mFFz79g5X22ImZTo6NqwuScSPcX\" \/><\/div>\n<\/fieldset>\n<\/div>\n\n<\/form>\n<\/div>\n\n<h2>\n\t\tOvercome the Challenges of the <strong>Executive Search Process<\/strong> in Manufacturing &#038; Engineering\n\t<\/h2>\n\t<p>Since the transition to Industry 4.0, companies in the manufacturing sector now have to be quick to react and at the leading edge of digital technologies in order to stay competitive.<\/p>\n\t<p>The challenges faced by organizations in manufacturing since the last industrial revolution are mainly the lack of qualified and specialized labour and financing the implementation of new technologies. Finding manufacturing executives is no small task. That&#8217;s why it&#8217;s advantageous to hire manufacturing and engineering headhunters and an executive search firm who provides support throughout the recruitment process.<\/p>\n\t\t\t\t<img loading=\"lazy\" decoding=\"async\" src=\"https:\/\/pixcell.co\/wp-content\/uploads\/2021\/01\/manufacturing-executive-search-firm-image.png\" alt=\"manufacturing executive search firm image\" itemprop=\"image\" height=\"338\" width=\"290\" title=\"manufacturing executive search firm image\" onerror=\"this.style.display='none'\"  \/>\n<h2>\n\t\t<strong>Why Hire an Engineering or Manufacturing Executive Recruiter? <\/strong>\n\t<\/h2>\n\t<p>Industry 4.0 is rife with challenges, but also teeming with opportunities. Not only does the use of digital technologies like 3D printing, digitization of printed documents and robotics, for example, help you optimize the production process, but it also helps reduce costs while improving your manufacturing quality.<\/p>\n<p>By hiring an engineering and manufacturing executive search firm like PIXCELL, you can more easily find the candidate who will embrace a strategic role in your organization.<\/p>\n\t<p>Hiring an engineering or manufacturing executive will help you make your company smarter and optimize your manufacturing, distribution and production processes.<\/p>\n<p>The manufacturing and engineering industry relies on very specific skills that are constantly changing. Our engineering and manufacturing headhunters will make sure that you recruit a highly agile executive who is focused on operations management, quality control, innovation, problem solving and ongoing workforce training.<\/p>\n\t\t\t\t<img loading=\"lazy\" decoding=\"async\" src=\"https:\/\/pixcell.co\/wp-content\/uploads\/2021\/01\/engineering-headhunting-agency-image.png\" alt=\"engineering headhunting agency image\" itemprop=\"image\" height=\"338\" width=\"290\" title=\"engineering headhunting agency image\" onerror=\"this.style.display='none'\"  \/>\n<h2>\n\t\tThe PIXCELL Promise\n\t<\/h2>\n\t<p>If you are looking to innovate more, better manage your supply chain and logistics, or implement digitized processes to prevent equipment breakdowns, monitor machines in real time or schedule maintenance, adding a manufacturing or engineering executive to your organization can become essential.<\/p>\n\t<p>Unlike the more limited resources of manufacturing executive recruitment agencies, our firm is working hard ahead of time, from the very moment you hire us, searching our large database of candidates whose skills and experience will meet your specific needs.<\/p>\n\t<p>Our engineering and manufacturing headhunters enhance the pool of active candidates by meeting with potential executives on an ongoing basis who can fit the profile you are looking for and help you meet your business objectives. With the recruitment process made easier, you can focus on your business.<\/p>\n<h2>\n\t\tUnparalleled Experience with our <strong>Engineering and Manufacturing Executive Search Firm<\/strong>\n\t<\/h2>\n\t<p><img loading=\"lazy\" decoding=\"async\" src=\"https:\/\/pixcell.co\/wp-content\/uploads\/2020\/09\/location-pin.png\" alt=\"\" width=\"42\" height=\"42\" \/><\/p>\n\tPIXCELL offers unequalled discipline and execution speed in executive hiring.<br \/>\nDuring our first meeting, our consultants will talk with you to define your organizational culture and from there establish the needs and challenges your company faces. This crucial step allows us to narrow the search and focus your attention only on the experienced managers who meet all the criteria we&#8217;ve established together.\n\t<p><img loading=\"lazy\" decoding=\"async\" src=\"https:\/\/pixcell.co\/wp-content\/uploads\/2020\/09\/location-pin.png\" alt=\"\" width=\"42\" height=\"42\" \/><\/p>\n\t<p>PIXCELL will also provide you with a preliminary list of candidates whose profiles we have meticulously vetted, so that you can conduct interviews only with people who can contribute to your success.<\/p>\n<h2>\n\t\tNearly <strong>Five Years of Experience in Manufacturing &#038; Engineering Headhunting<\/strong><strong>\n\t<\/strong><\/h2>\n\t<p>Established in 2016, our <a href=\"https:\/\/pixcell.co\/en\/montreal-headhunters\/#Manufacturing-&amp;-Engineering\">manufacturing and engineering executive search firm in Montreal<\/a>\u00a0has carved out a special niche in the executive search industry. So you will be assured of our support while you make your decision and throughout the process of integrating your chosen candidate through our proven methodology with previous clients. Doing business with PIXCELL means maximizing your organization&#8217;s performance in the market.<\/p>\n\t\t\t\t<img loading=\"lazy\" decoding=\"async\" src=\"https:\/\/pixcell.co\/wp-content\/uploads\/2021\/01\/manufacturing-and-engineering-executive-search.jpg\" alt=\"manufacturing and engineering executive search\" itemprop=\"image\" height=\"626\" width=\"1920\" title=\"manufacturing and engineering executive search\" onerror=\"this.style.display='none'\"  \/>\n<h2>\n\t\tYour Industry. Our Expertise in Senior Executive Recruitment.\n\t<\/h2>\n\t<p>Our talent search specialists are not only leaders in their field but also well versed in industry-specific business concerns. Over the years, our executive recruitment firm has developed a vast network of Canadian and international partners to provide you with fast, privileged access to the best candidates in your industry.<\/p>\n\t\t\t\t<a href=\"https:\/\/pixcell.co\/en\/information-technology-digital-transformation\/\" target=\"_self\" itemprop=\"url\" rel=\"noopener\">\n\t\t\t\t<img loading=\"lazy\" decoding=\"async\" src=\"https:\/\/pixcell.co\/wp-content\/uploads\/2020\/10\/Information-Technology-and-Digital-Transformation-Industry-Headhunters.jpg\" alt=\"Information Technology and Digital Transformation Industry Headhunters\" itemprop=\"image\" height=\"285\" width=\"589\" title=\"Information Technology and Digital Transformation Industry Headhunters\" onerror=\"this.style.display='none'\"  \/>\n\t\t\t\t<\/a>\n<h3>\n\t\t<a href=\"https:\/\/pixcell.co\/en\/information-technology-digital-transformation\/\" title=\"Information Technology &amp; Digital Transformation\" target=\"_self\" rel=\"noopener\">\n\t\tInformation Technology &#038; Digital Transformation\n\t\t<\/a>\n\t<\/h3>\n\t<p>You can rely on our\u00a0 IT headhunter team to fill your IT executive positions.<\/p>\n\t\t\t<a href=\"https:\/\/pixcell.co\/en\/information-technology-digital-transformation\/\" target=\"_self\" rel=\"noopener\">\n\t\t\t\t\t\t\tLearn More\n\t\t\t\t\t<\/a>\n\t\t\t\t<a href=\"https:\/\/pixcell.co\/en\/manufacturing-engineering\/\" target=\"_self\" itemprop=\"url\" rel=\"noopener\">\n\t\t\t\t<img loading=\"lazy\" decoding=\"async\" src=\"https:\/\/pixcell.co\/wp-content\/uploads\/2020\/10\/Manufacturing-and-Engineering-Industry-Headhunters.jpg\" alt=\"Manufacturing and Engineering Industry Headhunters\" itemprop=\"image\" height=\"285\" width=\"589\" title=\"Manufacturing and Engineering Industry Headhunters\" onerror=\"this.style.display='none'\"  \/>\n\t\t\t\t<\/a>\n<h3>\n\t\t<a href=\"https:\/\/pixcell.co\/en\/manufacturing-engineering\/\" title=\"Manufacturing &amp; Engineering\" target=\"_self\" rel=\"noopener\">\n\t\tManufacturing &#038; Engineering\n\t\t<\/a>\n\t<\/h3>\n\t<p>Recruit the best candidate fast with the help of our recruitment agency for businesses in engineering and manufacturing.<\/p>\n\t\t\t<a href=\"https:\/\/pixcell.co\/en\/manufacturing-engineering\/\" target=\"_self\" rel=\"noopener\">\n\t\t\t\t\t\t\tLearn More\n\t\t\t\t\t<\/a>\n\t\t\t\t<a href=\"https:\/\/pixcell.co\/en\/public-and-parapublic\/\" target=\"_self\" itemprop=\"url\" rel=\"noopener\">\n\t\t\t\t<img loading=\"lazy\" decoding=\"async\" src=\"https:\/\/pixcell.co\/wp-content\/uploads\/2020\/09\/Public-Parapublic-recrutement.jpg\" alt=\"Public-Parapublic-recrutement\" itemprop=\"image\" height=\"285\" width=\"589\" title=\"Public-Parapublic-recrutement\" onerror=\"this.style.display='none'\"  \/>\n\t\t\t\t<\/a>\n<h3>\n\t\t<a href=\"https:\/\/pixcell.co\/en\/public-and-parapublic\/\" title=\"Public and Para-public Sectors\" target=\"_self\" rel=\"noopener\">\n\t\tPublic and Para-public Sectors\n\t\t<\/a>\n\t<\/h3>\n\t<p>Let our executive headhunter firm guide you in the process of recruiting public and para-public business leaders.<\/p>\n\t\t\t<a href=\"https:\/\/pixcell.co\/en\/public-and-parapublic\/\" target=\"_self\" rel=\"noopener\">\n\t\t\t\t\t\t\tLearn More\n\t\t\t\t\t<\/a>\n\t\t\t\t<a href=\"https:\/\/pixcell.co\/en\/retail-and-distribution\/\" target=\"_self\" itemprop=\"url\" rel=\"noopener\">\n\t\t\t\t<img loading=\"lazy\" decoding=\"async\" src=\"https:\/\/pixcell.co\/wp-content\/uploads\/2020\/09\/Commerce-de-detail-et-distribution.jpg\" alt=\"Commerce-de-detail-et-distribution\" itemprop=\"image\" height=\"285\" width=\"589\" title=\"Commerce-de-detail-et-distribution\" onerror=\"this.style.display='none'\"  \/>\n\t\t\t\t<\/a>\n<h3>\n\t\t<a href=\"https:\/\/pixcell.co\/en\/retail-and-distribution\/\" title=\"Retail &amp; Distribution\" target=\"_self\" rel=\"noopener\">\n\t\tRetail &#038; Distribution\n\t\t<\/a>\n\t<\/h3>\n\t<p>Find the right candidate by relying on our executive search agency for the retail and distribution sectors.<\/p>\n\t\t\t<a href=\"https:\/\/pixcell.co\/en\/retail-and-distribution\/\" target=\"_self\" rel=\"noopener\">\n\t\t\t\t\t\t\tLearn More\n\t\t\t\t\t<\/a>\n\t\t\t\t<a href=\"https:\/\/pixcell.co\/en\/real-estate-construction\/\" target=\"_self\" itemprop=\"url\" rel=\"noopener\">\n\t\t\t\t<img loading=\"lazy\" decoding=\"async\" src=\"https:\/\/pixcell.co\/wp-content\/uploads\/2020\/09\/immobilier-et-construction.jpg\" alt=\"immobilier-et-construction\" itemprop=\"image\" height=\"285\" width=\"589\" title=\"immobilier-et-construction\" onerror=\"this.style.display='none'\"  \/>\n\t\t\t\t<\/a>\n<h3>\n\t\t<a href=\"https:\/\/pixcell.co\/en\/real-estate-construction\/\" title=\"Real Estate &amp; Construction\" target=\"_self\" rel=\"noopener\">\n\t\tReal Estate &#038; Construction\n\t\t<\/a>\n\t<\/h3>\n\t<p>Recruit an exceptional candidate with our experienced executive headhunters in the real estate and construction sectors.<\/p>\n\t\t\t<a href=\"https:\/\/pixcell.co\/en\/real-estate-construction\/\" target=\"_self\" rel=\"noopener\">\n\t\t\t\t\t\t\tLearn More\n\t\t\t\t\t<\/a>\n\t\t\t\t<a href=\"https:\/\/pixcell.co\/en\/finance\/\" target=\"_self\" itemprop=\"url\" rel=\"noopener\">\n\t\t\t\t<img loading=\"lazy\" decoding=\"async\" src=\"https:\/\/pixcell.co\/wp-content\/uploads\/2020\/09\/Finance-1.jpg\" alt=\"Finance\" itemprop=\"image\" height=\"285\" width=\"589\" title=\"Finance\" onerror=\"this.style.display='none'\"  \/>\n\t\t\t\t<\/a>\n<h3>\n\t\t<a href=\"https:\/\/pixcell.co\/en\/finance\/\" title=\"Financial Services\" target=\"_self\" rel=\"noopener\">\n\t\tFinancial Services\n\t\t<\/a>\n\t<\/h3>\n\t<p>With our executive search agency, overcome the challenges of recruiting executives in finance, accounting, insurance and banking.<\/p>\n\t\t\t<a href=\"https:\/\/pixcell.co\/en\/finance\/\" target=\"_self\" rel=\"noopener\">\n\t\t\t\t\t\t\tLearn More\n\t\t\t\t\t<\/a>\n\t\t\t\t<a href=\"https:\/\/pixcell.co\/en\/pharmaceutical-and-life-sciences-headhunters\/\" target=\"_self\" itemprop=\"url\" rel=\"noopener\">\n\t\t\t\t<img loading=\"lazy\" decoding=\"async\" src=\"https:\/\/pixcell.co\/wp-content\/uploads\/2020\/09\/Untitled-2.jpg\" alt=\"Untitled-2\" itemprop=\"image\" height=\"285\" width=\"589\" title=\"Untitled-2\" onerror=\"this.style.display='none'\"  \/>\n\t\t\t\t<\/a>\n<h3>\n\t\t<a href=\"https:\/\/pixcell.co\/en\/pharmaceutical-and-life-sciences-headhunters\/\" title=\"Pharmaceutical and Life Sciences\" target=\"_self\" rel=\"noopener\">\n\t\tPharmaceutical and Life Sciences\n\t\t<\/a>\n\t<\/h3>\n\t<p>Do you need to hire a pharmaceutical or bioscience executive? Count on PIXCELL&#8217;s headhunters to meet your recruitment needs.<\/p>\n\t\t\t<a href=\"https:\/\/pixcell.co\/en\/pharmaceutical-and-life-sciences-headhunters\/\" target=\"_self\" rel=\"noopener\">\n\t\t\t\t\t\t\tLearn More\n\t\t\t\t\t<\/a>\n\t\t\t\t<a href=\"https:\/\/pixcell.co\/en\/headhunters-for-professional-services-firms\/\" target=\"_self\" itemprop=\"url\" rel=\"noopener\">\n\t\t\t\t<img loading=\"lazy\" decoding=\"async\" src=\"https:\/\/pixcell.co\/wp-content\/uploads\/2020\/09\/Untitled-22.jpg\" alt=\"Untitled-22\" itemprop=\"image\" height=\"285\" width=\"589\" title=\"Untitled-22\" onerror=\"this.style.display='none'\"  \/>\n\t\t\t\t<\/a>\n<h3>\n\t\t<a href=\"https:\/\/pixcell.co\/en\/headhunters-for-professional-services-firms\/\" title=\"Professional Services\" target=\"_self\" rel=\"noopener\">\n\t\tProfessional Services\n\t\t<\/a>\n\t<\/h3>\n\t<p>Leading firms in the areas of law, engineering consulting, finance and strategy trust PIXCELL to recruit their top associates and partners.<\/p>\n\t\t\t<a href=\"https:\/\/pixcell.co\/en\/headhunters-for-professional-services-firms\/\" target=\"_self\" rel=\"noopener\">\n\t\t\t\t\t\t\tLearn More\n\t\t\t\t\t<\/a>\n\n","protected":false},"excerpt":{"rendered":"<p>Manufacturing &#038; Engineering Headhunters &#8211; PIXCELL Leaders Recruiting Leaders SEARCHING FOR TALENT? WE CAN HELP Overcome the Challenges of the Executive Search Process in Manufacturing &#038; Engineering Since the transition to Industry 4.0, companies in the manufacturing sector now have to be quick to react and at the leading edge of digital technologies in order to stay competitive. The challenges faced by organizations in manufacturing since the last industrial revolutionRead More<\/p>\n","protected":false},"author":1,"featured_media":0,"parent":0,"menu_order":0,"comment_status":"closed","ping_status":"closed","template":"","meta":{"_acf_changed":false,"footnotes":""},"class_list":["post-859","page","type-page","status-publish","hentry"],"acf":[],"yoast_head":"<!-- This site is optimized with the Yoast SEO plugin v25.8 - https:\/\/yoast.com\/wordpress\/plugins\/seo\/ -->\n<title>Manufacturing &amp; Engineering Headhunters | Executive Search Firm | Pixcell<\/title>\n<meta name=\"description\" content=\"Find the manufacturing &amp; engineering executive your business needs through Pixcell, the top manufacturing &amp; engineering headhunters.\" \/>\n<meta name=\"robots\" content=\"index, follow, max-snippet:-1, max-image-preview:large, max-video-preview:-1\" \/>\n<link rel=\"canonical\" href=\"https:\/\/pixcell.co\/en\/manufacturing-engineering\/\" \/>\n<meta property=\"og:locale\" content=\"en_US\" \/>\n<meta property=\"og:type\" content=\"article\" \/>\n<meta property=\"og:title\" content=\"Manufacturing &amp; Engineering Headhunters | Executive Search Firm | Pixcell\" \/>\n<meta property=\"og:description\" content=\"Find the manufacturing &amp; engineering executive your business needs through Pixcell, the top manufacturing &amp; engineering headhunters.\" \/>\n<meta property=\"og:url\" content=\"https:\/\/pixcell.co\/en\/manufacturing-engineering\/\" \/>\n<meta property=\"og:site_name\" content=\"PIXCELL\" \/>\n<meta property=\"article:modified_time\" content=\"2024-12-03T16:37:24+00:00\" \/>\n<meta property=\"og:image\" content=\"https:\/\/pixcell.co\/wp-content\/uploads\/2021\/01\/arrow-down.png\" \/>\n<meta name=\"twitter:card\" content=\"summary_large_image\" \/>\n<meta name=\"twitter:label1\" content=\"Est. reading time\" \/>\n\t<meta name=\"twitter:data1\" content=\"4 minutes\" \/>\n<!-- \/ Yoast SEO plugin. -->","yoast_head_json":{"title":"Manufacturing & Engineering Headhunters | Executive Search Firm | Pixcell","description":"Find the manufacturing & engineering executive your business needs through Pixcell, the top manufacturing & engineering headhunters.","robots":{"index":"index","follow":"follow","max-snippet":"max-snippet:-1","max-image-preview":"max-image-preview:large","max-video-preview":"max-video-preview:-1"},"canonical":"https:\/\/pixcell.co\/en\/manufacturing-engineering\/","og_locale":"en_US","og_type":"article","og_title":"Manufacturing & Engineering Headhunters | Executive Search Firm | Pixcell","og_description":"Find the manufacturing & engineering executive your business needs through Pixcell, the top manufacturing & engineering headhunters.","og_url":"https:\/\/pixcell.co\/en\/manufacturing-engineering\/","og_site_name":"PIXCELL","article_modified_time":"2024-12-03T16:37:24+00:00","og_image":[{"url":"https:\/\/pixcell.co\/wp-content\/uploads\/2021\/01\/arrow-down.png","type":"","width":"","height":""}],"twitter_card":"summary_large_image","twitter_misc":{"Est. reading time":"4 minutes"},"schema":{"@context":"https:\/\/schema.org","@graph":[{"@type":"WebPage","@id":"https:\/\/pixcell.co\/en\/manufacturing-engineering\/","url":"https:\/\/pixcell.co\/en\/manufacturing-engineering\/","name":"Manufacturing & Engineering Headhunters | Executive Search Firm | Pixcell","isPartOf":{"@id":"https:\/\/pixcell.co\/#website"},"primaryImageOfPage":{"@id":"https:\/\/pixcell.co\/en\/manufacturing-engineering\/#primaryimage"},"image":{"@id":"https:\/\/pixcell.co\/en\/manufacturing-engineering\/#primaryimage"},"thumbnailUrl":"https:\/\/pixcell.co\/wp-content\/uploads\/2021\/01\/arrow-down.png","datePublished":"2020-10-05T22:00:15+00:00","dateModified":"2024-12-03T16:37:24+00:00","description":"Find the manufacturing & engineering executive your business needs through Pixcell, the top manufacturing & engineering headhunters.","breadcrumb":{"@id":"https:\/\/pixcell.co\/en\/manufacturing-engineering\/#breadcrumb"},"inLanguage":"en-US","potentialAction":[{"@type":"ReadAction","target":["https:\/\/pixcell.co\/en\/manufacturing-engineering\/"]}]},{"@type":"ImageObject","inLanguage":"en-US","@id":"https:\/\/pixcell.co\/en\/manufacturing-engineering\/#primaryimage","url":"https:\/\/pixcell.co\/wp-content\/uploads\/2021\/01\/arrow-down.png","contentUrl":"https:\/\/pixcell.co\/wp-content\/uploads\/2021\/01\/arrow-down.png"},{"@type":"BreadcrumbList","@id":"https:\/\/pixcell.co\/en\/manufacturing-engineering\/#breadcrumb","itemListElement":[{"@type":"ListItem","position":1,"name":"Accueil","item":"https:\/\/pixcell.co\/en\/"},{"@type":"ListItem","position":2,"name":"Manufacturing &#038; Engineering Industry"}]},{"@type":"WebSite","@id":"https:\/\/pixcell.co\/#website","url":"https:\/\/pixcell.co\/","name":"PIXCELL","description":"Executive Search Recruiting | Pixcell","publisher":{"@id":"https:\/\/pixcell.co\/#organization"},"alternateName":"PIXCELL - Chasseurs de t\u00eates sp\u00e9cialis\u00e9s en recrutement de cadres","potentialAction":[{"@type":"SearchAction","target":{"@type":"EntryPoint","urlTemplate":"https:\/\/pixcell.co\/?s={search_term_string}"},"query-input":{"@type":"PropertyValueSpecification","valueRequired":true,"valueName":"search_term_string"}}],"inLanguage":"en-US"},{"@type":"Organization","@id":"https:\/\/pixcell.co\/#organization","name":"PIXCELL","url":"https:\/\/pixcell.co\/","logo":{"@type":"ImageObject","inLanguage":"en-US","@id":"https:\/\/pixcell.co\/#\/schema\/logo\/image\/","url":"https:\/\/pixcell.co\/wp-content\/uploads\/2020\/09\/header-logo.png","contentUrl":"https:\/\/pixcell.co\/wp-content\/uploads\/2020\/09\/header-logo.png","width":227,"height":58,"caption":"PIXCELL"},"image":{"@id":"https:\/\/pixcell.co\/#\/schema\/logo\/image\/"}}]}},"_links":{"self":[{"href":"https:\/\/pixcell.co\/en\/wp-json\/wp\/v2\/pages\/859","targetHints":{"allow":["GET"]}}],"collection":[{"href":"https:\/\/pixcell.co\/en\/wp-json\/wp\/v2\/pages"}],"about":[{"href":"https:\/\/pixcell.co\/en\/wp-json\/wp\/v2\/types\/page"}],"author":[{"embeddable":true,"href":"https:\/\/pixcell.co\/en\/wp-json\/wp\/v2\/users\/1"}],"replies":[{"embeddable":true,"href":"https:\/\/pixcell.co\/en\/wp-json\/wp\/v2\/comments?post=859"}],"version-history":[{"count":42,"href":"https:\/\/pixcell.co\/en\/wp-json\/wp\/v2\/pages\/859\/revisions"}],"predecessor-version":[{"id":16043,"href":"https:\/\/pixcell.co\/en\/wp-json\/wp\/v2\/pages\/859\/revisions\/16043"}],"wp:attachment":[{"href":"https:\/\/pixcell.co\/en\/wp-json\/wp\/v2\/media?parent=859"}],"curies":[{"name":"wp","href":"https:\/\/api.w.org\/{rel}","templated":true}]}}