{"id":9380,"date":"2023-11-01T10:05:57","date_gmt":"2023-11-01T14:05:57","guid":{"rendered":"https:\/\/pixcell.co\/pacho-partnership\/"},"modified":"2026-01-16T15:30:36","modified_gmt":"2026-01-16T20:30:36","slug":"pacho-partnership","status":"publish","type":"page","link":"https:\/\/pixcell.co\/en\/pacho-partnership\/","title":{"rendered":"Pacho Partnership"},"content":{"rendered":"\r\n<p><img loading=\"lazy\" decoding=\"async\" title=\"LogoEDP_10ans_Horizontal2_FondBlanc_300dpi\" src=\"https:\/\/pixcell.co\/wp-content\/uploads\/2023\/10\/LogoEDP_10ans_Horizontal2_FondBlanc_300dpi-300x140.png\" alt=\"LogoEDP_10ans_Horizontal2_FondBlanc_300dpi\" width=\"300\" height=\"140\" \/><\/p>\r\n<h2>Pacho Partnership<\/h2>\r\n<p>We are very pleased to announce a new initiative for PIXCELL &#8211; Leaders Recruiting Leaders. After careful consideration and a deep analysis of our core values, we have decided to partner with L&#8217;\u00c9toile de Pacho, an organization dedicated to supporting parents of disabled children. This decision stems from our shared belief that every child matters and that behind every child there are parents, professionals and human beings.<\/p>\r\n<p><a href=\"https:\/\/etoiledepacho.ca\/en\/\">L&#8217;\u00c9toile de Pacho<\/a> has worked for many years to provide comfort, support and resources to parents facing challenges related to their child&#8217;s disability. The organization&#8217;s exemplary actions have touched many lives and helped to make our society more inclusive and compassionate. We share L&#8217;\u00c9toile de Pacho&#8217;s core values: compassion, empathy and commitment to improving the lives of families affected by disability.<\/p>\r\n<p>At PIXCELL &#8211; Leaders Recruiting Leaders, we believe in making a positive difference in our communities and the world around us. By partnering with L&#8217;\u00c9toile de Pacho, we aim to strengthen our commitment to corporate social responsibility and contribute in a meaningful way to a world where every child can thrive, regardless of their circumstances.<\/p>\r\n<p>This partnership will give us the opportunity to undertake joint initiatives that raise awareness of the issues facing disabled children and provide additional support to parents in need. We firmly believe that our efforts to promote diversity, inclusion and respect for the dignity of every individual will be amplified through our work with L&#8217;\u00c9toile de Pacho.<\/p>\r\n<p>Please join us in this new adventure as we work hand in hand with L&#8217;\u00c9toile de Pacho to create a more inclusive, caring and supportive world. Together, we can make a difference and give every child and parent the chance to shine.<\/p>\r\n<p>On our website, you&#8217;ll find a link to L&#8217;\u00c9toile de Pacho&#8217;s website, where you can read more about the cause and how the organization funds its work. We will be in touch in the coming weeks to tell you more about this partnership.<\/p>\r\n<p>Thank you for your continued support and your commitment to our shared values.<\/p>\r\n","protected":false},"excerpt":{"rendered":"<p>Pacho Partnership We are very pleased to announce a new initiative for PIXCELL &#8211; Leaders Recruiting Leaders. After careful consideration and a deep analysis of our core values, we have decided to partner with L&#8217;\u00c9toile de Pacho, an organization dedicated to supporting parents of disabled children. This decision stems from our shared belief that every child matters and that behind every child there are parents, professionals and human beings. L&#8217;\u00c9toileRead More<\/p>\n","protected":false},"author":10,"featured_media":0,"parent":0,"menu_order":0,"comment_status":"closed","ping_status":"closed","template":"","meta":{"_acf_changed":false,"footnotes":""},"class_list":["post-9380","page","type-page","status-publish","hentry"],"acf":[],"yoast_head":"<!-- This site is optimized with the Yoast SEO plugin v25.8 - https:\/\/yoast.com\/wordpress\/plugins\/seo\/ -->\n<title>Pacho Partnership - PIXCELL<\/title>\n<meta name=\"description\" content=\"Discover the Pixcell\u2013Pacho partnership and how it enhances executive search expertise and access to senior leadership talent.\" \/>\n<meta name=\"robots\" content=\"index, follow, max-snippet:-1, max-image-preview:large, max-video-preview:-1\" \/>\n<link rel=\"canonical\" href=\"https:\/\/pixcell.co\/en\/pacho-partnership\/\" \/>\n<meta property=\"og:locale\" content=\"en_US\" \/>\n<meta property=\"og:type\" content=\"article\" \/>\n<meta property=\"og:title\" content=\"Pacho Partnership - PIXCELL\" \/>\n<meta property=\"og:description\" content=\"Discover the Pixcell\u2013Pacho partnership and how it enhances executive search expertise and access to senior leadership talent.\" \/>\n<meta property=\"og:url\" content=\"https:\/\/pixcell.co\/en\/pacho-partnership\/\" \/>\n<meta property=\"og:site_name\" content=\"PIXCELL\" \/>\n<meta property=\"article:modified_time\" content=\"2026-01-16T20:30:36+00:00\" \/>\n<meta property=\"og:image\" content=\"https:\/\/pixcell.co\/wp-content\/uploads\/2023\/10\/LogoEDP_10ans_Horizontal2_FondBlanc_300dpi-300x140.png\" \/>\n<meta name=\"twitter:card\" content=\"summary_large_image\" \/>\n<meta name=\"twitter:label1\" content=\"Est. reading time\" \/>\n\t<meta name=\"twitter:data1\" content=\"2 minutes\" \/>\n<!-- \/ Yoast SEO plugin. -->","yoast_head_json":{"title":"Pacho Partnership - PIXCELL","description":"Discover the Pixcell\u2013Pacho partnership and how it enhances executive search expertise and access to senior leadership talent.","robots":{"index":"index","follow":"follow","max-snippet":"max-snippet:-1","max-image-preview":"max-image-preview:large","max-video-preview":"max-video-preview:-1"},"canonical":"https:\/\/pixcell.co\/en\/pacho-partnership\/","og_locale":"en_US","og_type":"article","og_title":"Pacho Partnership - PIXCELL","og_description":"Discover the Pixcell\u2013Pacho partnership and how it enhances executive search expertise and access to senior leadership talent.","og_url":"https:\/\/pixcell.co\/en\/pacho-partnership\/","og_site_name":"PIXCELL","article_modified_time":"2026-01-16T20:30:36+00:00","og_image":[{"url":"https:\/\/pixcell.co\/wp-content\/uploads\/2023\/10\/LogoEDP_10ans_Horizontal2_FondBlanc_300dpi-300x140.png","type":"","width":"","height":""}],"twitter_card":"summary_large_image","twitter_misc":{"Est. reading time":"2 minutes"},"schema":{"@context":"https:\/\/schema.org","@graph":[{"@type":"WebPage","@id":"https:\/\/pixcell.co\/en\/pacho-partnership\/","url":"https:\/\/pixcell.co\/en\/pacho-partnership\/","name":"Pacho Partnership - PIXCELL","isPartOf":{"@id":"https:\/\/pixcell.co\/#website"},"primaryImageOfPage":{"@id":"https:\/\/pixcell.co\/en\/pacho-partnership\/#primaryimage"},"image":{"@id":"https:\/\/pixcell.co\/en\/pacho-partnership\/#primaryimage"},"thumbnailUrl":"https:\/\/pixcell.co\/wp-content\/uploads\/2023\/10\/LogoEDP_10ans_Horizontal2_FondBlanc_300dpi-300x140.png","datePublished":"2023-11-01T14:05:57+00:00","dateModified":"2026-01-16T20:30:36+00:00","description":"Discover the Pixcell\u2013Pacho partnership and how it enhances executive search expertise and access to senior leadership talent.","breadcrumb":{"@id":"https:\/\/pixcell.co\/en\/pacho-partnership\/#breadcrumb"},"inLanguage":"en-US","potentialAction":[{"@type":"ReadAction","target":["https:\/\/pixcell.co\/en\/pacho-partnership\/"]}]},{"@type":"ImageObject","inLanguage":"en-US","@id":"https:\/\/pixcell.co\/en\/pacho-partnership\/#primaryimage","url":"https:\/\/pixcell.co\/wp-content\/uploads\/2023\/10\/LogoEDP_10ans_Horizontal2_FondBlanc_300dpi-300x140.png","contentUrl":"https:\/\/pixcell.co\/wp-content\/uploads\/2023\/10\/LogoEDP_10ans_Horizontal2_FondBlanc_300dpi-300x140.png"},{"@type":"BreadcrumbList","@id":"https:\/\/pixcell.co\/en\/pacho-partnership\/#breadcrumb","itemListElement":[{"@type":"ListItem","position":1,"name":"Accueil","item":"https:\/\/pixcell.co\/en\/"},{"@type":"ListItem","position":2,"name":"Pacho Partnership"}]},{"@type":"WebSite","@id":"https:\/\/pixcell.co\/#website","url":"https:\/\/pixcell.co\/","name":"PIXCELL","description":"Executive Search Recruiting | Pixcell","publisher":{"@id":"https:\/\/pixcell.co\/#organization"},"alternateName":"PIXCELL - Chasseurs de t\u00eates sp\u00e9cialis\u00e9s en recrutement de cadres","potentialAction":[{"@type":"SearchAction","target":{"@type":"EntryPoint","urlTemplate":"https:\/\/pixcell.co\/?s={search_term_string}"},"query-input":{"@type":"PropertyValueSpecification","valueRequired":true,"valueName":"search_term_string"}}],"inLanguage":"en-US"},{"@type":"Organization","@id":"https:\/\/pixcell.co\/#organization","name":"PIXCELL","url":"https:\/\/pixcell.co\/","logo":{"@type":"ImageObject","inLanguage":"en-US","@id":"https:\/\/pixcell.co\/#\/schema\/logo\/image\/","url":"https:\/\/pixcell.co\/wp-content\/uploads\/2020\/09\/header-logo.png","contentUrl":"https:\/\/pixcell.co\/wp-content\/uploads\/2020\/09\/header-logo.png","width":227,"height":58,"caption":"PIXCELL"},"image":{"@id":"https:\/\/pixcell.co\/#\/schema\/logo\/image\/"}}]}},"_links":{"self":[{"href":"https:\/\/pixcell.co\/en\/wp-json\/wp\/v2\/pages\/9380","targetHints":{"allow":["GET"]}}],"collection":[{"href":"https:\/\/pixcell.co\/en\/wp-json\/wp\/v2\/pages"}],"about":[{"href":"https:\/\/pixcell.co\/en\/wp-json\/wp\/v2\/types\/page"}],"author":[{"embeddable":true,"href":"https:\/\/pixcell.co\/en\/wp-json\/wp\/v2\/users\/10"}],"replies":[{"embeddable":true,"href":"https:\/\/pixcell.co\/en\/wp-json\/wp\/v2\/comments?post=9380"}],"version-history":[{"count":10,"href":"https:\/\/pixcell.co\/en\/wp-json\/wp\/v2\/pages\/9380\/revisions"}],"predecessor-version":[{"id":19033,"href":"https:\/\/pixcell.co\/en\/wp-json\/wp\/v2\/pages\/9380\/revisions\/19033"}],"wp:attachment":[{"href":"https:\/\/pixcell.co\/en\/wp-json\/wp\/v2\/media?parent=9380"}],"curies":[{"name":"wp","href":"https:\/\/api.w.org\/{rel}","templated":true}]}}